{"id":29610,"date":"2021-08-11T18:46:18","date_gmt":"2021-08-11T16:46:18","guid":{"rendered":"http:\/\/skyline-gs.com\/?post_type=product&#038;p=29610"},"modified":"2025-06-08T18:26:09","modified_gmt":"2025-06-08T16:26:09","slug":"jet-ski-ride-in-dubai","status":"publish","type":"product","link":"https:\/\/skyline-gs.com\/cs\/product\/jet-ski-ride-in-dubai\/","title":{"rendered":"J\u00edzda na vodn\u00edm sk\u00fatru"},"content":{"rendered":"<p class=\"font_7\">\u0418\u0441\u0441\u043b\u0435\u0434\u0443\u0439\u0442\u0435 \u0432\u0435\u043b\u0438\u043a\u043e\u043b\u0435\u043f\u043d\u044b\u0435 \u0432\u0438\u0434\u044b \u043d\u0430 \u0414\u0443\u0431\u0430\u0439 \u0441 \u043f\u0440\u0438\u043a\u043b\u044e\u0447\u0435\u043d\u0438\u0435\u043c \u043d\u0430 \u0433\u0438\u0434\u0440\u043e\u0446\u0438\u043a\u043b\u0435. \u041f\u043e\u0437\u043d\u0430\u043a\u043e\u043c\u044c\u0442\u0435\u0441\u044c \u0441 \u0432\u0430\u0448\u0438\u043c \u043e\u043f\u044b\u0442\u043d\u044b\u043c \u0433\u0438\u0434\u043e\u043c \u0438 \u043e\u0437\u043d\u0430\u043a\u043e\u043c\u044c\u0442\u0435\u0441\u044c \u0441 \u0438\u043d\u0441\u0442\u0440\u0443\u043a\u0446\u0438\u044f\u043c\u0438 \u043f\u043e \u0431\u0435\u0437\u043e\u043f\u0430\u0441\u043d\u043e\u0441\u0442\u0438 \u0434\u043b\u044f \u043a\u043e\u043c\u0444\u043e\u0440\u0442\u043d\u043e\u0439 \u043f\u043e\u0435\u0437\u0434\u043a\u0438 \u043d\u0430 \u0433\u0438\u0434\u0440\u043e\u0446\u0438\u043a\u043b\u0435. \u041e\u0442\u043f\u0440\u0430\u0432\u0438\u0432\u0448\u0438\u0441\u044c \u0432 \u043f\u0443\u0442\u044c, \u0438\u0441\u0441\u043b\u0435\u0434\u0443\u0439\u0442\u0435 \u043d\u0435\u0431\u043e\u0441\u043a\u0440\u0435\u0431\u044b \u0432 \u0440\u0430\u0439\u043e\u043d\u0435 \u0414\u0443\u0431\u0430\u0439-\u041c\u0430\u0440\u0438\u043d\u0430, \u0431\u044b\u0441\u0442\u0440\u043e \u043f\u0440\u043e\u0445\u043e\u0434\u044f \u0447\u0435\u0440\u0435\u0437 \u0441\u043c\u043e\u0442\u0440\u043e\u0432\u044b\u0435 \u043f\u043b\u043e\u0449\u0430\u0434\u043a\u0438 \u0411\u0443\u0440\u0434\u0436-\u0430\u043b\u044c-\u0410\u0440\u0430\u0431 \u0438 \u0441\u0443\u043f\u0435\u0440-\u0440\u0430\u0437\u043c\u0435\u0440\u043d\u044b\u0435 \u044f\u0445\u0442\u044b \u043e\u0441\u0442\u0440\u043e\u0432\u0430 \u041f\u0430\u043b\u044c\u043c\u0430 \u0414\u0436\u0443\u043c\u0435\u0439\u0440\u0430. \u0412\u0437\u0433\u043b\u044f\u043d\u0438\u0442\u0435 \u043d\u0430 \u0437\u043d\u0430\u043c\u0435\u043d\u0438\u0442\u044b\u0439 \u043d\u0435\u0431\u043e\u0441\u043a\u0440\u0435\u0431 \u0411\u0443\u0440\u0434\u0436-\u0425\u0430\u043b\u0438\u0444\u0430 \u0438 \u0446\u0435\u043d\u0442\u0440 \u0414\u0443\u0431\u0430\u044f, \u0438 \u0432\u044b \u0431\u0443\u0434\u0435\u0442\u0435 \u043e\u0447\u0430\u0440\u043e\u0432\u0430\u043d\u044b \u043e\u0441\u0442\u0440\u043e\u0432\u043e\u043c \u0428\u0435\u0439\u0445\u0430 \u0438 \u0447\u0430\u0441\u0442\u043d\u043e\u0439 \u044f\u0445\u0442\u043e\u0439. \u0417\u0430\u0442\u0435\u043c \u0432\u044b \u043e\u0441\u0442\u0430\u043d\u043e\u0432\u0438\u0442\u0435\u0441\u044c \u043d\u0430 \u043f\u043b\u044f\u0436\u0435 \u041f\u0430\u043b\u044c\u043c\u044b \u0414\u0436\u0443\u043c\u0435\u0439\u0440\u0430 \u0438 \u043d\u0430\u0441\u043b\u0430\u0434\u0438\u0442\u0435\u0441\u044c \u0444\u043e\u0442\u043e-\u043e\u0441\u0442\u0430\u043d\u043e\u0432\u043a\u043e\u0439 \u043d\u0430 \u0444\u043e\u043d\u0435 \u0440\u0430\u0437\u043b\u0438\u0447\u043d\u044b\u0445 \u043d\u0435\u0431\u043e\u0441\u043a\u0440\u0435\u0431\u043e\u0432 \u0414\u0443\u0431\u0430\u0439 \u041c\u0430\u0440\u0438\u043d\u044b. \u0422\u0430\u043a\u0436\u0435 \u043e\u0437\u043d\u0430\u043a\u043e\u043c\u044c\u0442\u0435\u0441\u044c \u0441 \u0434\u043e\u0441\u0442\u043e\u043f\u0440\u0438\u043c\u0435\u0447\u0430\u0442\u0435\u043b\u044c\u043d\u043e\u0441\u0442\u044f\u043c\u0438, \u0432\u043a\u043b\u044e\u0447\u0430\u044f Westin Hotel, \u041f\u043b\u044f\u0436 \u0411\u0430\u0440\u0430\u0441\u0442\u0438 \u0438 \u043a\u0443\u0440\u043e\u0440\u0442 \u0414\u0436\u0443\u043c\u0435\u0439\u0440\u0430 \u0411\u0438\u0447.<\/p>\n<p><strong>V\u010detn\u011b:<\/strong><\/p>\n<ul>\n<li>Slu\u017eby profesion\u00e1ln\u00edho instruktora<\/li>\n<li>\u041a\u0430\u0442\u0430\u043d\u0438\u0435 \u0433\u0438\u0434\u0440\u043e\u0446\u0438\u043a\u043b\u0435<\/li>\n<li>Z\u00e1chrann\u00e9 vesty<\/li>\n<li>\u0428\u043a\u0430\u0444\u0447\u0438\u043a \u0434\u043b\u044f \u0445\u0440\u0430\u043d\u0435\u043d\u0438\u044f \u0432\u0435\u0449\u0435\u0439<\/li>\n<\/ul>\n<p><strong>Nen\u00ed sou\u010d\u00e1st\u00ed dod\u00e1vky:<\/strong><\/p>\n<ul>\n<li>Transfery z hotelu a do hotelu<\/li>\n<\/ul>\n<p><strong>Vezm\u011bte si ji s sebou:<\/strong><\/p>\n<ul>\n<li>Fotoapar\u00e1t<\/li>\n<li>Pokr\u00fdvka hlavy<\/li>\n<li>Opalovac\u00ed kr\u00e9m<\/li>\n<\/ul>\n<p><strong>Podm\u00ednky rezervace:<\/strong><\/p>\n<ul>\n<li><strong>\u00dapln\u00e1 platba<\/strong>. M\u016f\u017eeme p\u0159ijmout platbu p\u0159evodem karty\u00a0<strong>v dolarech, eurech, rublech, h\u0159ivn\u00e1ch. Stejn\u011b jako v USDT do kryptopen\u011b\u017eenky<\/strong>.<\/li>\n<li>Rezervace je potvrzena ihned po zaplacen\u00ed - za\u0161leme v\u00e1m ve\u0161ker\u00e9 pokyny.<\/li>\n<li>Vstupenky jsou nevratn\u00e9 a nevym\u011bniteln\u00e9.<\/li>\n<\/ul>","protected":false},"excerpt":{"rendered":"<p><strong>Doba prohl\u00eddky:<\/strong> 60 \u043c\u0438\u043d\u0443\u0442<\/p>\n<p><strong>Dny zadr\u017een\u00ed:<\/strong> Ka\u017ed\u00fd den.<\/p>","protected":false},"featured_media":29773,"template":"","meta":{"_kad_post_transparent":"default","_kad_post_title":"","_kad_post_layout":"default","_kad_post_sidebar_id":"","_kad_post_content_style":"default","_kad_post_vertical_padding":"default","_kad_post_feature":"","_kad_post_feature_position":"","_kad_post_header":false,"_kad_post_footer":false,"_kad_post_classname":"","_glsr_average":0,"_glsr_ranking":0,"_glsr_reviews":0},"product_brand":[],"product_cat":[438],"product_tag":[],"class_list":{"0":"post-29610","1":"product","2":"type-product","3":"status-publish","4":"has-post-thumbnail","6":"product_cat-dubai","7":"tm-has-options","9":"first","10":"instock","11":"sold-individually","12":"taxable","13":"shipping-taxable","14":"purchasable","15":"product-type-simple","16":"entry","17":"content-bg","18":"loop-entry"},"yoast_head":"<!-- This site is optimized with the Yoast SEO plugin v27.3 - https:\/\/yoast.com\/product\/yoast-seo-wordpress\/ -->\n<title>\u041f\u043e\u0435\u0437\u0434\u043a\u0430 \u043d\u0430 \u0433\u0438\u0434\u0440\u043e\u0446\u0438\u043a\u043b\u0435 &#8226; \u042d\u043a\u0441\u043a\u0443\u0440\u0441\u0438\u0438 Skyline<\/title>\n<meta name=\"robots\" content=\"index, follow, max-snippet:-1, max-image-preview:large, max-video-preview:-1\" \/>\n<link rel=\"canonical\" href=\"https:\/\/skyline-gs.com\/cs\/produkt\/jet-ski-ride-in-dubai\/\" \/>\n<meta property=\"og:locale\" content=\"cs_CZ\" \/>\n<meta property=\"og:type\" content=\"article\" \/>\n<meta property=\"og:title\" content=\"\u041f\u043e\u0435\u0437\u0434\u043a\u0430 \u043d\u0430 \u0433\u0438\u0434\u0440\u043e\u0446\u0438\u043a\u043b\u0435 &#8226; \u042d\u043a\u0441\u043a\u0443\u0440\u0441\u0438\u0438 Skyline\" \/>\n<meta property=\"og:description\" content=\"\u0412\u0440\u0435\u043c\u044f \u0442\u0443\u0440\u0430: 60 \u043c\u0438\u043d\u0443\u0442  \u0414\u043d\u0438 \u043f\u0440\u043e\u0432\u0435\u0434\u0435\u043d\u0438\u044f: \u041a\u0430\u0436\u0434\u044b\u0439 \u0434\u0435\u043d\u044c\" \/>\n<meta property=\"og:url\" content=\"https:\/\/skyline-gs.com\/cs\/produkt\/jet-ski-ride-in-dubai\/\" \/>\n<meta property=\"og:site_name\" content=\"\u042d\u043a\u0441\u043a\u0443\u0440\u0441\u0438\u0438 Skyline\" \/>\n<meta property=\"article:modified_time\" content=\"2025-06-08T16:26:09+00:00\" \/>\n<meta property=\"og:image\" content=\"https:\/\/skyline-gs.com\/wp-content\/uploads\/2021\/08\/69.jpg\" \/>\n\t<meta property=\"og:image:width\" content=\"668\" \/>\n\t<meta property=\"og:image:height\" content=\"446\" \/>\n\t<meta property=\"og:image:type\" content=\"image\/jpeg\" \/>\n<meta name=\"twitter:card\" content=\"summary_large_image\" \/>\n<meta name=\"twitter:label1\" content=\"Odhadovan\u00e1 doba \u010dten\u00ed\" \/>\n\t<meta name=\"twitter:data1\" content=\"2 minuty\" \/>\n<script type=\"application\/ld+json\" class=\"yoast-schema-graph\">{\"@context\":\"https:\\\/\\\/schema.org\",\"@graph\":[{\"@type\":\"WebPage\",\"@id\":\"https:\\\/\\\/skyline-gs.com\\\/product\\\/jet-ski-ride-in-dubai\\\/\",\"url\":\"https:\\\/\\\/skyline-gs.com\\\/product\\\/jet-ski-ride-in-dubai\\\/\",\"name\":\"\u041f\u043e\u0435\u0437\u0434\u043a\u0430 \u043d\u0430 \u0433\u0438\u0434\u0440\u043e\u0446\u0438\u043a\u043b\u0435 &#8226; \u042d\u043a\u0441\u043a\u0443\u0440\u0441\u0438\u0438 Skyline\",\"isPartOf\":{\"@id\":\"https:\\\/\\\/skyline-gs.com\\\/it\\\/#website\"},\"primaryImageOfPage\":{\"@id\":\"https:\\\/\\\/skyline-gs.com\\\/product\\\/jet-ski-ride-in-dubai\\\/#primaryimage\"},\"image\":{\"@id\":\"https:\\\/\\\/skyline-gs.com\\\/product\\\/jet-ski-ride-in-dubai\\\/#primaryimage\"},\"thumbnailUrl\":\"https:\\\/\\\/skyline-gs.com\\\/wp-content\\\/uploads\\\/2021\\\/08\\\/69.jpg\",\"datePublished\":\"2021-08-11T16:46:18+00:00\",\"dateModified\":\"2025-06-08T16:26:09+00:00\",\"breadcrumb\":{\"@id\":\"https:\\\/\\\/skyline-gs.com\\\/product\\\/jet-ski-ride-in-dubai\\\/#breadcrumb\"},\"inLanguage\":\"cs\",\"potentialAction\":[{\"@type\":\"ReadAction\",\"target\":[\"https:\\\/\\\/skyline-gs.com\\\/product\\\/jet-ski-ride-in-dubai\\\/\"]}]},{\"@type\":\"ImageObject\",\"inLanguage\":\"cs\",\"@id\":\"https:\\\/\\\/skyline-gs.com\\\/product\\\/jet-ski-ride-in-dubai\\\/#primaryimage\",\"url\":\"https:\\\/\\\/skyline-gs.com\\\/wp-content\\\/uploads\\\/2021\\\/08\\\/69.jpg\",\"contentUrl\":\"https:\\\/\\\/skyline-gs.com\\\/wp-content\\\/uploads\\\/2021\\\/08\\\/69.jpg\",\"width\":668,\"height\":446},{\"@type\":\"BreadcrumbList\",\"@id\":\"https:\\\/\\\/skyline-gs.com\\\/product\\\/jet-ski-ride-in-dubai\\\/#breadcrumb\",\"itemListElement\":[{\"@type\":\"ListItem\",\"position\":1,\"name\":\"\u0413\u043b\u0430\u0432\u043d\u0430\u044f \u0441\u0442\u0440\u0430\u043d\u0438\u0446\u0430\",\"item\":\"https:\\\/\\\/skyline-gs.com\\\/hu\\\/\"},{\"@type\":\"ListItem\",\"position\":2,\"name\":\"\u041c\u0430\u0433\u0430\u0437\u0438\u043d\",\"item\":\"https:\\\/\\\/skyline-gs.com\\\/cs\\\/shop\\\/\"},{\"@type\":\"ListItem\",\"position\":3,\"name\":\"\u041f\u043e\u0435\u0437\u0434\u043a\u0430 \u043d\u0430 \u0433\u0438\u0434\u0440\u043e\u0446\u0438\u043a\u043b\u0435\"}]},{\"@type\":\"WebSite\",\"@id\":\"https:\\\/\\\/skyline-gs.com\\\/it\\\/#website\",\"url\":\"https:\\\/\\\/skyline-gs.com\\\/it\\\/\",\"name\":\"\u042d\u043a\u0441\u043a\u0443\u0440\u0441\u0438\u0438 Skyline\",\"description\":\"\u042d\u043a\u0441\u043a\u043b\u044e\u0437\u0438\u0432\u043d\u044b\u0435 \u044d\u043a\u0441\u043a\u0443\u0440\u0441\u0438\u0438 \u043d\u0430 \u043b\u0443\u0447\u0448\u0438\u0445 \u043a\u0443\u0440\u043e\u0440\u0442\u0430\u0445 \u043c\u0438\u0440\u0430\",\"publisher\":{\"@id\":\"https:\\\/\\\/skyline-gs.com\\\/it\\\/#organization\"},\"alternateName\":\"Skyline\",\"potentialAction\":[{\"@type\":\"SearchAction\",\"target\":{\"@type\":\"EntryPoint\",\"urlTemplate\":\"https:\\\/\\\/skyline-gs.com\\\/it\\\/?s={search_term_string}\"},\"query-input\":{\"@type\":\"PropertyValueSpecification\",\"valueRequired\":true,\"valueName\":\"search_term_string\"}}],\"inLanguage\":\"cs\"},{\"@type\":\"Organization\",\"@id\":\"https:\\\/\\\/skyline-gs.com\\\/it\\\/#organization\",\"name\":\"\u042d\u043a\u0441\u043a\u0443\u0440\u0441\u0438\u0438 Skyline\",\"alternateName\":\"\u042d\u043a\u0441\u043a\u0443\u0440\u0441\u0438\u0438 Skyline\",\"url\":\"https:\\\/\\\/skyline-gs.com\\\/it\\\/\",\"logo\":{\"@type\":\"ImageObject\",\"inLanguage\":\"cs\",\"@id\":\"https:\\\/\\\/skyline-gs.com\\\/it\\\/#\\\/schema\\\/logo\\\/image\\\/\",\"url\":\"https:\\\/\\\/skyline-gs.com\\\/wp-content\\\/uploads\\\/2020\\\/12\\\/cropped-logo-2.png\",\"contentUrl\":\"https:\\\/\\\/skyline-gs.com\\\/wp-content\\\/uploads\\\/2020\\\/12\\\/cropped-logo-2.png\",\"width\":512,\"height\":512,\"caption\":\"\u042d\u043a\u0441\u043a\u0443\u0440\u0441\u0438\u0438 Skyline\"},\"image\":{\"@id\":\"https:\\\/\\\/skyline-gs.com\\\/it\\\/#\\\/schema\\\/logo\\\/image\\\/\"},\"sameAs\":[\"https:\\\/\\\/www.instagram.com\\\/skylineglobalservice\\\/\"]}]}<\/script>\n<!-- \/ Yoast SEO plugin. -->","yoast_head_json":{"title":"\u041f\u043e\u0435\u0437\u0434\u043a\u0430 \u043d\u0430 \u0433\u0438\u0434\u0440\u043e\u0446\u0438\u043a\u043b\u0435 &#8226; \u042d\u043a\u0441\u043a\u0443\u0440\u0441\u0438\u0438 Skyline","robots":{"index":"index","follow":"follow","max-snippet":"max-snippet:-1","max-image-preview":"max-image-preview:large","max-video-preview":"max-video-preview:-1"},"canonical":"https:\/\/skyline-gs.com\/cs\/produkt\/jet-ski-ride-in-dubai\/","og_locale":"cs_CZ","og_type":"article","og_title":"\u041f\u043e\u0435\u0437\u0434\u043a\u0430 \u043d\u0430 \u0433\u0438\u0434\u0440\u043e\u0446\u0438\u043a\u043b\u0435 &#8226; \u042d\u043a\u0441\u043a\u0443\u0440\u0441\u0438\u0438 Skyline","og_description":"\u0412\u0440\u0435\u043c\u044f \u0442\u0443\u0440\u0430: 60 \u043c\u0438\u043d\u0443\u0442  \u0414\u043d\u0438 \u043f\u0440\u043e\u0432\u0435\u0434\u0435\u043d\u0438\u044f: \u041a\u0430\u0436\u0434\u044b\u0439 \u0434\u0435\u043d\u044c","og_url":"https:\/\/skyline-gs.com\/cs\/produkt\/jet-ski-ride-in-dubai\/","og_site_name":"\u042d\u043a\u0441\u043a\u0443\u0440\u0441\u0438\u0438 Skyline","article_modified_time":"2025-06-08T16:26:09+00:00","og_image":[{"width":668,"height":446,"url":"https:\/\/skyline-gs.com\/wp-content\/uploads\/2021\/08\/69.jpg","type":"image\/jpeg"}],"twitter_card":"summary_large_image","twitter_misc":{"Odhadovan\u00e1 doba \u010dten\u00ed":"2 minuty"},"schema":{"@context":"https:\/\/schema.org","@graph":[{"@type":"WebPage","@id":"https:\/\/skyline-gs.com\/product\/jet-ski-ride-in-dubai\/","url":"https:\/\/skyline-gs.com\/product\/jet-ski-ride-in-dubai\/","name":"\u041f\u043e\u0435\u0437\u0434\u043a\u0430 \u043d\u0430 \u0433\u0438\u0434\u0440\u043e\u0446\u0438\u043a\u043b\u0435 &#8226; \u042d\u043a\u0441\u043a\u0443\u0440\u0441\u0438\u0438 Skyline","isPartOf":{"@id":"https:\/\/skyline-gs.com\/it\/#website"},"primaryImageOfPage":{"@id":"https:\/\/skyline-gs.com\/product\/jet-ski-ride-in-dubai\/#primaryimage"},"image":{"@id":"https:\/\/skyline-gs.com\/product\/jet-ski-ride-in-dubai\/#primaryimage"},"thumbnailUrl":"https:\/\/skyline-gs.com\/wp-content\/uploads\/2021\/08\/69.jpg","datePublished":"2021-08-11T16:46:18+00:00","dateModified":"2025-06-08T16:26:09+00:00","breadcrumb":{"@id":"https:\/\/skyline-gs.com\/product\/jet-ski-ride-in-dubai\/#breadcrumb"},"inLanguage":"cs","potentialAction":[{"@type":"ReadAction","target":["https:\/\/skyline-gs.com\/product\/jet-ski-ride-in-dubai\/"]}]},{"@type":"ImageObject","inLanguage":"cs","@id":"https:\/\/skyline-gs.com\/product\/jet-ski-ride-in-dubai\/#primaryimage","url":"https:\/\/skyline-gs.com\/wp-content\/uploads\/2021\/08\/69.jpg","contentUrl":"https:\/\/skyline-gs.com\/wp-content\/uploads\/2021\/08\/69.jpg","width":668,"height":446},{"@type":"BreadcrumbList","@id":"https:\/\/skyline-gs.com\/product\/jet-ski-ride-in-dubai\/#breadcrumb","itemListElement":[{"@type":"ListItem","position":1,"name":"\u0413\u043b\u0430\u0432\u043d\u0430\u044f \u0441\u0442\u0440\u0430\u043d\u0438\u0446\u0430","item":"https:\/\/skyline-gs.com\/hu\/"},{"@type":"ListItem","position":2,"name":"\u041c\u0430\u0433\u0430\u0437\u0438\u043d","item":"https:\/\/skyline-gs.com\/cs\/shop\/"},{"@type":"ListItem","position":3,"name":"\u041f\u043e\u0435\u0437\u0434\u043a\u0430 \u043d\u0430 \u0433\u0438\u0434\u0440\u043e\u0446\u0438\u043a\u043b\u0435"}]},{"@type":"WebSite","@id":"https:\/\/skyline-gs.com\/it\/#website","url":"https:\/\/skyline-gs.com\/it\/","name":"Skyline V\u00fdlety","description":"Exkluzivn\u00ed v\u00fdlety do nejlep\u0161\u00edch sv\u011btov\u00fdch letovisek","publisher":{"@id":"https:\/\/skyline-gs.com\/it\/#organization"},"alternateName":"Skyline","potentialAction":[{"@type":"SearchAction","target":{"@type":"EntryPoint","urlTemplate":"https:\/\/skyline-gs.com\/it\/?s={search_term_string}"},"query-input":{"@type":"PropertyValueSpecification","valueRequired":true,"valueName":"search_term_string"}}],"inLanguage":"cs"},{"@type":"Organization","@id":"https:\/\/skyline-gs.com\/it\/#organization","name":"Skyline V\u00fdlety","alternateName":"\u042d\u043a\u0441\u043a\u0443\u0440\u0441\u0438\u0438 Skyline","url":"https:\/\/skyline-gs.com\/it\/","logo":{"@type":"ImageObject","inLanguage":"cs","@id":"https:\/\/skyline-gs.com\/it\/#\/schema\/logo\/image\/","url":"https:\/\/skyline-gs.com\/wp-content\/uploads\/2020\/12\/cropped-logo-2.png","contentUrl":"https:\/\/skyline-gs.com\/wp-content\/uploads\/2020\/12\/cropped-logo-2.png","width":512,"height":512,"caption":"\u042d\u043a\u0441\u043a\u0443\u0440\u0441\u0438\u0438 Skyline"},"image":{"@id":"https:\/\/skyline-gs.com\/it\/#\/schema\/logo\/image\/"},"sameAs":["https:\/\/www.instagram.com\/skylineglobalservice\/"]}]}},"_links":{"self":[{"href":"https:\/\/skyline-gs.com\/cs\/wp-json\/wp\/v2\/product\/29610","targetHints":{"allow":["GET"]}}],"collection":[{"href":"https:\/\/skyline-gs.com\/cs\/wp-json\/wp\/v2\/product"}],"about":[{"href":"https:\/\/skyline-gs.com\/cs\/wp-json\/wp\/v2\/types\/product"}],"version-history":[{"count":0,"href":"https:\/\/skyline-gs.com\/cs\/wp-json\/wp\/v2\/product\/29610\/revisions"}],"wp:featuredmedia":[{"embeddable":true,"href":"https:\/\/skyline-gs.com\/cs\/wp-json\/wp\/v2\/media\/29773"}],"wp:attachment":[{"href":"https:\/\/skyline-gs.com\/cs\/wp-json\/wp\/v2\/media?parent=29610"}],"wp:term":[{"taxonomy":"product_brand","embeddable":true,"href":"https:\/\/skyline-gs.com\/cs\/wp-json\/wp\/v2\/product_brand?post=29610"},{"taxonomy":"product_cat","embeddable":true,"href":"https:\/\/skyline-gs.com\/cs\/wp-json\/wp\/v2\/product_cat?post=29610"},{"taxonomy":"product_tag","embeddable":true,"href":"https:\/\/skyline-gs.com\/cs\/wp-json\/wp\/v2\/product_tag?post=29610"}],"curies":[{"name":"wp","href":"https:\/\/api.w.org\/{rel}","templated":true}]}}