{"id":29550,"date":"2021-08-11T17:02:24","date_gmt":"2021-08-11T15:02:24","guid":{"rendered":"http:\/\/skyline-gs.com\/?post_type=product&#038;p=29550"},"modified":"2026-02-24T23:08:04","modified_gmt":"2026-02-24T21:08:04","slug":"prohlidka-mesta-dubaj","status":"publish","type":"product","link":"https:\/\/skyline-gs.com\/cs\/product\/city-tour-dubai\/","title":{"rendered":"Prohl\u00eddka Dubaje"},"content":{"rendered":"<p data-start=\"39\" data-end=\"271\">Dubaj je m\u011bstem budoucnosti, zt\u011blesn\u011bn\u00edm luxusu, technologi\u00ed a v\u00fdchodn\u00edch tradic. Okouzluje sv\u00fdmi mrakodrapy, um\u011bl\u00fdmi ostrovy a nekone\u010dn\u00fdmi vyhl\u00eddkami, ale z\u00e1rove\u0148 si pe\u010dliv\u011b uchov\u00e1v\u00e1 svou historii. Tato exkurze v\u00e1m umo\u017en\u00ed pono\u0159it se do atmosf\u00e9ry metropole, prohl\u00e9dnout si jej\u00ed hlavn\u00ed symboly a pam\u00e1tky, proj\u00edt se \u00fazk\u00fdmi uli\u010dkami star\u00e9ho m\u011bsta a pokochat se mistrovsk\u00fdmi d\u00edly architektury 21. stolet\u00ed.<\/p>\n<p data-start=\"273\" data-end=\"492\"><strong>14:00 - Odjezd z hotelu<\/strong>.<\/p>\n<ul>\n<li data-start=\"525\" data-end=\"691\"><strong data-start=\"525\" data-end=\"555\">Star\u00e1 Dubaj a jej\u00ed historie. <\/strong>Cesta za\u010d\u00edn\u00e1 v <strong data-start=\"583\" data-end=\"616\">historick\u00e1 \u010dtvr\u0165 Bur Dubaj<\/strong>, kde mezi tradi\u010dn\u00edmi arabsk\u00fdmi stavbami a trhy <strong data-start=\"666\" data-end=\"688\">duch minulosti \u017eije d\u00e1l<\/strong>.<\/li>\n<li data-start=\"525\" data-end=\"691\"><strong data-start=\"834\" data-end=\"888\">Plavba lod\u00ed Abra po malebn\u00e9m kan\u00e1lu Creek<\/strong> - tradi\u010dn\u00ed arabsk\u00e9 plavidlo, kter\u00e9 kdysi pou\u017e\u00edvali ryb\u00e1\u0159i lov\u00edc\u00ed perly a dnes slou\u017e\u00ed jako vodn\u00ed taxi.<\/li>\n<li data-start=\"525\" data-end=\"691\"><strong data-start=\"1005\" data-end=\"1040\"><strong data-start=\"1005\" data-end=\"1040\">\u010ctvr\u0165 Jumeirah je srdcem luxusu.<\/strong><\/strong><\/li>\n<li data-start=\"525\" data-end=\"691\"><strong data-start=\"1045\" data-end=\"1061\">Burj Al Arab<\/strong> - Legend\u00e1rn\u00ed hotel Sail, symbol elegance a bohatstv\u00ed (foto zast\u00e1vka).<\/li>\n<li data-start=\"525\" data-end=\"691\"><strong data-start=\"1137\" data-end=\"1159\">Vodn\u00ed park Wild Wadi<\/strong> (fotostop) je jedn\u00edm z nejzn\u00e1m\u011bj\u0161\u00edch vodn\u00edch park\u016f na sv\u011bt\u011b.<\/li>\n<li data-start=\"525\" data-end=\"691\"><strong data-start=\"1218\" data-end=\"1238\">Madinat Jumeirah<\/strong> - Malebn\u00fd komplex s vodn\u00edmi kan\u00e1ly, arabskou architekturou a pestr\u00fdmi trhy. Toto m\u00edsto se naz\u00fdv\u00e1 <strong data-start=\"1345\" data-end=\"1369\">\u00abDubajsk\u00e9 Ben\u00e1tky.\u00bb<\/strong>, a toto je to spr\u00e1vn\u00e9 m\u00edsto. <strong data-start=\"1393\" data-end=\"1420\">skv\u011bl\u00e9 fotografie<\/strong>.<\/li>\n<li data-start=\"525\" data-end=\"691\"><strong data-start=\"1425\" data-end=\"1454\">Palmov\u00fd ostrov Jumeirah. <\/strong>Luxusn\u00ed um\u011bl\u00fd ostrov ve tvaru palmy - <strong data-start=\"1503\" data-end=\"1533\">jedine\u010dn\u00fd in\u017een\u00fdrsk\u00fd z\u00e1zrak<\/strong>.<\/li>\n<li data-start=\"525\" data-end=\"691\"><strong data-start=\"1539\" data-end=\"1566\">Hotel Atlantis The Palm<\/strong> - architektonick\u00fd klenot ostrova, kter\u00fd nab\u00edz\u00ed <strong data-start=\"1621\" data-end=\"1663\">\u00fachvatn\u00fd v\u00fdhled na Persk\u00fd z\u00e1liv<\/strong> (fotostop).<\/li>\n<li data-start=\"525\" data-end=\"691\"><strong data-start=\"1679\" data-end=\"1717\">Dubaj Marina je \u010dtvr\u0165 mrakodrap\u016f. <\/strong>Jste zde v\u00edt\u00e1ni <strong data-start=\"1735\" data-end=\"1766\">z\u00e1vratn\u00e1 panoramata<\/strong>, odraz ve vod\u011b <strong data-start=\"1788\" data-end=\"1826\">futuristick\u00e9 v\u00fd\u0161kov\u00e9 budovy<\/strong> a pocit absolutn\u00edho luxusu.<\/li>\n<li data-start=\"525\" data-end=\"691\"><strong style=\"font-family: var(--global-body-font-family);\" data-start=\"1861\" data-end=\"1904\">Sheikh Zayed Road je hlavn\u00ed dubajsk\u00e1 ulice. <\/strong>P\u0159i cestov\u00e1n\u00ed <strong style=\"font-family: var(--global-body-font-family);\" data-start=\"1927\" data-end=\"1958\">nejzn\u00e1m\u011bj\u0161\u00ed d\u00e1lnice<\/strong><span style=\"font-family: var(--global-body-font-family);\"> Spojen\u00e9 arabsk\u00e9 emir\u00e1ty budou p\u0159ed v\u00e1mi <\/span><strong style=\"font-family: var(--global-body-font-family);\" data-start=\"1985\" data-end=\"2011\">ikonick\u00e9 mrakodrapy<\/strong><span style=\"font-family: var(--global-body-font-family);\"><span style=\"font-family: var(--global-body-font-family);\">:<\/span><\/span><\/li>\n<li data-start=\"525\" data-end=\"691\"><strong data-start=\"2017\" data-end=\"2051\">Emirates Towers Twin Towers<\/strong><\/li>\n<li data-start=\"525\" data-end=\"691\"><strong data-start=\"2056\" data-end=\"2080\">Hotel Rose Tower<\/strong><\/li>\n<li data-start=\"525\" data-end=\"691\"><strong data-start=\"2085\" data-end=\"2114\">Dusit Thani Thai Hotel<\/strong><\/li>\n<li data-start=\"525\" data-end=\"691\"><strong data-start=\"2119\" data-end=\"2151\">Bezkonkuren\u010dn\u00ed Burd\u017e Chal\u00edfa.<\/strong> \u2013 <strong data-start=\"2154\" data-end=\"2185\">nejvy\u0161\u0161\u00ed budova na sv\u011bt\u011b<\/strong>, a je \u00fachvatn\u011b velkolep\u00e1.<\/li>\n<li data-start=\"525\" data-end=\"691\"><strong data-start=\"2223\" data-end=\"2259\">Show se zp\u00edvaj\u00edc\u00ed font\u00e1nou a n\u00e1kupn\u00ed centrum Dubai Mall. <\/strong>Fin\u00e1le turn\u00e9 bude <strong data-start=\"2287\" data-end=\"2338\">hudebn\u00ed font\u00e1nov\u00e1 show na \u00fapat\u00ed Burd\u017e Chal\u00edfy<\/strong> \u2013 <strong data-start=\"2341\" data-end=\"2391\">nejv\u011bt\u0161\u00ed choreografick\u00e9 font\u00e1ny na sv\u011bt\u011b.<\/strong>. Zde se tak\u00e9 <strong data-start=\"2414\" data-end=\"2449\">Ob\u0159\u00ed akv\u00e1rium v n\u00e1kupn\u00edm centru Dubai Mall<\/strong>, kde m\u016f\u017eete vid\u011bt stovky mo\u0159sk\u00fdch \u017eivo\u010dich\u016f.<\/li>\n<\/ul>\n<p data-start=\"2495\" data-end=\"2523\"><strong>21:00 - N\u00e1vrat do hotelu.<\/strong><\/p>\n<p><strong>V\u010detn\u011b:<\/strong><\/p>\n<ul>\n<li>transfery do hotelu a zp\u011bt (z Dubaje, \u0160ard\u017e\u00e1 a Ad\u017em\u00e1nu)<\/li>\n<li>V\u0161echny transfery v r\u00e1mci programu klimatizovan\u00fdm autobusem.<\/li>\n<li>rusky mluv\u00edc\u00ed pr\u016fvodce<\/li>\n<li>Vstupenky<\/li>\n<\/ul>\n<p><strong>Co si vz\u00edt s sebou?<\/strong><\/p>\n<ul>\n<li>Fotoapar\u00e1t<\/li>\n<li>Pokr\u00fdvka hlavy<\/li>\n<li>Voda<\/li>\n<li>Pen\u00edze na osobn\u00ed v\u00fddaje, suven\u00fdry a n\u00e1kupy<\/li>\n<\/ul>","protected":false},"excerpt":{"rendered":"<p><strong>Doba prohl\u00eddky:<\/strong> 14:00 - 21:00<\/p>\n<p><strong>Dny zadr\u017een\u00ed:<\/strong> Pond\u011bl\u00ed, st\u0159eda a sobota<\/p>","protected":false},"featured_media":29563,"template":"","meta":{"_kad_post_transparent":"default","_kad_post_title":"","_kad_post_layout":"default","_kad_post_sidebar_id":"","_kad_post_content_style":"default","_kad_post_vertical_padding":"default","_kad_post_feature":"","_kad_post_feature_position":"","_kad_post_header":false,"_kad_post_footer":false,"_kad_post_classname":"","_glsr_average":0,"_glsr_ranking":0,"_glsr_reviews":0},"product_brand":[],"product_cat":[438],"product_tag":[],"class_list":{"0":"post-29550","1":"product","2":"type-product","3":"status-publish","4":"has-post-thumbnail","6":"product_cat-dubai","7":"tm-has-options","9":"first","10":"instock","11":"sold-individually","12":"taxable","13":"shipping-taxable","14":"purchasable","15":"product-type-simple","16":"entry","17":"content-bg","18":"loop-entry"},"yoast_head":"<!-- This site is optimized with the Yoast SEO plugin v27.4 - https:\/\/yoast.com\/product\/yoast-seo-wordpress\/ -->\n<title>\u041e\u0431\u0437\u043e\u0440\u043d\u0430\u044f \u043f\u043e \u0414\u0443\u0431\u0430\u044e &#8226; \u042d\u043a\u0441\u043a\u0443\u0440\u0441\u0438\u0438 Skyline<\/title>\n<meta name=\"robots\" content=\"index, follow, max-snippet:-1, max-image-preview:large, max-video-preview:-1\" \/>\n<link rel=\"canonical\" href=\"https:\/\/skyline-gs.com\/cs\/produkt\/prohlidka-mesta-dubaj\/\" \/>\n<meta property=\"og:locale\" content=\"cs_CZ\" \/>\n<meta property=\"og:type\" content=\"article\" \/>\n<meta property=\"og:title\" content=\"\u041e\u0431\u0437\u043e\u0440\u043d\u0430\u044f \u043f\u043e \u0414\u0443\u0431\u0430\u044e &#8226; \u042d\u043a\u0441\u043a\u0443\u0440\u0441\u0438\u0438 Skyline\" \/>\n<meta property=\"og:description\" content=\"\u0412\u0440\u0435\u043c\u044f \u0442\u0443\u0440\u0430: 14:00 - 21:00  \u0414\u043d\u0438 \u043f\u0440\u043e\u0432\u0435\u0434\u0435\u043d\u0438\u044f: \u043f\u043e\u043d\u0435\u0434\u0435\u043b\u044c\u043d\u0438\u043a, \u0441\u0440\u0435\u0434\u0430 \u0438 \u0441\u0443\u0431\u0431\u043e\u0442\u0430\" \/>\n<meta property=\"og:url\" content=\"https:\/\/skyline-gs.com\/cs\/produkt\/prohlidka-mesta-dubaj\/\" \/>\n<meta property=\"og:site_name\" content=\"\u042d\u043a\u0441\u043a\u0443\u0440\u0441\u0438\u0438 Skyline\" \/>\n<meta property=\"article:modified_time\" content=\"2026-02-24T21:08:04+00:00\" \/>\n<meta property=\"og:image\" content=\"https:\/\/skyline-gs.com\/wp-content\/uploads\/2021\/08\/23.jpg\" \/>\n\t<meta property=\"og:image:width\" content=\"669\" \/>\n\t<meta property=\"og:image:height\" content=\"446\" \/>\n\t<meta property=\"og:image:type\" content=\"image\/jpeg\" \/>\n<meta name=\"twitter:card\" content=\"summary_large_image\" \/>\n<meta name=\"twitter:label1\" content=\"Odhadovan\u00e1 doba \u010dten\u00ed\" \/>\n\t<meta name=\"twitter:data1\" content=\"2 minuty\" \/>\n<script type=\"application\/ld+json\" class=\"yoast-schema-graph\">{\"@context\":\"https:\\\/\\\/schema.org\",\"@graph\":[{\"@type\":\"WebPage\",\"@id\":\"https:\\\/\\\/skyline-gs.com\\\/product\\\/city-tour-dubai\\\/\",\"url\":\"https:\\\/\\\/skyline-gs.com\\\/product\\\/city-tour-dubai\\\/\",\"name\":\"\u041e\u0431\u0437\u043e\u0440\u043d\u0430\u044f \u043f\u043e \u0414\u0443\u0431\u0430\u044e &#8226; \u042d\u043a\u0441\u043a\u0443\u0440\u0441\u0438\u0438 Skyline\",\"isPartOf\":{\"@id\":\"https:\\\/\\\/skyline-gs.com\\\/it\\\/#website\"},\"primaryImageOfPage\":{\"@id\":\"https:\\\/\\\/skyline-gs.com\\\/product\\\/city-tour-dubai\\\/#primaryimage\"},\"image\":{\"@id\":\"https:\\\/\\\/skyline-gs.com\\\/product\\\/city-tour-dubai\\\/#primaryimage\"},\"thumbnailUrl\":\"https:\\\/\\\/skyline-gs.com\\\/wp-content\\\/uploads\\\/2021\\\/08\\\/23.jpg\",\"datePublished\":\"2021-08-11T15:02:24+00:00\",\"dateModified\":\"2026-02-24T21:08:04+00:00\",\"breadcrumb\":{\"@id\":\"https:\\\/\\\/skyline-gs.com\\\/product\\\/city-tour-dubai\\\/#breadcrumb\"},\"inLanguage\":\"cs\",\"potentialAction\":[{\"@type\":\"ReadAction\",\"target\":[\"https:\\\/\\\/skyline-gs.com\\\/product\\\/city-tour-dubai\\\/\"]}]},{\"@type\":\"ImageObject\",\"inLanguage\":\"cs\",\"@id\":\"https:\\\/\\\/skyline-gs.com\\\/product\\\/city-tour-dubai\\\/#primaryimage\",\"url\":\"https:\\\/\\\/skyline-gs.com\\\/wp-content\\\/uploads\\\/2021\\\/08\\\/23.jpg\",\"contentUrl\":\"https:\\\/\\\/skyline-gs.com\\\/wp-content\\\/uploads\\\/2021\\\/08\\\/23.jpg\",\"width\":669,\"height\":446},{\"@type\":\"BreadcrumbList\",\"@id\":\"https:\\\/\\\/skyline-gs.com\\\/product\\\/city-tour-dubai\\\/#breadcrumb\",\"itemListElement\":[{\"@type\":\"ListItem\",\"position\":1,\"name\":\"\u0413\u043b\u0430\u0432\u043d\u0430\u044f \u0441\u0442\u0440\u0430\u043d\u0438\u0446\u0430\",\"item\":\"https:\\\/\\\/skyline-gs.com\\\/hu\\\/\"},{\"@type\":\"ListItem\",\"position\":2,\"name\":\"\u041c\u0430\u0433\u0430\u0437\u0438\u043d\",\"item\":\"https:\\\/\\\/skyline-gs.com\\\/cs\\\/shop\\\/\"},{\"@type\":\"ListItem\",\"position\":3,\"name\":\"\u041e\u0431\u0437\u043e\u0440\u043d\u0430\u044f \u043f\u043e \u0414\u0443\u0431\u0430\u044e\"}]},{\"@type\":\"WebSite\",\"@id\":\"https:\\\/\\\/skyline-gs.com\\\/it\\\/#website\",\"url\":\"https:\\\/\\\/skyline-gs.com\\\/it\\\/\",\"name\":\"\u042d\u043a\u0441\u043a\u0443\u0440\u0441\u0438\u0438 Skyline\",\"description\":\"\u042d\u043a\u0441\u043a\u043b\u044e\u0437\u0438\u0432\u043d\u044b\u0435 \u044d\u043a\u0441\u043a\u0443\u0440\u0441\u0438\u0438 \u043d\u0430 \u043b\u0443\u0447\u0448\u0438\u0445 \u043a\u0443\u0440\u043e\u0440\u0442\u0430\u0445 \u043c\u0438\u0440\u0430\",\"publisher\":{\"@id\":\"https:\\\/\\\/skyline-gs.com\\\/it\\\/#organization\"},\"alternateName\":\"Skyline\",\"potentialAction\":[{\"@type\":\"SearchAction\",\"target\":{\"@type\":\"EntryPoint\",\"urlTemplate\":\"https:\\\/\\\/skyline-gs.com\\\/it\\\/?s={search_term_string}\"},\"query-input\":{\"@type\":\"PropertyValueSpecification\",\"valueRequired\":true,\"valueName\":\"search_term_string\"}}],\"inLanguage\":\"cs\"},{\"@type\":\"Organization\",\"@id\":\"https:\\\/\\\/skyline-gs.com\\\/it\\\/#organization\",\"name\":\"\u042d\u043a\u0441\u043a\u0443\u0440\u0441\u0438\u0438 Skyline\",\"alternateName\":\"\u042d\u043a\u0441\u043a\u0443\u0440\u0441\u0438\u0438 Skyline\",\"url\":\"https:\\\/\\\/skyline-gs.com\\\/it\\\/\",\"logo\":{\"@type\":\"ImageObject\",\"inLanguage\":\"cs\",\"@id\":\"https:\\\/\\\/skyline-gs.com\\\/it\\\/#\\\/schema\\\/logo\\\/image\\\/\",\"url\":\"https:\\\/\\\/skyline-gs.com\\\/wp-content\\\/uploads\\\/2020\\\/12\\\/cropped-logo-2.png\",\"contentUrl\":\"https:\\\/\\\/skyline-gs.com\\\/wp-content\\\/uploads\\\/2020\\\/12\\\/cropped-logo-2.png\",\"width\":512,\"height\":512,\"caption\":\"\u042d\u043a\u0441\u043a\u0443\u0440\u0441\u0438\u0438 Skyline\"},\"image\":{\"@id\":\"https:\\\/\\\/skyline-gs.com\\\/it\\\/#\\\/schema\\\/logo\\\/image\\\/\"},\"sameAs\":[\"https:\\\/\\\/www.instagram.com\\\/skylineglobalservice\\\/\"]}]}<\/script>\n<!-- \/ Yoast SEO plugin. -->","yoast_head_json":{"title":"Prohl\u00eddka Dubaje - Skyline Excursions","robots":{"index":"index","follow":"follow","max-snippet":"max-snippet:-1","max-image-preview":"max-image-preview:large","max-video-preview":"max-video-preview:-1"},"canonical":"https:\/\/skyline-gs.com\/cs\/produkt\/prohlidka-mesta-dubaj\/","og_locale":"cs_CZ","og_type":"article","og_title":"\u041e\u0431\u0437\u043e\u0440\u043d\u0430\u044f \u043f\u043e \u0414\u0443\u0431\u0430\u044e &#8226; \u042d\u043a\u0441\u043a\u0443\u0440\u0441\u0438\u0438 Skyline","og_description":"\u0412\u0440\u0435\u043c\u044f \u0442\u0443\u0440\u0430: 14:00 - 21:00  \u0414\u043d\u0438 \u043f\u0440\u043e\u0432\u0435\u0434\u0435\u043d\u0438\u044f: \u043f\u043e\u043d\u0435\u0434\u0435\u043b\u044c\u043d\u0438\u043a, \u0441\u0440\u0435\u0434\u0430 \u0438 \u0441\u0443\u0431\u0431\u043e\u0442\u0430","og_url":"https:\/\/skyline-gs.com\/cs\/produkt\/prohlidka-mesta-dubaj\/","og_site_name":"\u042d\u043a\u0441\u043a\u0443\u0440\u0441\u0438\u0438 Skyline","article_modified_time":"2026-02-24T21:08:04+00:00","og_image":[{"width":669,"height":446,"url":"https:\/\/skyline-gs.com\/wp-content\/uploads\/2021\/08\/23.jpg","type":"image\/jpeg"}],"twitter_card":"summary_large_image","twitter_misc":{"Odhadovan\u00e1 doba \u010dten\u00ed":"2 minuty"},"schema":{"@context":"https:\/\/schema.org","@graph":[{"@type":"WebPage","@id":"https:\/\/skyline-gs.com\/product\/city-tour-dubai\/","url":"https:\/\/skyline-gs.com\/product\/city-tour-dubai\/","name":"Prohl\u00eddka Dubaje - Skyline Excursions","isPartOf":{"@id":"https:\/\/skyline-gs.com\/it\/#website"},"primaryImageOfPage":{"@id":"https:\/\/skyline-gs.com\/product\/city-tour-dubai\/#primaryimage"},"image":{"@id":"https:\/\/skyline-gs.com\/product\/city-tour-dubai\/#primaryimage"},"thumbnailUrl":"https:\/\/skyline-gs.com\/wp-content\/uploads\/2021\/08\/23.jpg","datePublished":"2021-08-11T15:02:24+00:00","dateModified":"2026-02-24T21:08:04+00:00","breadcrumb":{"@id":"https:\/\/skyline-gs.com\/product\/city-tour-dubai\/#breadcrumb"},"inLanguage":"cs","potentialAction":[{"@type":"ReadAction","target":["https:\/\/skyline-gs.com\/product\/city-tour-dubai\/"]}]},{"@type":"ImageObject","inLanguage":"cs","@id":"https:\/\/skyline-gs.com\/product\/city-tour-dubai\/#primaryimage","url":"https:\/\/skyline-gs.com\/wp-content\/uploads\/2021\/08\/23.jpg","contentUrl":"https:\/\/skyline-gs.com\/wp-content\/uploads\/2021\/08\/23.jpg","width":669,"height":446},{"@type":"BreadcrumbList","@id":"https:\/\/skyline-gs.com\/product\/city-tour-dubai\/#breadcrumb","itemListElement":[{"@type":"ListItem","position":1,"name":"\u0413\u043b\u0430\u0432\u043d\u0430\u044f \u0441\u0442\u0440\u0430\u043d\u0438\u0446\u0430","item":"https:\/\/skyline-gs.com\/hu\/"},{"@type":"ListItem","position":2,"name":"\u041c\u0430\u0433\u0430\u0437\u0438\u043d","item":"https:\/\/skyline-gs.com\/cs\/shop\/"},{"@type":"ListItem","position":3,"name":"\u041e\u0431\u0437\u043e\u0440\u043d\u0430\u044f \u043f\u043e \u0414\u0443\u0431\u0430\u044e"}]},{"@type":"WebSite","@id":"https:\/\/skyline-gs.com\/it\/#website","url":"https:\/\/skyline-gs.com\/it\/","name":"Skyline V\u00fdlety","description":"Exkluzivn\u00ed v\u00fdlety do nejlep\u0161\u00edch sv\u011btov\u00fdch letovisek","publisher":{"@id":"https:\/\/skyline-gs.com\/it\/#organization"},"alternateName":"Skyline","potentialAction":[{"@type":"SearchAction","target":{"@type":"EntryPoint","urlTemplate":"https:\/\/skyline-gs.com\/it\/?s={search_term_string}"},"query-input":{"@type":"PropertyValueSpecification","valueRequired":true,"valueName":"search_term_string"}}],"inLanguage":"cs"},{"@type":"Organization","@id":"https:\/\/skyline-gs.com\/it\/#organization","name":"Skyline V\u00fdlety","alternateName":"\u042d\u043a\u0441\u043a\u0443\u0440\u0441\u0438\u0438 Skyline","url":"https:\/\/skyline-gs.com\/it\/","logo":{"@type":"ImageObject","inLanguage":"cs","@id":"https:\/\/skyline-gs.com\/it\/#\/schema\/logo\/image\/","url":"https:\/\/skyline-gs.com\/wp-content\/uploads\/2020\/12\/cropped-logo-2.png","contentUrl":"https:\/\/skyline-gs.com\/wp-content\/uploads\/2020\/12\/cropped-logo-2.png","width":512,"height":512,"caption":"\u042d\u043a\u0441\u043a\u0443\u0440\u0441\u0438\u0438 Skyline"},"image":{"@id":"https:\/\/skyline-gs.com\/it\/#\/schema\/logo\/image\/"},"sameAs":["https:\/\/www.instagram.com\/skylineglobalservice\/"]}]}},"_links":{"self":[{"href":"https:\/\/skyline-gs.com\/cs\/wp-json\/wp\/v2\/product\/29550","targetHints":{"allow":["GET"]}}],"collection":[{"href":"https:\/\/skyline-gs.com\/cs\/wp-json\/wp\/v2\/product"}],"about":[{"href":"https:\/\/skyline-gs.com\/cs\/wp-json\/wp\/v2\/types\/product"}],"version-history":[{"count":0,"href":"https:\/\/skyline-gs.com\/cs\/wp-json\/wp\/v2\/product\/29550\/revisions"}],"wp:featuredmedia":[{"embeddable":true,"href":"https:\/\/skyline-gs.com\/cs\/wp-json\/wp\/v2\/media\/29563"}],"wp:attachment":[{"href":"https:\/\/skyline-gs.com\/cs\/wp-json\/wp\/v2\/media?parent=29550"}],"wp:term":[{"taxonomy":"product_brand","embeddable":true,"href":"https:\/\/skyline-gs.com\/cs\/wp-json\/wp\/v2\/product_brand?post=29550"},{"taxonomy":"product_cat","embeddable":true,"href":"https:\/\/skyline-gs.com\/cs\/wp-json\/wp\/v2\/product_cat?post=29550"},{"taxonomy":"product_tag","embeddable":true,"href":"https:\/\/skyline-gs.com\/cs\/wp-json\/wp\/v2\/product_tag?post=29550"}],"curies":[{"name":"wp","href":"https:\/\/api.w.org\/{rel}","templated":true}]}}