{"id":26775,"date":"2021-07-05T19:25:18","date_gmt":"2021-07-05T17:25:18","guid":{"rendered":"http:\/\/skyline-gs.com\/?post_type=product&#038;p=26775"},"modified":"2023-10-04T18:09:36","modified_gmt":"2023-10-04T16:09:36","slug":"masai-mara-2-days-2","status":"publish","type":"product","link":"https:\/\/skyline-gs.com\/cs\/product\/masai-mara-2-days-2\/","title":{"rendered":"Masai Mara 3 dny"},"content":{"rendered":"<p><strong>Den 1<\/strong><\/p>\n<p>Prvn\u00ed den v 7:30 v\u00e1s n\u00e1\u0161 z\u00e1stupce vyzvedne v hotelu nebo na leti\u0161ti v hlavn\u00edm m\u011bst\u011b Keni. Nasedneme do pohodln\u00e9ho d\u017e\u00edpu Land Cruiser 4X4 a pojedeme sm\u011brem k rezervaci Masai Mara. Cesta bude trvat asi 5 hodin - pojedeme Velkou p\u0159\u00edkopovou propadlinou a ud\u011bl\u00e1me n\u011bkolik zast\u00e1vek na zah\u0159\u00e1t\u00ed. B\u011bhem t\u00e9to doby m\u016f\u017eete fotografovat kr\u00e1sy ke\u0148sk\u00e9 p\u0159\u00edrody. Cestou budeme rozj\u00edmat nad malebn\u00fdmi panoramaty a mo\u017en\u00e1 se setk\u00e1me s p\u0159\u00edslu\u0161n\u00edky kmene Masaj\u016f. Pastevci ve sv\u00fdch barevn\u00fdch h\u00e1bitech jsou neuv\u011b\u0159iteln\u00fdm kontrastem k zelen\u00fdm pastvin\u00e1m.<\/p>\n<p>Kolem ob\u011bda doraz\u00edme na m\u00edsto. P\u0159ipravte se - na\u0161e safari za\u010d\u00edn\u00e1 v jedine\u010dn\u00e9m ekosyst\u00e9mu, kter\u00fd nem\u00e1 ve sv\u011bt\u011b obdoby, co se t\u00fd\u010de rozmanitosti divok\u00e9 zv\u011b\u0159e! Mezi rozlehl\u00fdmi kopci a savanami se setk\u00e1me s \u0159adou drav\u00fdch i b\u00fdlo\u017erav\u00fdch zv\u00ed\u0159at, po\u0159\u00edd\u00edme \u017eiv\u00e9 fotografie a naplno si vychutn\u00e1me africkou krajinu. Ve\u010der se vr\u00e1t\u00edme do lodge\/t\u00e1bo\u0159i\u0161t\u011b, pove\u010de\u0159\u00edme a odpo\u010dineme si - \u010dek\u00e1 n\u00e1s druh\u00fd, nem\u00e9n\u011b intenzivn\u00ed den!<\/p>\n<p><strong>Den 2<\/strong><\/p>\n<p>Vst\u00e1vejme dnes brzy a za\u010dn\u011bme pozn\u00e1vat bohatou p\u0159\u00edrodu t\u00e9to oblasti - uprost\u0159ed hust\u00e9 vegetace, mo\u0159e ak\u00e1ci\u00ed a zlatav\u00fdch pol\u00ed\u010dek se setk\u00e1me se zv\u00ed\u0159aty \"velk\u00e9 africk\u00e9 p\u011btky\"! P\u0159ipravte si objektivy fotoapar\u00e1t\u016f, abyste zachytili lvy, slony, buvoly, nosoro\u017ece, leopardy a dal\u0161\u00ed divok\u00e1 zv\u00ed\u0159ata potuluj\u00edc\u00ed se v okol\u00ed. \u017dije zde mnoho vz\u00e1cn\u00fdch pt\u00e1k\u016f a od \u010dervence do \u0159\u00edjna zde tak\u00e9 prob\u00edh\u00e1 \"Velk\u00e1 migrace\" zv\u00ed\u0159at. Pokud zde budeme od \u010dervence do z\u00e1\u0159\u00ed, budeme m\u00edt mo\u017enost vid\u011bt tento p\u0159\u00edrodn\u00ed z\u00e1zrak, kdy se obrovsk\u00e1 st\u00e1da zv\u00ed\u0159at vyd\u00e1vaj\u00ed na p\u0159echod pod dohledem nebezpe\u010dn\u00fdch pred\u00e1tor\u016f. zastav\u00edme se u \u0159eky Mara - pr\u00e1v\u011b zde hro\u0161i a krokod\u00fdli \u010dekaj\u00ed na migruj\u00edc\u00ed antilopy a zebry, kter\u00e9 \u0159eku p\u0159ekra\u010duj\u00ed po tis\u00edc\u00edch!<\/p>\n<p>Jako fakultativn\u00ed v\u00fdlety nab\u00edz\u00edme:<\/p>\n<ul>\n<li>N\u00e1v\u0161t\u011bva m\u00edstn\u00ed vesnice, kde se sezn\u00e1m\u00edme s Masaji. Na vlastn\u00ed o\u010di uvid\u00edme jejich zp\u016fsob \u017eivota, pochop\u00edme, co d\u011blaj\u00ed, v co v\u011b\u0159\u00ed a mnoho dal\u0161\u00edho.<\/li>\n<li>Let horkovzdu\u0161n\u00fdm bal\u00f3nem nad parkem v rann\u00edm slunci. Za sv\u00edt\u00e1n\u00ed budete moci pozorovat kr\u00e1sy rezervace z v\u00fd\u0161ky - jedine\u010dn\u00e1 p\u0159\u00edle\u017eitost sledovat proces probouzen\u00ed p\u0159\u00edrody.<\/li>\n<\/ul>\n<p>\u0158ekn\u011bte pr\u016fvodci p\u0159edem, co chcete, a my v\u0161e za\u0159\u00edd\u00edme! Ve\u010der se vr\u00e1t\u00edme do chaty nebo do stanov\u00e9ho t\u00e1bora na p\u0159enocov\u00e1n\u00ed. D\u00e1me si chutnou ve\u010de\u0159i a odpo\u010dineme si<\/p>\n<p><strong>Den 3<\/strong><\/p>\n<p>Brzy vst\u00e1vat a hur\u00e1 do toho - \u010dek\u00e1 n\u00e1s rann\u00ed safari, abychom za sv\u00edt\u00e1n\u00ed prozkoumali v\u0161echna nejzaj\u00edmav\u011bj\u0161\u00ed z\u00e1kout\u00ed parku a spat\u0159ili ta zv\u00ed\u0159ata, kter\u00e1 jsme je\u0161t\u011b nezachytili do objektiv\u016f fotoapar\u00e1t\u016f. Kdo to bude - pokojn\u011b se pasouc\u00ed gazely, zebry, nebo nebezpe\u010dn\u00ed \u0161akali a hyeny? Nebo mo\u017en\u00e1 potk\u00e1me oboj\u00ed! Ne\u017e se sbal\u00edme a nasedneme do d\u017e\u00edpu, abychom se vr\u00e1tili do Nairobi, u\u017eijeme si posledn\u00ed 100% safari. Cestou se zastav\u00edme na ob\u011bd a brzy doraz\u00edme do hlavn\u00edho m\u011bsta. Odvezeme v\u00e1s do va\u0161eho hotelu\/letadla, nebo v p\u0159\u00edpad\u011b pot\u0159eby na tanzansk\u00e9 hranice.<\/p>\n<p><strong>V\u010detn\u011b:<\/strong><\/p>\n<ul>\n<li>Transfer z Nairobi a do Nairobi<\/li>\n<li>Safari v pohodln\u00e9m d\u017e\u00edpu Toyota Land Cruiser s anglicky mluv\u00edc\u00edm \u0159idi\u010dem (pr\u016fvodcem)<\/li>\n<li>Ubytov\u00e1n\u00ed v chat\u011b po\u017eadovan\u00e9 \u00farovn\u011b (economy\/standard\/suite) nebo v kempu.<\/li>\n<li>Vstupenky do rezervace<\/li>\n<li>2 sn\u00eddan\u011b, 3 ob\u011bdy, 2 ve\u010de\u0159e (v\u010detn\u011b stravov\u00e1n\u00ed na safari)<\/li>\n<li>Balen\u00e1 voda ve vozidle na safari<\/li>\n<li>L\u00e9ka\u0159sk\u00e9\/z\u00e1chran\u00e1\u0159sk\u00e9 kryt\u00ed<\/li>\n<li>V\u0161echny da\u0148ov\u00e9 odvody<\/li>\n<\/ul>\n<p><strong>Nen\u00ed sou\u010d\u00e1st\u00ed dod\u00e1vky:<\/strong><\/p>\n<ul>\n<li>N\u00e1poje v lahv\u00edch<\/li>\n<li>Tip<\/li>\n<\/ul>\n<p><strong>Vezm\u011bte si ji s sebou:<\/strong><\/p>\n<ul>\n<li>Pohodln\u00e9 boty a oble\u010den\u00ed. \u041b<span class=\"fontstyle0\">dlouh\u00e9 kalhoty, ko\u0161ile s dlouh\u00fdm ruk\u00e1vem, tri\u010dko;<\/span><\/li>\n<li>Bundu pro p\u0159\u00edpad de\u0161t\u011b nebo chladn\u00fdch ve\u010der\u016f;<\/li>\n<li>Foto-video za\u0159\u00edzen\u00ed. Nab\u00edjejte sv\u00e1 za\u0159\u00edzen\u00ed p\u0159edem;<\/li>\n<li>Rozm\u011b\u0148te si pen\u00edze na drobn\u00e9 bankovky. Ty se hod\u00ed na suven\u00fdry a na spropitn\u00e9 pro str\u00e1\u017ece. Doporu\u010den\u00e9 spropitn\u00e9 je 5$ na osobu;<\/li>\n<li><span class=\"fontstyle0\">Slune\u010dn\u00ed br\u00fdle a panama, opalovac\u00ed kr\u00e9m;<\/span><\/li>\n<li><span class=\"fontstyle0\">prost\u0159edky osobn\u00ed hygieny, osobn\u00ed l\u00e9k\u00e1rni\u010dka;<\/span><\/li>\n<li><span class=\"fontstyle0\">Gel na dezinfekci rukou.<\/span><\/li>\n<\/ul>","protected":false},"excerpt":{"rendered":"<p><strong>Doba trv\u00e1n\u00ed: <\/strong>3 dny<\/p>\n<p><strong>Dny zadr\u017een\u00ed:<\/strong> denn\u011b<\/p>\n<p>Rezervace Masai Mara - nav\u0161tivte legend\u00e1rn\u00ed ke\u0148sk\u00fd n\u00e1rodn\u00ed park, kter\u00fd je zn\u00e1m\u00fd po cel\u00e9m sv\u011bt\u011b, potkejte zebry, nosoro\u017ece, lvy, hrochy, buvoly, leopardy a mnoho dal\u0161\u00edch zv\u00ed\u0159at!<\/p>","protected":false},"featured_media":26781,"template":"","meta":{"_kad_post_transparent":"default","_kad_post_title":"","_kad_post_layout":"default","_kad_post_sidebar_id":"","_kad_post_content_style":"default","_kad_post_vertical_padding":"default","_kad_post_feature":"","_kad_post_feature_position":"","_kad_post_header":false,"_kad_post_footer":false,"_kad_post_classname":"","_glsr_average":0,"_glsr_ranking":0,"_glsr_reviews":0},"product_brand":[],"product_cat":[295],"product_tag":[],"class_list":{"0":"post-26775","1":"product","2":"type-product","3":"status-publish","4":"has-post-thumbnail","6":"product_cat-uncategorized","7":"tm-has-options","9":"first","10":"instock","11":"sold-individually","12":"taxable","13":"shipping-taxable","14":"purchasable","15":"product-type-simple","16":"entry","17":"content-bg","18":"loop-entry"},"yoast_head":"<!-- This site is optimized with the Yoast SEO plugin v27.3 - https:\/\/yoast.com\/product\/yoast-seo-wordpress\/ -->\n<title>\u041c\u0430\u0441\u0430\u0438 \u041c\u0430\u0440\u0430 3 \u0434\u043d\u044f &#8226; \u042d\u043a\u0441\u043a\u0443\u0440\u0441\u0438\u0438 Skyline<\/title>\n<meta name=\"robots\" content=\"index, follow, max-snippet:-1, max-image-preview:large, max-video-preview:-1\" \/>\n<link rel=\"canonical\" href=\"https:\/\/skyline-gs.com\/cs\/produkt\/masai-mara-2-days-2\/\" \/>\n<meta property=\"og:locale\" content=\"cs_CZ\" \/>\n<meta property=\"og:type\" content=\"article\" \/>\n<meta property=\"og:title\" content=\"\u041c\u0430\u0441\u0430\u0438 \u041c\u0430\u0440\u0430 3 \u0434\u043d\u044f &#8226; \u042d\u043a\u0441\u043a\u0443\u0440\u0441\u0438\u0438 Skyline\" \/>\n<meta property=\"og:description\" content=\"\u0414\u043b\u0438\u0442\u0435\u043b\u044c\u043d\u043e\u0441\u0442\u044c: 3 \u0434\u043d\u044f  \u0414\u043d\u0438 \u043f\u0440\u043e\u0432\u0435\u0434\u0435\u043d\u0438\u044f: \u0435\u0436\u0435\u0434\u043d\u0435\u0432\u043d\u043e  \u0417\u0430\u043f\u043e\u0432\u0435\u0434\u043d\u0438\u043a \u041c\u0430\u0441\u0430\u0438 \u041c\u0430\u0440\u0430 \u2013 \u043f\u043e\u0431\u044b\u0432\u0430\u0435\u043c \u0432 \u043b\u0435\u0433\u0435\u043d\u0434\u0430\u0440\u043d\u043e\u043c \u043d\u0430\u0446\u0438\u043e\u043d\u0430\u043b\u044c\u043d\u043e\u043c \u043f\u0430\u0440\u043a\u0435 \u041a\u0435\u043d\u0438\u0438, \u043a\u043e\u0442\u043e\u0440\u044b\u0439 \u0438\u0437\u0432\u0435\u0441\u0442\u0435\u043d \u0432\u043e \u0432\u0441\u0435\u043c \u043c\u0438\u0440\u0435, \u0432\u0441\u0442\u0440\u0435\u0442\u0438\u043c \u0437\u0435\u0431\u0440, \u043d\u043e\u0441\u043e\u0440\u043e\u0433\u043e\u0432, \u043b\u044c\u0432\u043e\u0432, \u0433\u0438\u043f\u043f\u043e\u043f\u043e\u0442\u0430\u043c\u043e\u0432, \u0431\u0443\u0439\u0432\u043e\u043b\u043e\u0432, \u043b\u0435\u043e\u043f\u0430\u0440\u0434\u043e\u0432 \u0438 \u043c\u043d\u043e\u0433\u0438\u0445 \u0434\u0440\u0443\u0433\u0438\u0445 \u0436\u0438\u0432\u043e\u0442\u043d\u044b\u0445!\" \/>\n<meta property=\"og:url\" content=\"https:\/\/skyline-gs.com\/cs\/produkt\/masai-mara-2-days-2\/\" \/>\n<meta property=\"og:site_name\" content=\"\u042d\u043a\u0441\u043a\u0443\u0440\u0441\u0438\u0438 Skyline\" \/>\n<meta property=\"article:modified_time\" content=\"2023-10-04T16:09:36+00:00\" \/>\n<meta property=\"og:image\" content=\"https:\/\/skyline-gs.com\/wp-content\/uploads\/2021\/07\/5f.jpg\" \/>\n\t<meta property=\"og:image:width\" content=\"669\" \/>\n\t<meta property=\"og:image:height\" content=\"446\" \/>\n\t<meta property=\"og:image:type\" content=\"image\/jpeg\" \/>\n<meta name=\"twitter:card\" content=\"summary_large_image\" \/>\n<meta name=\"twitter:label1\" content=\"Odhadovan\u00e1 doba \u010dten\u00ed\" \/>\n\t<meta name=\"twitter:data1\" content=\"3 minuty\" \/>\n<script type=\"application\/ld+json\" class=\"yoast-schema-graph\">{\"@context\":\"https:\\\/\\\/schema.org\",\"@graph\":[{\"@type\":\"WebPage\",\"@id\":\"https:\\\/\\\/skyline-gs.com\\\/cs\\\/produkt\\\/masai-mara-2-days-2\\\/\",\"url\":\"https:\\\/\\\/skyline-gs.com\\\/cs\\\/produkt\\\/masai-mara-2-days-2\\\/\",\"name\":\"\u041c\u0430\u0441\u0430\u0438 \u041c\u0430\u0440\u0430 3 \u0434\u043d\u044f &#8226; \u042d\u043a\u0441\u043a\u0443\u0440\u0441\u0438\u0438 Skyline\",\"isPartOf\":{\"@id\":\"https:\\\/\\\/skyline-gs.com\\\/it\\\/#website\"},\"primaryImageOfPage\":{\"@id\":\"https:\\\/\\\/skyline-gs.com\\\/cs\\\/produkt\\\/masai-mara-2-days-2\\\/#primaryimage\"},\"image\":{\"@id\":\"https:\\\/\\\/skyline-gs.com\\\/cs\\\/produkt\\\/masai-mara-2-days-2\\\/#primaryimage\"},\"thumbnailUrl\":\"https:\\\/\\\/skyline-gs.com\\\/wp-content\\\/uploads\\\/2021\\\/07\\\/5f.jpg\",\"datePublished\":\"2021-07-05T17:25:18+00:00\",\"dateModified\":\"2023-10-04T16:09:36+00:00\",\"breadcrumb\":{\"@id\":\"https:\\\/\\\/skyline-gs.com\\\/cs\\\/produkt\\\/masai-mara-2-days-2\\\/#breadcrumb\"},\"inLanguage\":\"cs\",\"potentialAction\":[{\"@type\":\"ReadAction\",\"target\":[\"https:\\\/\\\/skyline-gs.com\\\/cs\\\/produkt\\\/masai-mara-2-days-2\\\/\"]}]},{\"@type\":\"ImageObject\",\"inLanguage\":\"cs\",\"@id\":\"https:\\\/\\\/skyline-gs.com\\\/cs\\\/produkt\\\/masai-mara-2-days-2\\\/#primaryimage\",\"url\":\"https:\\\/\\\/skyline-gs.com\\\/wp-content\\\/uploads\\\/2021\\\/07\\\/5f.jpg\",\"contentUrl\":\"https:\\\/\\\/skyline-gs.com\\\/wp-content\\\/uploads\\\/2021\\\/07\\\/5f.jpg\",\"width\":669,\"height\":446},{\"@type\":\"BreadcrumbList\",\"@id\":\"https:\\\/\\\/skyline-gs.com\\\/cs\\\/produkt\\\/masai-mara-2-days-2\\\/#breadcrumb\",\"itemListElement\":[{\"@type\":\"ListItem\",\"position\":1,\"name\":\"\u0413\u043b\u0430\u0432\u043d\u0430\u044f \u0441\u0442\u0440\u0430\u043d\u0438\u0446\u0430\",\"item\":\"https:\\\/\\\/skyline-gs.com\\\/hu\\\/\"},{\"@type\":\"ListItem\",\"position\":2,\"name\":\"\u041c\u0430\u0433\u0430\u0437\u0438\u043d\",\"item\":\"https:\\\/\\\/skyline-gs.com\\\/cs\\\/shop\\\/\"},{\"@type\":\"ListItem\",\"position\":3,\"name\":\"\u041c\u0430\u0441\u0430\u0438 \u041c\u0430\u0440\u0430 3 \u0434\u043d\u044f\"}]},{\"@type\":\"WebSite\",\"@id\":\"https:\\\/\\\/skyline-gs.com\\\/it\\\/#website\",\"url\":\"https:\\\/\\\/skyline-gs.com\\\/it\\\/\",\"name\":\"\u042d\u043a\u0441\u043a\u0443\u0440\u0441\u0438\u0438 Skyline\",\"description\":\"\u042d\u043a\u0441\u043a\u043b\u044e\u0437\u0438\u0432\u043d\u044b\u0435 \u044d\u043a\u0441\u043a\u0443\u0440\u0441\u0438\u0438 \u043d\u0430 \u043b\u0443\u0447\u0448\u0438\u0445 \u043a\u0443\u0440\u043e\u0440\u0442\u0430\u0445 \u043c\u0438\u0440\u0430\",\"publisher\":{\"@id\":\"https:\\\/\\\/skyline-gs.com\\\/it\\\/#organization\"},\"alternateName\":\"Skyline\",\"potentialAction\":[{\"@type\":\"SearchAction\",\"target\":{\"@type\":\"EntryPoint\",\"urlTemplate\":\"https:\\\/\\\/skyline-gs.com\\\/it\\\/?s={search_term_string}\"},\"query-input\":{\"@type\":\"PropertyValueSpecification\",\"valueRequired\":true,\"valueName\":\"search_term_string\"}}],\"inLanguage\":\"cs\"},{\"@type\":\"Organization\",\"@id\":\"https:\\\/\\\/skyline-gs.com\\\/it\\\/#organization\",\"name\":\"\u042d\u043a\u0441\u043a\u0443\u0440\u0441\u0438\u0438 Skyline\",\"alternateName\":\"\u042d\u043a\u0441\u043a\u0443\u0440\u0441\u0438\u0438 Skyline\",\"url\":\"https:\\\/\\\/skyline-gs.com\\\/it\\\/\",\"logo\":{\"@type\":\"ImageObject\",\"inLanguage\":\"cs\",\"@id\":\"https:\\\/\\\/skyline-gs.com\\\/it\\\/#\\\/schema\\\/logo\\\/image\\\/\",\"url\":\"https:\\\/\\\/skyline-gs.com\\\/wp-content\\\/uploads\\\/2020\\\/12\\\/cropped-logo-2.png\",\"contentUrl\":\"https:\\\/\\\/skyline-gs.com\\\/wp-content\\\/uploads\\\/2020\\\/12\\\/cropped-logo-2.png\",\"width\":512,\"height\":512,\"caption\":\"\u042d\u043a\u0441\u043a\u0443\u0440\u0441\u0438\u0438 Skyline\"},\"image\":{\"@id\":\"https:\\\/\\\/skyline-gs.com\\\/it\\\/#\\\/schema\\\/logo\\\/image\\\/\"},\"sameAs\":[\"https:\\\/\\\/www.instagram.com\\\/skylineglobalservice\\\/\"]}]}<\/script>\n<!-- \/ Yoast SEO plugin. -->","yoast_head_json":{"title":"\u041c\u0430\u0441\u0430\u0438 \u041c\u0430\u0440\u0430 3 \u0434\u043d\u044f &#8226; \u042d\u043a\u0441\u043a\u0443\u0440\u0441\u0438\u0438 Skyline","robots":{"index":"index","follow":"follow","max-snippet":"max-snippet:-1","max-image-preview":"max-image-preview:large","max-video-preview":"max-video-preview:-1"},"canonical":"https:\/\/skyline-gs.com\/cs\/produkt\/masai-mara-2-days-2\/","og_locale":"cs_CZ","og_type":"article","og_title":"\u041c\u0430\u0441\u0430\u0438 \u041c\u0430\u0440\u0430 3 \u0434\u043d\u044f &#8226; \u042d\u043a\u0441\u043a\u0443\u0440\u0441\u0438\u0438 Skyline","og_description":"\u0414\u043b\u0438\u0442\u0435\u043b\u044c\u043d\u043e\u0441\u0442\u044c: 3 \u0434\u043d\u044f  \u0414\u043d\u0438 \u043f\u0440\u043e\u0432\u0435\u0434\u0435\u043d\u0438\u044f: \u0435\u0436\u0435\u0434\u043d\u0435\u0432\u043d\u043e  \u0417\u0430\u043f\u043e\u0432\u0435\u0434\u043d\u0438\u043a \u041c\u0430\u0441\u0430\u0438 \u041c\u0430\u0440\u0430 \u2013 \u043f\u043e\u0431\u044b\u0432\u0430\u0435\u043c \u0432 \u043b\u0435\u0433\u0435\u043d\u0434\u0430\u0440\u043d\u043e\u043c \u043d\u0430\u0446\u0438\u043e\u043d\u0430\u043b\u044c\u043d\u043e\u043c \u043f\u0430\u0440\u043a\u0435 \u041a\u0435\u043d\u0438\u0438, \u043a\u043e\u0442\u043e\u0440\u044b\u0439 \u0438\u0437\u0432\u0435\u0441\u0442\u0435\u043d \u0432\u043e \u0432\u0441\u0435\u043c \u043c\u0438\u0440\u0435, \u0432\u0441\u0442\u0440\u0435\u0442\u0438\u043c \u0437\u0435\u0431\u0440, \u043d\u043e\u0441\u043e\u0440\u043e\u0433\u043e\u0432, \u043b\u044c\u0432\u043e\u0432, \u0433\u0438\u043f\u043f\u043e\u043f\u043e\u0442\u0430\u043c\u043e\u0432, \u0431\u0443\u0439\u0432\u043e\u043b\u043e\u0432, \u043b\u0435\u043e\u043f\u0430\u0440\u0434\u043e\u0432 \u0438 \u043c\u043d\u043e\u0433\u0438\u0445 \u0434\u0440\u0443\u0433\u0438\u0445 \u0436\u0438\u0432\u043e\u0442\u043d\u044b\u0445!","og_url":"https:\/\/skyline-gs.com\/cs\/produkt\/masai-mara-2-days-2\/","og_site_name":"\u042d\u043a\u0441\u043a\u0443\u0440\u0441\u0438\u0438 Skyline","article_modified_time":"2023-10-04T16:09:36+00:00","og_image":[{"width":669,"height":446,"url":"https:\/\/skyline-gs.com\/wp-content\/uploads\/2021\/07\/5f.jpg","type":"image\/jpeg"}],"twitter_card":"summary_large_image","twitter_misc":{"Odhadovan\u00e1 doba \u010dten\u00ed":"3 minuty"},"schema":{"@context":"https:\/\/schema.org","@graph":[{"@type":"WebPage","@id":"https:\/\/skyline-gs.com\/cs\/produkt\/masai-mara-2-days-2\/","url":"https:\/\/skyline-gs.com\/cs\/produkt\/masai-mara-2-days-2\/","name":"\u041c\u0430\u0441\u0430\u0438 \u041c\u0430\u0440\u0430 3 \u0434\u043d\u044f &#8226; \u042d\u043a\u0441\u043a\u0443\u0440\u0441\u0438\u0438 Skyline","isPartOf":{"@id":"https:\/\/skyline-gs.com\/it\/#website"},"primaryImageOfPage":{"@id":"https:\/\/skyline-gs.com\/cs\/produkt\/masai-mara-2-days-2\/#primaryimage"},"image":{"@id":"https:\/\/skyline-gs.com\/cs\/produkt\/masai-mara-2-days-2\/#primaryimage"},"thumbnailUrl":"https:\/\/skyline-gs.com\/wp-content\/uploads\/2021\/07\/5f.jpg","datePublished":"2021-07-05T17:25:18+00:00","dateModified":"2023-10-04T16:09:36+00:00","breadcrumb":{"@id":"https:\/\/skyline-gs.com\/cs\/produkt\/masai-mara-2-days-2\/#breadcrumb"},"inLanguage":"cs","potentialAction":[{"@type":"ReadAction","target":["https:\/\/skyline-gs.com\/cs\/produkt\/masai-mara-2-days-2\/"]}]},{"@type":"ImageObject","inLanguage":"cs","@id":"https:\/\/skyline-gs.com\/cs\/produkt\/masai-mara-2-days-2\/#primaryimage","url":"https:\/\/skyline-gs.com\/wp-content\/uploads\/2021\/07\/5f.jpg","contentUrl":"https:\/\/skyline-gs.com\/wp-content\/uploads\/2021\/07\/5f.jpg","width":669,"height":446},{"@type":"BreadcrumbList","@id":"https:\/\/skyline-gs.com\/cs\/produkt\/masai-mara-2-days-2\/#breadcrumb","itemListElement":[{"@type":"ListItem","position":1,"name":"\u0413\u043b\u0430\u0432\u043d\u0430\u044f \u0441\u0442\u0440\u0430\u043d\u0438\u0446\u0430","item":"https:\/\/skyline-gs.com\/hu\/"},{"@type":"ListItem","position":2,"name":"\u041c\u0430\u0433\u0430\u0437\u0438\u043d","item":"https:\/\/skyline-gs.com\/cs\/shop\/"},{"@type":"ListItem","position":3,"name":"\u041c\u0430\u0441\u0430\u0438 \u041c\u0430\u0440\u0430 3 \u0434\u043d\u044f"}]},{"@type":"WebSite","@id":"https:\/\/skyline-gs.com\/it\/#website","url":"https:\/\/skyline-gs.com\/it\/","name":"Skyline V\u00fdlety","description":"Exkluzivn\u00ed v\u00fdlety do nejlep\u0161\u00edch sv\u011btov\u00fdch letovisek","publisher":{"@id":"https:\/\/skyline-gs.com\/it\/#organization"},"alternateName":"Skyline","potentialAction":[{"@type":"SearchAction","target":{"@type":"EntryPoint","urlTemplate":"https:\/\/skyline-gs.com\/it\/?s={search_term_string}"},"query-input":{"@type":"PropertyValueSpecification","valueRequired":true,"valueName":"search_term_string"}}],"inLanguage":"cs"},{"@type":"Organization","@id":"https:\/\/skyline-gs.com\/it\/#organization","name":"Skyline V\u00fdlety","alternateName":"\u042d\u043a\u0441\u043a\u0443\u0440\u0441\u0438\u0438 Skyline","url":"https:\/\/skyline-gs.com\/it\/","logo":{"@type":"ImageObject","inLanguage":"cs","@id":"https:\/\/skyline-gs.com\/it\/#\/schema\/logo\/image\/","url":"https:\/\/skyline-gs.com\/wp-content\/uploads\/2020\/12\/cropped-logo-2.png","contentUrl":"https:\/\/skyline-gs.com\/wp-content\/uploads\/2020\/12\/cropped-logo-2.png","width":512,"height":512,"caption":"\u042d\u043a\u0441\u043a\u0443\u0440\u0441\u0438\u0438 Skyline"},"image":{"@id":"https:\/\/skyline-gs.com\/it\/#\/schema\/logo\/image\/"},"sameAs":["https:\/\/www.instagram.com\/skylineglobalservice\/"]}]}},"_links":{"self":[{"href":"https:\/\/skyline-gs.com\/cs\/wp-json\/wp\/v2\/product\/26775","targetHints":{"allow":["GET"]}}],"collection":[{"href":"https:\/\/skyline-gs.com\/cs\/wp-json\/wp\/v2\/product"}],"about":[{"href":"https:\/\/skyline-gs.com\/cs\/wp-json\/wp\/v2\/types\/product"}],"version-history":[{"count":0,"href":"https:\/\/skyline-gs.com\/cs\/wp-json\/wp\/v2\/product\/26775\/revisions"}],"wp:featuredmedia":[{"embeddable":true,"href":"https:\/\/skyline-gs.com\/cs\/wp-json\/wp\/v2\/media\/26781"}],"wp:attachment":[{"href":"https:\/\/skyline-gs.com\/cs\/wp-json\/wp\/v2\/media?parent=26775"}],"wp:term":[{"taxonomy":"product_brand","embeddable":true,"href":"https:\/\/skyline-gs.com\/cs\/wp-json\/wp\/v2\/product_brand?post=26775"},{"taxonomy":"product_cat","embeddable":true,"href":"https:\/\/skyline-gs.com\/cs\/wp-json\/wp\/v2\/product_cat?post=26775"},{"taxonomy":"product_tag","embeddable":true,"href":"https:\/\/skyline-gs.com\/cs\/wp-json\/wp\/v2\/product_tag?post=26775"}],"curies":[{"name":"wp","href":"https:\/\/api.w.org\/{rel}","templated":true}]}}