{"id":26732,"date":"2021-07-05T18:06:03","date_gmt":"2021-07-05T16:06:03","guid":{"rendered":"http:\/\/skyline-gs.com\/?post_type=product&#038;p=26732"},"modified":"2023-10-04T18:09:36","modified_gmt":"2023-10-04T16:09:36","slug":"amboseli-2-days","status":"publish","type":"product","link":"https:\/\/skyline-gs.com\/cs\/product\/amboseli-2-days\/","title":{"rendered":"Amboseli 2 dny"},"content":{"rendered":"<p><strong>Den 1<\/strong><\/p>\n<p>Na\u0161e vzru\u0161uj\u00edc\u00ed safari za\u010dneme v Nairobi - n\u00e1\u0161 z\u00e1stupce v\u00e1s vyzvedne z va\u0161eho hotelu ve m\u011bst\u011b nebo z leti\u0161t\u011b v 7:30. V pohodln\u00e9m d\u017e\u00edpu 4\u00d74 pojedeme po d\u00e1lnici Nairobi-Mombasa do parku Amboseli. \u010cty\u0159i hodiny na cest\u011b ute\u010dou jako voda, proto\u017ee se n\u00e1m naskytnou neuv\u011b\u0159iteln\u011b kr\u00e1sn\u00e1 panoramata africk\u00fdch savan oz\u00e1\u0159en\u00e1 paprsky jasn\u00e9ho slunce. Uvid\u00edme m\u00edstn\u00ed usedlosti, pastviny a masajsk\u00e9 pastevce oble\u010den\u00e9 do pestr\u00fdch od\u011bv\u016f.<\/p>\n<p>Orienta\u010dn\u00edm bodem bude majest\u00e1tn\u00ed Kilimand\u017e\u00e1ro - hora bude vid\u011bt dlouho p\u0159ed na\u0161\u00edm p\u0159\u00edjezdem. Budeme tam pr\u00e1v\u011b v\u010das, abychom se ubytovali v kempu\/lod\u017ei a poob\u011bdvali. Po p\u0159est\u00e1vce se vyd\u00e1me na safari! Vyd\u00e1me se hledat slony, \u017eirafy, p\u0161trosy, gepardy, zebry, lvy a dal\u0161\u00ed divok\u00e1 zv\u00ed\u0159ata. Amboseli je pozoruhodn\u00e9 t\u00edm, \u017ee zde nejsou \u017e\u00e1dn\u00e9 hust\u00e9 hou\u0161tiny. Proto m\u016f\u017eeme pohodln\u011b prozkoum\u00e1vat sv\u011bt p\u0159\u00edrody a zv\u00ed\u0159at. Snadno spat\u0159\u00edme velk\u00e9 i mal\u00e9 dravce, b\u00fdlo\u017eravce a b\u00fdlo\u017eravce \u017eij\u00edc\u00ed na \u00fazem\u00ed rezervace. P\u0159ipravte si fotoapar\u00e1ty - budeme moci zachytit nejen zv\u00ed\u0159ata. Pokud bude tento den po\u010das\u00ed bez mr\u00e1\u010dku, budeme moci vyfotografovat zasn\u011b\u017een\u00fd vrchol legend\u00e1rn\u00edho Kilimand\u017e\u00e1ra! Ve\u010der se vr\u00e1t\u00edme do lodge nebo kempu, kde si odpo\u010dineme, pove\u010de\u0159\u00edme a probereme z\u00e1\u017eitky z cel\u00e9ho dne.<\/p>\n<p><strong>Den 2<\/strong><\/p>\n<p>Brzy r\u00e1no se vyd\u00e1me na safari, abychom vid\u011bli divokou zv\u011b\u0159 v prvn\u00edch paprsc\u00edch vych\u00e1zej\u00edc\u00edho slunce. \u00dasvit je nejvhodn\u011bj\u0161\u00ed dobou k prozkoum\u00e1n\u00ed divok\u00e9 zv\u011b\u0159e v rezervaci, proto\u017ee savana s mnoha sv\u00fdmi obyvateli se za\u010d\u00edn\u00e1 probouzet. Po sn\u00eddani n\u00e1s \u010dek\u00e1 dal\u0161\u00ed v\u00fdlet na safari, abychom se pod\u00edvali na ty, kter\u00e9 jsme nestihli vid\u011bt. Budeme nap\u0159\u00edklad hledat hyeny, \u0161akaly, opice a velk\u00e9 pakon\u011b. Po ob\u011bd\u011b se rozlou\u010d\u00edme s Amboseli a nasedneme do d\u017e\u00edpu, kter\u00fdm se vr\u00e1t\u00edme do Nairobi. Na zemi budeme p\u0159ibli\u017en\u011b v 16:30.<\/p>\n<p><strong>V\u010detn\u011b:<\/strong><\/p>\n<ul>\n<li>Transfer z\/do Nairobi<\/li>\n<li>Safari v pohodln\u00e9m d\u017e\u00edpu Toyota Land Cruiser<\/li>\n<li>Doprovod anglicky mluv\u00edc\u00edho \u0159idi\u010de\/pr\u016fvodce<\/li>\n<li>Ubytov\u00e1n\u00ed v kempu\/lod\u017ei podle zvolen\u00e9 varianty<\/li>\n<li>Stravov\u00e1n\u00ed podle syst\u00e9mu: sn\u00eddan\u011b, ob\u011bd, ve\u010de\u0159e (v\u010detn\u011b stravov\u00e1n\u00ed b\u011bhem safari).<\/li>\n<li>Vstupenky do rezervace<\/li>\n<li>Balen\u00e1 voda ve vozidle safari<\/li>\n<li>L\u00e9ka\u0159sk\u00e9 slu\u017eby \"l\u00e9taj\u00edc\u00edch l\u00e9ka\u0159\u016f\", z\u00e1chrann\u00e1 slu\u017eba<\/li>\n<li>V\u0161echny dan\u011b a poplatky<\/li>\n<\/ul>\n<p><strong>Vezm\u011bte si ji s sebou:<\/strong><\/p>\n<ul>\n<li>Pohodln\u00e9 boty a oble\u010den\u00ed. \u041b<span class=\"fontstyle0\">dlouh\u00e9 kalhoty, ko\u0161ile s dlouh\u00fdm ruk\u00e1vem, tri\u010dko;<\/span><\/li>\n<li>Bundu pro p\u0159\u00edpad de\u0161t\u011b nebo chladn\u00fdch ve\u010der\u016f;<\/li>\n<li>Foto-video za\u0159\u00edzen\u00ed. Nab\u00edjejte sv\u00e1 za\u0159\u00edzen\u00ed p\u0159edem;<\/li>\n<li>Rozm\u011b\u0148te si pen\u00edze na drobn\u00e9 bankovky. Ty se hod\u00ed na suven\u00fdry a na spropitn\u00e9 pro str\u00e1\u017ece. Doporu\u010den\u00e9 spropitn\u00e9 je 5$ na osobu;<\/li>\n<li><span class=\"fontstyle0\">Slune\u010dn\u00ed br\u00fdle a panama, opalovac\u00ed kr\u00e9m;<\/span><\/li>\n<li><span class=\"fontstyle0\">prost\u0159edky osobn\u00ed hygieny, osobn\u00ed l\u00e9k\u00e1rni\u010dka;<\/span><\/li>\n<li><span class=\"fontstyle0\">Gel na dezinfekci rukou.<\/span><\/li>\n<\/ul>\n<p><strong>Pozor!<\/strong><br \/>\nPokud pl\u00e1nujete pokra\u010dovat v cest\u011b do Arushy nebo Moshi, m\u016f\u017eeme v\u00e1s odv\u00e9zt do Namangy (na hranic\u00edch s Ke\u0148ou a Tanzani\u00ed). Sd\u011blte n\u00e1m pros\u00edm sv\u00e9 pl\u00e1ny p\u0159edem - informace n\u00e1m poskytn\u011bte p\u0159i rezervaci z\u00e1jezdu.<\/p>","protected":false},"excerpt":{"rendered":"<p><strong>Doba trv\u00e1n\u00ed: <\/strong>2 dny<\/p>\n<p><strong>Dny zadr\u017een\u00ed:<\/strong> denn\u011b<\/p>\n<p>N\u00e1rodn\u00ed park Amboseli - n\u00e1v\u0161t\u011bva ke\u0148sk\u00e9 rezervace na \u00fapat\u00ed majest\u00e1tn\u00ed hory Kilimand\u017e\u00e1ro, kde uvid\u00edme st\u00e1da slon\u016f, buvol\u016f, lv\u016f, zeber, gazel, gepard\u016f a dal\u0161\u00edch divok\u00fdch zv\u00ed\u0159at.<\/p>","protected":false},"featured_media":26737,"template":"","meta":{"_kad_post_transparent":"default","_kad_post_title":"","_kad_post_layout":"default","_kad_post_sidebar_id":"","_kad_post_content_style":"default","_kad_post_vertical_padding":"default","_kad_post_feature":"","_kad_post_feature_position":"","_kad_post_header":false,"_kad_post_footer":false,"_kad_post_classname":"","_glsr_average":0,"_glsr_ranking":0,"_glsr_reviews":0},"product_brand":[],"product_cat":[295],"product_tag":[],"class_list":{"0":"post-26732","1":"product","2":"type-product","3":"status-publish","4":"has-post-thumbnail","6":"product_cat-uncategorized","7":"tm-has-options","9":"first","10":"instock","11":"sale","12":"sold-individually","13":"taxable","14":"shipping-taxable","15":"purchasable","16":"product-type-simple","17":"entry","18":"content-bg","19":"loop-entry"},"yoast_head":"<!-- This site is optimized with the Yoast SEO plugin v27.3 - https:\/\/yoast.com\/product\/yoast-seo-wordpress\/ -->\n<title>\u0410\u043c\u0431\u043e\u0441\u0435\u043b\u0438 2 \u0434\u043d\u044f &#8226; \u042d\u043a\u0441\u043a\u0443\u0440\u0441\u0438\u0438 Skyline<\/title>\n<meta name=\"robots\" content=\"index, follow, max-snippet:-1, max-image-preview:large, max-video-preview:-1\" \/>\n<link rel=\"canonical\" href=\"https:\/\/skyline-gs.com\/cs\/produkt\/amboseli-2-days\/\" \/>\n<meta property=\"og:locale\" content=\"cs_CZ\" \/>\n<meta property=\"og:type\" content=\"article\" \/>\n<meta property=\"og:title\" content=\"\u0410\u043c\u0431\u043e\u0441\u0435\u043b\u0438 2 \u0434\u043d\u044f &#8226; \u042d\u043a\u0441\u043a\u0443\u0440\u0441\u0438\u0438 Skyline\" \/>\n<meta property=\"og:description\" content=\"\u0414\u043b\u0438\u0442\u0435\u043b\u044c\u043d\u043e\u0441\u0442\u044c: 2 \u0434\u043d\u044f  \u0414\u043d\u0438 \u043f\u0440\u043e\u0432\u0435\u0434\u0435\u043d\u0438\u044f: \u0435\u0436\u0435\u0434\u043d\u0435\u0432\u043d\u043e  \u041d\u0430\u0446\u0438\u043e\u043d\u0430\u043b\u044c\u043d\u044b\u0439 \u043f\u0430\u0440\u043a \u0410\u043c\u0431\u043e\u0441\u0435\u043b\u0438 \u2013 \u043f\u043e\u0431\u044b\u0432\u0430\u0435\u043c \u0432 \u043a\u0435\u043d\u0438\u0439\u0441\u043a\u043e\u043c \u0437\u0430\u043f\u043e\u0432\u0435\u0434\u043d\u0438\u043a\u0435, \u0440\u0430\u0441\u043f\u043e\u043b\u043e\u0436\u0435\u043d\u043d\u043e\u043c \u0443 \u043f\u043e\u0434\u043d\u043e\u0436\u0438\u044f \u0432\u0435\u043b\u0438\u0447\u0435\u0441\u0442\u0432\u0435\u043d\u043d\u043e\u0439 \u0433\u043e\u0440\u044b \u041a\u0438\u043b\u0438\u043c\u0430\u043d\u0434\u0436\u0430\u0440\u043e, \u0433\u0434\u0435 \u0443\u0432\u0438\u0434\u0438\u043c \u0441\u0442\u0430\u0434\u0430 \u0441\u043b\u043e\u043d\u043e\u0432, \u0431\u0443\u0439\u0432\u043e\u043b\u043e\u0432, \u043b\u044c\u0432\u043e\u0432, \u0437\u0435\u0431\u0440, \u0433\u0430\u0437\u0435\u043b\u0435\u0439, \u0433\u0435\u043f\u0430\u0440\u0434\u043e\u0432 \u0438 \u0434\u0440\u0443\u0433\u0438\u0445 \u0434\u0438\u043a\u0438\u0445 \u0436\u0438\u0432\u043e\u0442\u043d\u044b\u0445\" \/>\n<meta property=\"og:url\" content=\"https:\/\/skyline-gs.com\/cs\/produkt\/amboseli-2-days\/\" \/>\n<meta property=\"og:site_name\" content=\"\u042d\u043a\u0441\u043a\u0443\u0440\u0441\u0438\u0438 Skyline\" \/>\n<meta property=\"article:modified_time\" content=\"2023-10-04T16:09:36+00:00\" \/>\n<meta property=\"og:image\" content=\"https:\/\/skyline-gs.com\/wp-content\/uploads\/2021\/07\/98.jpg\" \/>\n\t<meta property=\"og:image:width\" content=\"669\" \/>\n\t<meta property=\"og:image:height\" content=\"446\" \/>\n\t<meta property=\"og:image:type\" content=\"image\/jpeg\" \/>\n<meta name=\"twitter:card\" content=\"summary_large_image\" \/>\n<meta name=\"twitter:label1\" content=\"Odhadovan\u00e1 doba \u010dten\u00ed\" \/>\n\t<meta name=\"twitter:data1\" content=\"2 minuty\" \/>\n<script type=\"application\/ld+json\" class=\"yoast-schema-graph\">{\"@context\":\"https:\\\/\\\/schema.org\",\"@graph\":[{\"@type\":\"WebPage\",\"@id\":\"https:\\\/\\\/skyline-gs.com\\\/product\\\/amboseli-2-days\\\/\",\"url\":\"https:\\\/\\\/skyline-gs.com\\\/product\\\/amboseli-2-days\\\/\",\"name\":\"\u0410\u043c\u0431\u043e\u0441\u0435\u043b\u0438 2 \u0434\u043d\u044f &#8226; \u042d\u043a\u0441\u043a\u0443\u0440\u0441\u0438\u0438 Skyline\",\"isPartOf\":{\"@id\":\"https:\\\/\\\/skyline-gs.com\\\/it\\\/#website\"},\"primaryImageOfPage\":{\"@id\":\"https:\\\/\\\/skyline-gs.com\\\/product\\\/amboseli-2-days\\\/#primaryimage\"},\"image\":{\"@id\":\"https:\\\/\\\/skyline-gs.com\\\/product\\\/amboseli-2-days\\\/#primaryimage\"},\"thumbnailUrl\":\"https:\\\/\\\/skyline-gs.com\\\/wp-content\\\/uploads\\\/2021\\\/07\\\/98.jpg\",\"datePublished\":\"2021-07-05T16:06:03+00:00\",\"dateModified\":\"2023-10-04T16:09:36+00:00\",\"breadcrumb\":{\"@id\":\"https:\\\/\\\/skyline-gs.com\\\/product\\\/amboseli-2-days\\\/#breadcrumb\"},\"inLanguage\":\"cs\",\"potentialAction\":[{\"@type\":\"ReadAction\",\"target\":[\"https:\\\/\\\/skyline-gs.com\\\/product\\\/amboseli-2-days\\\/\"]}]},{\"@type\":\"ImageObject\",\"inLanguage\":\"cs\",\"@id\":\"https:\\\/\\\/skyline-gs.com\\\/product\\\/amboseli-2-days\\\/#primaryimage\",\"url\":\"https:\\\/\\\/skyline-gs.com\\\/wp-content\\\/uploads\\\/2021\\\/07\\\/98.jpg\",\"contentUrl\":\"https:\\\/\\\/skyline-gs.com\\\/wp-content\\\/uploads\\\/2021\\\/07\\\/98.jpg\",\"width\":669,\"height\":446},{\"@type\":\"BreadcrumbList\",\"@id\":\"https:\\\/\\\/skyline-gs.com\\\/product\\\/amboseli-2-days\\\/#breadcrumb\",\"itemListElement\":[{\"@type\":\"ListItem\",\"position\":1,\"name\":\"\u0413\u043b\u0430\u0432\u043d\u0430\u044f \u0441\u0442\u0440\u0430\u043d\u0438\u0446\u0430\",\"item\":\"https:\\\/\\\/skyline-gs.com\\\/hu\\\/\"},{\"@type\":\"ListItem\",\"position\":2,\"name\":\"\u041c\u0430\u0433\u0430\u0437\u0438\u043d\",\"item\":\"https:\\\/\\\/skyline-gs.com\\\/cs\\\/shop\\\/\"},{\"@type\":\"ListItem\",\"position\":3,\"name\":\"\u0410\u043c\u0431\u043e\u0441\u0435\u043b\u0438 2 \u0434\u043d\u044f\"}]},{\"@type\":\"WebSite\",\"@id\":\"https:\\\/\\\/skyline-gs.com\\\/it\\\/#website\",\"url\":\"https:\\\/\\\/skyline-gs.com\\\/it\\\/\",\"name\":\"\u042d\u043a\u0441\u043a\u0443\u0440\u0441\u0438\u0438 Skyline\",\"description\":\"\u042d\u043a\u0441\u043a\u043b\u044e\u0437\u0438\u0432\u043d\u044b\u0435 \u044d\u043a\u0441\u043a\u0443\u0440\u0441\u0438\u0438 \u043d\u0430 \u043b\u0443\u0447\u0448\u0438\u0445 \u043a\u0443\u0440\u043e\u0440\u0442\u0430\u0445 \u043c\u0438\u0440\u0430\",\"publisher\":{\"@id\":\"https:\\\/\\\/skyline-gs.com\\\/it\\\/#organization\"},\"alternateName\":\"Skyline\",\"potentialAction\":[{\"@type\":\"SearchAction\",\"target\":{\"@type\":\"EntryPoint\",\"urlTemplate\":\"https:\\\/\\\/skyline-gs.com\\\/it\\\/?s={search_term_string}\"},\"query-input\":{\"@type\":\"PropertyValueSpecification\",\"valueRequired\":true,\"valueName\":\"search_term_string\"}}],\"inLanguage\":\"cs\"},{\"@type\":\"Organization\",\"@id\":\"https:\\\/\\\/skyline-gs.com\\\/it\\\/#organization\",\"name\":\"\u042d\u043a\u0441\u043a\u0443\u0440\u0441\u0438\u0438 Skyline\",\"alternateName\":\"\u042d\u043a\u0441\u043a\u0443\u0440\u0441\u0438\u0438 Skyline\",\"url\":\"https:\\\/\\\/skyline-gs.com\\\/it\\\/\",\"logo\":{\"@type\":\"ImageObject\",\"inLanguage\":\"cs\",\"@id\":\"https:\\\/\\\/skyline-gs.com\\\/it\\\/#\\\/schema\\\/logo\\\/image\\\/\",\"url\":\"https:\\\/\\\/skyline-gs.com\\\/wp-content\\\/uploads\\\/2020\\\/12\\\/cropped-logo-2.png\",\"contentUrl\":\"https:\\\/\\\/skyline-gs.com\\\/wp-content\\\/uploads\\\/2020\\\/12\\\/cropped-logo-2.png\",\"width\":512,\"height\":512,\"caption\":\"\u042d\u043a\u0441\u043a\u0443\u0440\u0441\u0438\u0438 Skyline\"},\"image\":{\"@id\":\"https:\\\/\\\/skyline-gs.com\\\/it\\\/#\\\/schema\\\/logo\\\/image\\\/\"},\"sameAs\":[\"https:\\\/\\\/www.instagram.com\\\/skylineglobalservice\\\/\"]}]}<\/script>\n<!-- \/ Yoast SEO plugin. -->","yoast_head_json":{"title":"\u0410\u043c\u0431\u043e\u0441\u0435\u043b\u0438 2 \u0434\u043d\u044f &#8226; \u042d\u043a\u0441\u043a\u0443\u0440\u0441\u0438\u0438 Skyline","robots":{"index":"index","follow":"follow","max-snippet":"max-snippet:-1","max-image-preview":"max-image-preview:large","max-video-preview":"max-video-preview:-1"},"canonical":"https:\/\/skyline-gs.com\/cs\/produkt\/amboseli-2-days\/","og_locale":"cs_CZ","og_type":"article","og_title":"\u0410\u043c\u0431\u043e\u0441\u0435\u043b\u0438 2 \u0434\u043d\u044f &#8226; \u042d\u043a\u0441\u043a\u0443\u0440\u0441\u0438\u0438 Skyline","og_description":"\u0414\u043b\u0438\u0442\u0435\u043b\u044c\u043d\u043e\u0441\u0442\u044c: 2 \u0434\u043d\u044f  \u0414\u043d\u0438 \u043f\u0440\u043e\u0432\u0435\u0434\u0435\u043d\u0438\u044f: \u0435\u0436\u0435\u0434\u043d\u0435\u0432\u043d\u043e  \u041d\u0430\u0446\u0438\u043e\u043d\u0430\u043b\u044c\u043d\u044b\u0439 \u043f\u0430\u0440\u043a \u0410\u043c\u0431\u043e\u0441\u0435\u043b\u0438 \u2013 \u043f\u043e\u0431\u044b\u0432\u0430\u0435\u043c \u0432 \u043a\u0435\u043d\u0438\u0439\u0441\u043a\u043e\u043c \u0437\u0430\u043f\u043e\u0432\u0435\u0434\u043d\u0438\u043a\u0435, \u0440\u0430\u0441\u043f\u043e\u043b\u043e\u0436\u0435\u043d\u043d\u043e\u043c \u0443 \u043f\u043e\u0434\u043d\u043e\u0436\u0438\u044f \u0432\u0435\u043b\u0438\u0447\u0435\u0441\u0442\u0432\u0435\u043d\u043d\u043e\u0439 \u0433\u043e\u0440\u044b \u041a\u0438\u043b\u0438\u043c\u0430\u043d\u0434\u0436\u0430\u0440\u043e, \u0433\u0434\u0435 \u0443\u0432\u0438\u0434\u0438\u043c \u0441\u0442\u0430\u0434\u0430 \u0441\u043b\u043e\u043d\u043e\u0432, \u0431\u0443\u0439\u0432\u043e\u043b\u043e\u0432, \u043b\u044c\u0432\u043e\u0432, \u0437\u0435\u0431\u0440, \u0433\u0430\u0437\u0435\u043b\u0435\u0439, \u0433\u0435\u043f\u0430\u0440\u0434\u043e\u0432 \u0438 \u0434\u0440\u0443\u0433\u0438\u0445 \u0434\u0438\u043a\u0438\u0445 \u0436\u0438\u0432\u043e\u0442\u043d\u044b\u0445","og_url":"https:\/\/skyline-gs.com\/cs\/produkt\/amboseli-2-days\/","og_site_name":"\u042d\u043a\u0441\u043a\u0443\u0440\u0441\u0438\u0438 Skyline","article_modified_time":"2023-10-04T16:09:36+00:00","og_image":[{"width":669,"height":446,"url":"https:\/\/skyline-gs.com\/wp-content\/uploads\/2021\/07\/98.jpg","type":"image\/jpeg"}],"twitter_card":"summary_large_image","twitter_misc":{"Odhadovan\u00e1 doba \u010dten\u00ed":"2 minuty"},"schema":{"@context":"https:\/\/schema.org","@graph":[{"@type":"WebPage","@id":"https:\/\/skyline-gs.com\/product\/amboseli-2-days\/","url":"https:\/\/skyline-gs.com\/product\/amboseli-2-days\/","name":"\u0410\u043c\u0431\u043e\u0441\u0435\u043b\u0438 2 \u0434\u043d\u044f &#8226; \u042d\u043a\u0441\u043a\u0443\u0440\u0441\u0438\u0438 Skyline","isPartOf":{"@id":"https:\/\/skyline-gs.com\/it\/#website"},"primaryImageOfPage":{"@id":"https:\/\/skyline-gs.com\/product\/amboseli-2-days\/#primaryimage"},"image":{"@id":"https:\/\/skyline-gs.com\/product\/amboseli-2-days\/#primaryimage"},"thumbnailUrl":"https:\/\/skyline-gs.com\/wp-content\/uploads\/2021\/07\/98.jpg","datePublished":"2021-07-05T16:06:03+00:00","dateModified":"2023-10-04T16:09:36+00:00","breadcrumb":{"@id":"https:\/\/skyline-gs.com\/product\/amboseli-2-days\/#breadcrumb"},"inLanguage":"cs","potentialAction":[{"@type":"ReadAction","target":["https:\/\/skyline-gs.com\/product\/amboseli-2-days\/"]}]},{"@type":"ImageObject","inLanguage":"cs","@id":"https:\/\/skyline-gs.com\/product\/amboseli-2-days\/#primaryimage","url":"https:\/\/skyline-gs.com\/wp-content\/uploads\/2021\/07\/98.jpg","contentUrl":"https:\/\/skyline-gs.com\/wp-content\/uploads\/2021\/07\/98.jpg","width":669,"height":446},{"@type":"BreadcrumbList","@id":"https:\/\/skyline-gs.com\/product\/amboseli-2-days\/#breadcrumb","itemListElement":[{"@type":"ListItem","position":1,"name":"\u0413\u043b\u0430\u0432\u043d\u0430\u044f \u0441\u0442\u0440\u0430\u043d\u0438\u0446\u0430","item":"https:\/\/skyline-gs.com\/hu\/"},{"@type":"ListItem","position":2,"name":"\u041c\u0430\u0433\u0430\u0437\u0438\u043d","item":"https:\/\/skyline-gs.com\/cs\/shop\/"},{"@type":"ListItem","position":3,"name":"\u0410\u043c\u0431\u043e\u0441\u0435\u043b\u0438 2 \u0434\u043d\u044f"}]},{"@type":"WebSite","@id":"https:\/\/skyline-gs.com\/it\/#website","url":"https:\/\/skyline-gs.com\/it\/","name":"Skyline V\u00fdlety","description":"Exkluzivn\u00ed v\u00fdlety do nejlep\u0161\u00edch sv\u011btov\u00fdch letovisek","publisher":{"@id":"https:\/\/skyline-gs.com\/it\/#organization"},"alternateName":"Skyline","potentialAction":[{"@type":"SearchAction","target":{"@type":"EntryPoint","urlTemplate":"https:\/\/skyline-gs.com\/it\/?s={search_term_string}"},"query-input":{"@type":"PropertyValueSpecification","valueRequired":true,"valueName":"search_term_string"}}],"inLanguage":"cs"},{"@type":"Organization","@id":"https:\/\/skyline-gs.com\/it\/#organization","name":"Skyline V\u00fdlety","alternateName":"\u042d\u043a\u0441\u043a\u0443\u0440\u0441\u0438\u0438 Skyline","url":"https:\/\/skyline-gs.com\/it\/","logo":{"@type":"ImageObject","inLanguage":"cs","@id":"https:\/\/skyline-gs.com\/it\/#\/schema\/logo\/image\/","url":"https:\/\/skyline-gs.com\/wp-content\/uploads\/2020\/12\/cropped-logo-2.png","contentUrl":"https:\/\/skyline-gs.com\/wp-content\/uploads\/2020\/12\/cropped-logo-2.png","width":512,"height":512,"caption":"\u042d\u043a\u0441\u043a\u0443\u0440\u0441\u0438\u0438 Skyline"},"image":{"@id":"https:\/\/skyline-gs.com\/it\/#\/schema\/logo\/image\/"},"sameAs":["https:\/\/www.instagram.com\/skylineglobalservice\/"]}]}},"_links":{"self":[{"href":"https:\/\/skyline-gs.com\/cs\/wp-json\/wp\/v2\/product\/26732","targetHints":{"allow":["GET"]}}],"collection":[{"href":"https:\/\/skyline-gs.com\/cs\/wp-json\/wp\/v2\/product"}],"about":[{"href":"https:\/\/skyline-gs.com\/cs\/wp-json\/wp\/v2\/types\/product"}],"version-history":[{"count":0,"href":"https:\/\/skyline-gs.com\/cs\/wp-json\/wp\/v2\/product\/26732\/revisions"}],"wp:featuredmedia":[{"embeddable":true,"href":"https:\/\/skyline-gs.com\/cs\/wp-json\/wp\/v2\/media\/26737"}],"wp:attachment":[{"href":"https:\/\/skyline-gs.com\/cs\/wp-json\/wp\/v2\/media?parent=26732"}],"wp:term":[{"taxonomy":"product_brand","embeddable":true,"href":"https:\/\/skyline-gs.com\/cs\/wp-json\/wp\/v2\/product_brand?post=26732"},{"taxonomy":"product_cat","embeddable":true,"href":"https:\/\/skyline-gs.com\/cs\/wp-json\/wp\/v2\/product_cat?post=26732"},{"taxonomy":"product_tag","embeddable":true,"href":"https:\/\/skyline-gs.com\/cs\/wp-json\/wp\/v2\/product_tag?post=26732"}],"curies":[{"name":"wp","href":"https:\/\/api.w.org\/{rel}","templated":true}]}}