{"id":25442,"date":"2020-12-24T01:29:30","date_gmt":"2020-12-23T22:29:30","guid":{"rendered":"http:\/\/zanzibar.skyline-gs.com\/?post_type=product&#038;p=17612"},"modified":"2024-07-30T22:43:15","modified_gmt":"2024-07-30T20:43:15","slug":"stone-town-turtle-island-and-the-vanishing-island-zanzibar","status":"publish","type":"product","link":"https:\/\/skyline-gs.com\/cs\/product\/stone-town-turtle-island-and-the-vanishing-island-zanzibar\/","title":{"rendered":"Kamenn\u00e9 m\u011bsto, \u017delv\u00ed ostrov a Mizej\u00edc\u00ed ostrov."},"content":{"rendered":"<p>8:00 Odjezd z hotelu do p\u0159\u00edstavu Stone Town. Po p\u0159\u00edjezdu do Stone Townu se skupina kolem 9:00 p\u0159esune na lo\u010f a vyd\u00e1 se na \u017delv\u00ed ostrov, naz\u00fdvan\u00fd tak\u00e9 V\u011bzen\u00ed nebo Changu. Cesta lod\u00ed trv\u00e1 40 minut. \u010c\u00e1st pevniny ob\u00fdv\u00e1 rezervace ob\u0159\u00edch suchozemsk\u00fdch \u017eelv, z nich\u017e nejstar\u0161\u00ed dos\u00e1hla v\u011bku dvou set let. Krmen\u00ed \u017eelv a voln\u00fd \u010das. Na druh\u00e9 polovin\u011b se zachovaly budovy b\u00fdval\u00e9ho v\u011bzen\u00ed, kter\u00e9 dnes nab\u00edzej\u00ed \u00fachvatnou scen\u00e9rii.<\/p>\n<p align=\"justify\">V 11:00 se vyd\u00e1v\u00e1me na ostrov Nakupenda, kter\u00fd je zt\u011blesn\u011bn\u00edm vypr\u00e1v\u011bn\u00ed n\u00e1mo\u0159n\u00edk\u016f o objevov\u00e1n\u00ed a mizen\u00ed pevniny. Malebn\u00e1 p\u00edse\u010dn\u00e1 kosa jako by byla stvo\u0159ena pro velkolep\u00e9 fotografie a romantickou dovolenou. 11:30-14:30 koup\u00e1n\u00ed, odpo\u010dinek a ob\u011bd z mo\u0159sk\u00fdch plod\u016f na ostrov\u011b.<\/p>\n<p>Kolem 14:30 bude \u010das, aby se ostrov pono\u0159il pod vodu, a my poplujeme lod\u00ed do Stone Townu. Cesta bude trvat asi 40 minut. 15:10 Za\u010d\u00e1tek prohl\u00eddky Stone Townu. Barevn\u00e1 architektura, vst\u0159eb\u00e1v\u00e1n\u00ed arabsk\u00fdch, indick\u00fdch, anglick\u00fdch a n\u011bmeck\u00fdch tradic, nev\u00fdslovn\u00e1 atmosf\u00e9ra a d\u016fm, kde se narodil slavn\u00fd Freddie Mercury (vstup na vy\u017e\u00e1d\u00e1n\u00ed, cena 10$ na osobu) - to v\u0161e a mnohem v\u00edce v\u00e1s \u010dek\u00e1 p\u0159i prohl\u00eddce hlavn\u00edho m\u011bsta Zanzibaru. 19:00 n\u00e1vrat do hotelu.<\/p>\n<p><strong>V\u010detn\u011b:<\/strong><\/p>\n<ul>\n<li>Transfery z hotelu a do hotelu<\/li>\n<li>V\u0161echny transfery klimatizovan\u00fdm minibusem<\/li>\n<li>P\u016fj\u010dovna lod\u00ed<\/li>\n<li>rusky mluv\u00edc\u00ed pr\u016fvodce<\/li>\n<li>Vstupenky<\/li>\n<li>Ob\u011bd z mo\u0159sk\u00fdch plod\u016f<\/li>\n<\/ul>\n<p><strong>Nen\u00ed sou\u010d\u00e1st\u00ed dod\u00e1vky:<\/strong><\/p>\n<ul>\n<li>Vstup do domu Freddieho Mercuryho - 10$ (nepovinn\u00e9)<\/li>\n<\/ul>\n<p><strong>Z\u00e1v\u011br:<\/strong><\/p>\n<ul>\n<li>Plavky, plavky<\/li>\n<li>Ru\u010dn\u00edk<\/li>\n<li>Foto-video za\u0159\u00edzen\u00ed. Nab\u00edjejte sv\u00e1 za\u0159\u00edzen\u00ed s dostate\u010dn\u00fdm p\u0159edstihem<\/li>\n<li><span class=\"fontstyle0\">Slune\u010dn\u00ed br\u00fdle a panama, opalovac\u00ed kr\u00e9m<\/span><\/li>\n<\/ul>","protected":false},"excerpt":{"rendered":"<p><strong>Doba prohl\u00eddky:\u00a0<\/strong>8:00 - 19:00<\/p>\n<p><strong>Dny zadr\u017een\u00ed: <\/strong>denn\u011b<\/p>","protected":false},"featured_media":42147,"template":"","meta":{"_kad_post_transparent":"default","_kad_post_title":"","_kad_post_layout":"default","_kad_post_sidebar_id":"","_kad_post_content_style":"default","_kad_post_vertical_padding":"default","_kad_post_feature":"","_kad_post_feature_position":"","_kad_post_header":false,"_kad_post_footer":false,"_kad_post_classname":"","_glsr_average":0,"_glsr_ranking":0,"_glsr_reviews":0},"product_brand":[],"product_cat":[455],"product_tag":[],"class_list":{"0":"post-25442","1":"product","2":"type-product","3":"status-publish","4":"has-post-thumbnail","6":"product_cat-zanzibar","7":"tm-has-options","9":"first","10":"instock","11":"sale","12":"sold-individually","13":"taxable","14":"shipping-taxable","15":"purchasable","16":"product-type-simple","17":"entry","18":"content-bg","19":"loop-entry"},"yoast_head":"<!-- This site is optimized with the Yoast SEO plugin v27.3 - https:\/\/yoast.com\/product\/yoast-seo-wordpress\/ -->\n<title>\u0421\u0442\u043e\u0443\u043d \u0422\u0430\u0443\u043d, \u043e\u0441\u0442\u0440\u043e\u0432 \u0427\u0435\u0440\u0435\u043f\u0430\u0445 \u0438 \u0418\u0441\u0447\u0435\u0437\u0430\u044e\u0449\u0438\u0439 \u043e\u0441\u0442\u0440\u043e\u0432 &#8226; \u042d\u043a\u0441\u043a\u0443\u0440\u0441\u0438\u0438 Skyline<\/title>\n<meta name=\"robots\" content=\"index, follow, max-snippet:-1, max-image-preview:large, max-video-preview:-1\" \/>\n<link rel=\"canonical\" href=\"https:\/\/skyline-gs.com\/cs\/produkt\/stone-town-turtle-island-and-the-vanishing-island-zanzibar\/\" \/>\n<meta property=\"og:locale\" content=\"cs_CZ\" \/>\n<meta property=\"og:type\" content=\"article\" \/>\n<meta property=\"og:title\" content=\"\u0421\u0442\u043e\u0443\u043d \u0422\u0430\u0443\u043d, \u043e\u0441\u0442\u0440\u043e\u0432 \u0427\u0435\u0440\u0435\u043f\u0430\u0445 \u0438 \u0418\u0441\u0447\u0435\u0437\u0430\u044e\u0449\u0438\u0439 \u043e\u0441\u0442\u0440\u043e\u0432 &#8226; \u042d\u043a\u0441\u043a\u0443\u0440\u0441\u0438\u0438 Skyline\" \/>\n<meta property=\"og:description\" content=\"\u0412\u0440\u0435\u043c\u044f \u0442\u0443\u0440\u0430:\u00a08:00 \u2014 19:00  \u0414\u043d\u0438 \u043f\u0440\u043e\u0432\u0435\u0434\u0435\u043d\u0438\u044f: \u0435\u0436\u0435\u0434\u043d\u0435\u0432\u043d\u043e\" \/>\n<meta property=\"og:url\" content=\"https:\/\/skyline-gs.com\/cs\/produkt\/stone-town-turtle-island-and-the-vanishing-island-zanzibar\/\" \/>\n<meta property=\"og:site_name\" content=\"\u042d\u043a\u0441\u043a\u0443\u0440\u0441\u0438\u0438 Skyline\" \/>\n<meta property=\"article:modified_time\" content=\"2024-07-30T20:43:15+00:00\" \/>\n<meta property=\"og:image\" content=\"https:\/\/skyline-gs.com\/wp-content\/uploads\/2020\/12\/4352345.png\" \/>\n\t<meta property=\"og:image:width\" content=\"669\" \/>\n\t<meta property=\"og:image:height\" content=\"446\" \/>\n\t<meta property=\"og:image:type\" content=\"image\/png\" \/>\n<meta name=\"twitter:card\" content=\"summary_large_image\" \/>\n<meta name=\"twitter:label1\" content=\"Odhadovan\u00e1 doba \u010dten\u00ed\" \/>\n\t<meta name=\"twitter:data1\" content=\"2 minuty\" \/>\n<script type=\"application\/ld+json\" class=\"yoast-schema-graph\">{\"@context\":\"https:\\\/\\\/schema.org\",\"@graph\":[{\"@type\":\"WebPage\",\"@id\":\"https:\\\/\\\/skyline-gs.com\\\/cs\\\/produkt\\\/stone-town-turtle-island-and-the-vanishing-island-zanzibar\\\/\",\"url\":\"https:\\\/\\\/skyline-gs.com\\\/cs\\\/produkt\\\/stone-town-turtle-island-and-the-vanishing-island-zanzibar\\\/\",\"name\":\"\u0421\u0442\u043e\u0443\u043d \u0422\u0430\u0443\u043d, \u043e\u0441\u0442\u0440\u043e\u0432 \u0427\u0435\u0440\u0435\u043f\u0430\u0445 \u0438 \u0418\u0441\u0447\u0435\u0437\u0430\u044e\u0449\u0438\u0439 \u043e\u0441\u0442\u0440\u043e\u0432 &#8226; \u042d\u043a\u0441\u043a\u0443\u0440\u0441\u0438\u0438 Skyline\",\"isPartOf\":{\"@id\":\"https:\\\/\\\/skyline-gs.com\\\/it\\\/#website\"},\"primaryImageOfPage\":{\"@id\":\"https:\\\/\\\/skyline-gs.com\\\/cs\\\/produkt\\\/stone-town-turtle-island-and-the-vanishing-island-zanzibar\\\/#primaryimage\"},\"image\":{\"@id\":\"https:\\\/\\\/skyline-gs.com\\\/cs\\\/produkt\\\/stone-town-turtle-island-and-the-vanishing-island-zanzibar\\\/#primaryimage\"},\"thumbnailUrl\":\"https:\\\/\\\/skyline-gs.com\\\/wp-content\\\/uploads\\\/2020\\\/12\\\/4352345.png\",\"datePublished\":\"2020-12-23T22:29:30+00:00\",\"dateModified\":\"2024-07-30T20:43:15+00:00\",\"breadcrumb\":{\"@id\":\"https:\\\/\\\/skyline-gs.com\\\/cs\\\/produkt\\\/stone-town-turtle-island-and-the-vanishing-island-zanzibar\\\/#breadcrumb\"},\"inLanguage\":\"cs\",\"potentialAction\":[{\"@type\":\"ReadAction\",\"target\":[\"https:\\\/\\\/skyline-gs.com\\\/cs\\\/produkt\\\/stone-town-turtle-island-and-the-vanishing-island-zanzibar\\\/\"]}]},{\"@type\":\"ImageObject\",\"inLanguage\":\"cs\",\"@id\":\"https:\\\/\\\/skyline-gs.com\\\/cs\\\/produkt\\\/stone-town-turtle-island-and-the-vanishing-island-zanzibar\\\/#primaryimage\",\"url\":\"https:\\\/\\\/skyline-gs.com\\\/wp-content\\\/uploads\\\/2020\\\/12\\\/4352345.png\",\"contentUrl\":\"https:\\\/\\\/skyline-gs.com\\\/wp-content\\\/uploads\\\/2020\\\/12\\\/4352345.png\",\"width\":669,\"height\":446},{\"@type\":\"BreadcrumbList\",\"@id\":\"https:\\\/\\\/skyline-gs.com\\\/cs\\\/produkt\\\/stone-town-turtle-island-and-the-vanishing-island-zanzibar\\\/#breadcrumb\",\"itemListElement\":[{\"@type\":\"ListItem\",\"position\":1,\"name\":\"\u0413\u043b\u0430\u0432\u043d\u0430\u044f \u0441\u0442\u0440\u0430\u043d\u0438\u0446\u0430\",\"item\":\"https:\\\/\\\/skyline-gs.com\\\/hu\\\/\"},{\"@type\":\"ListItem\",\"position\":2,\"name\":\"\u041c\u0430\u0433\u0430\u0437\u0438\u043d\",\"item\":\"https:\\\/\\\/skyline-gs.com\\\/cs\\\/shop\\\/\"},{\"@type\":\"ListItem\",\"position\":3,\"name\":\"\u0421\u0442\u043e\u0443\u043d \u0422\u0430\u0443\u043d, \u043e\u0441\u0442\u0440\u043e\u0432 \u0427\u0435\u0440\u0435\u043f\u0430\u0445 \u0438 \u0418\u0441\u0447\u0435\u0437\u0430\u044e\u0449\u0438\u0439 \u043e\u0441\u0442\u0440\u043e\u0432\"}]},{\"@type\":\"WebSite\",\"@id\":\"https:\\\/\\\/skyline-gs.com\\\/it\\\/#website\",\"url\":\"https:\\\/\\\/skyline-gs.com\\\/it\\\/\",\"name\":\"\u042d\u043a\u0441\u043a\u0443\u0440\u0441\u0438\u0438 Skyline\",\"description\":\"\u042d\u043a\u0441\u043a\u043b\u044e\u0437\u0438\u0432\u043d\u044b\u0435 \u044d\u043a\u0441\u043a\u0443\u0440\u0441\u0438\u0438 \u043d\u0430 \u043b\u0443\u0447\u0448\u0438\u0445 \u043a\u0443\u0440\u043e\u0440\u0442\u0430\u0445 \u043c\u0438\u0440\u0430\",\"publisher\":{\"@id\":\"https:\\\/\\\/skyline-gs.com\\\/it\\\/#organization\"},\"alternateName\":\"Skyline\",\"potentialAction\":[{\"@type\":\"SearchAction\",\"target\":{\"@type\":\"EntryPoint\",\"urlTemplate\":\"https:\\\/\\\/skyline-gs.com\\\/it\\\/?s={search_term_string}\"},\"query-input\":{\"@type\":\"PropertyValueSpecification\",\"valueRequired\":true,\"valueName\":\"search_term_string\"}}],\"inLanguage\":\"cs\"},{\"@type\":\"Organization\",\"@id\":\"https:\\\/\\\/skyline-gs.com\\\/it\\\/#organization\",\"name\":\"\u042d\u043a\u0441\u043a\u0443\u0440\u0441\u0438\u0438 Skyline\",\"alternateName\":\"\u042d\u043a\u0441\u043a\u0443\u0440\u0441\u0438\u0438 Skyline\",\"url\":\"https:\\\/\\\/skyline-gs.com\\\/it\\\/\",\"logo\":{\"@type\":\"ImageObject\",\"inLanguage\":\"cs\",\"@id\":\"https:\\\/\\\/skyline-gs.com\\\/it\\\/#\\\/schema\\\/logo\\\/image\\\/\",\"url\":\"https:\\\/\\\/skyline-gs.com\\\/wp-content\\\/uploads\\\/2020\\\/12\\\/cropped-logo-2.png\",\"contentUrl\":\"https:\\\/\\\/skyline-gs.com\\\/wp-content\\\/uploads\\\/2020\\\/12\\\/cropped-logo-2.png\",\"width\":512,\"height\":512,\"caption\":\"\u042d\u043a\u0441\u043a\u0443\u0440\u0441\u0438\u0438 Skyline\"},\"image\":{\"@id\":\"https:\\\/\\\/skyline-gs.com\\\/it\\\/#\\\/schema\\\/logo\\\/image\\\/\"},\"sameAs\":[\"https:\\\/\\\/www.instagram.com\\\/skylineglobalservice\\\/\"]}]}<\/script>\n<!-- \/ Yoast SEO plugin. -->","yoast_head_json":{"title":"\u0421\u0442\u043e\u0443\u043d \u0422\u0430\u0443\u043d, \u043e\u0441\u0442\u0440\u043e\u0432 \u0427\u0435\u0440\u0435\u043f\u0430\u0445 \u0438 \u0418\u0441\u0447\u0435\u0437\u0430\u044e\u0449\u0438\u0439 \u043e\u0441\u0442\u0440\u043e\u0432 &#8226; \u042d\u043a\u0441\u043a\u0443\u0440\u0441\u0438\u0438 Skyline","robots":{"index":"index","follow":"follow","max-snippet":"max-snippet:-1","max-image-preview":"max-image-preview:large","max-video-preview":"max-video-preview:-1"},"canonical":"https:\/\/skyline-gs.com\/cs\/produkt\/stone-town-turtle-island-and-the-vanishing-island-zanzibar\/","og_locale":"cs_CZ","og_type":"article","og_title":"\u0421\u0442\u043e\u0443\u043d \u0422\u0430\u0443\u043d, \u043e\u0441\u0442\u0440\u043e\u0432 \u0427\u0435\u0440\u0435\u043f\u0430\u0445 \u0438 \u0418\u0441\u0447\u0435\u0437\u0430\u044e\u0449\u0438\u0439 \u043e\u0441\u0442\u0440\u043e\u0432 &#8226; \u042d\u043a\u0441\u043a\u0443\u0440\u0441\u0438\u0438 Skyline","og_description":"\u0412\u0440\u0435\u043c\u044f \u0442\u0443\u0440\u0430:\u00a08:00 \u2014 19:00  \u0414\u043d\u0438 \u043f\u0440\u043e\u0432\u0435\u0434\u0435\u043d\u0438\u044f: \u0435\u0436\u0435\u0434\u043d\u0435\u0432\u043d\u043e","og_url":"https:\/\/skyline-gs.com\/cs\/produkt\/stone-town-turtle-island-and-the-vanishing-island-zanzibar\/","og_site_name":"\u042d\u043a\u0441\u043a\u0443\u0440\u0441\u0438\u0438 Skyline","article_modified_time":"2024-07-30T20:43:15+00:00","og_image":[{"width":669,"height":446,"url":"https:\/\/skyline-gs.com\/wp-content\/uploads\/2020\/12\/4352345.png","type":"image\/png"}],"twitter_card":"summary_large_image","twitter_misc":{"Odhadovan\u00e1 doba \u010dten\u00ed":"2 minuty"},"schema":{"@context":"https:\/\/schema.org","@graph":[{"@type":"WebPage","@id":"https:\/\/skyline-gs.com\/cs\/produkt\/stone-town-turtle-island-and-the-vanishing-island-zanzibar\/","url":"https:\/\/skyline-gs.com\/cs\/produkt\/stone-town-turtle-island-and-the-vanishing-island-zanzibar\/","name":"\u0421\u0442\u043e\u0443\u043d \u0422\u0430\u0443\u043d, \u043e\u0441\u0442\u0440\u043e\u0432 \u0427\u0435\u0440\u0435\u043f\u0430\u0445 \u0438 \u0418\u0441\u0447\u0435\u0437\u0430\u044e\u0449\u0438\u0439 \u043e\u0441\u0442\u0440\u043e\u0432 &#8226; \u042d\u043a\u0441\u043a\u0443\u0440\u0441\u0438\u0438 Skyline","isPartOf":{"@id":"https:\/\/skyline-gs.com\/it\/#website"},"primaryImageOfPage":{"@id":"https:\/\/skyline-gs.com\/cs\/produkt\/stone-town-turtle-island-and-the-vanishing-island-zanzibar\/#primaryimage"},"image":{"@id":"https:\/\/skyline-gs.com\/cs\/produkt\/stone-town-turtle-island-and-the-vanishing-island-zanzibar\/#primaryimage"},"thumbnailUrl":"https:\/\/skyline-gs.com\/wp-content\/uploads\/2020\/12\/4352345.png","datePublished":"2020-12-23T22:29:30+00:00","dateModified":"2024-07-30T20:43:15+00:00","breadcrumb":{"@id":"https:\/\/skyline-gs.com\/cs\/produkt\/stone-town-turtle-island-and-the-vanishing-island-zanzibar\/#breadcrumb"},"inLanguage":"cs","potentialAction":[{"@type":"ReadAction","target":["https:\/\/skyline-gs.com\/cs\/produkt\/stone-town-turtle-island-and-the-vanishing-island-zanzibar\/"]}]},{"@type":"ImageObject","inLanguage":"cs","@id":"https:\/\/skyline-gs.com\/cs\/produkt\/stone-town-turtle-island-and-the-vanishing-island-zanzibar\/#primaryimage","url":"https:\/\/skyline-gs.com\/wp-content\/uploads\/2020\/12\/4352345.png","contentUrl":"https:\/\/skyline-gs.com\/wp-content\/uploads\/2020\/12\/4352345.png","width":669,"height":446},{"@type":"BreadcrumbList","@id":"https:\/\/skyline-gs.com\/cs\/produkt\/stone-town-turtle-island-and-the-vanishing-island-zanzibar\/#breadcrumb","itemListElement":[{"@type":"ListItem","position":1,"name":"\u0413\u043b\u0430\u0432\u043d\u0430\u044f \u0441\u0442\u0440\u0430\u043d\u0438\u0446\u0430","item":"https:\/\/skyline-gs.com\/hu\/"},{"@type":"ListItem","position":2,"name":"\u041c\u0430\u0433\u0430\u0437\u0438\u043d","item":"https:\/\/skyline-gs.com\/cs\/shop\/"},{"@type":"ListItem","position":3,"name":"\u0421\u0442\u043e\u0443\u043d \u0422\u0430\u0443\u043d, \u043e\u0441\u0442\u0440\u043e\u0432 \u0427\u0435\u0440\u0435\u043f\u0430\u0445 \u0438 \u0418\u0441\u0447\u0435\u0437\u0430\u044e\u0449\u0438\u0439 \u043e\u0441\u0442\u0440\u043e\u0432"}]},{"@type":"WebSite","@id":"https:\/\/skyline-gs.com\/it\/#website","url":"https:\/\/skyline-gs.com\/it\/","name":"Skyline V\u00fdlety","description":"Exkluzivn\u00ed v\u00fdlety do nejlep\u0161\u00edch sv\u011btov\u00fdch letovisek","publisher":{"@id":"https:\/\/skyline-gs.com\/it\/#organization"},"alternateName":"Skyline","potentialAction":[{"@type":"SearchAction","target":{"@type":"EntryPoint","urlTemplate":"https:\/\/skyline-gs.com\/it\/?s={search_term_string}"},"query-input":{"@type":"PropertyValueSpecification","valueRequired":true,"valueName":"search_term_string"}}],"inLanguage":"cs"},{"@type":"Organization","@id":"https:\/\/skyline-gs.com\/it\/#organization","name":"Skyline V\u00fdlety","alternateName":"\u042d\u043a\u0441\u043a\u0443\u0440\u0441\u0438\u0438 Skyline","url":"https:\/\/skyline-gs.com\/it\/","logo":{"@type":"ImageObject","inLanguage":"cs","@id":"https:\/\/skyline-gs.com\/it\/#\/schema\/logo\/image\/","url":"https:\/\/skyline-gs.com\/wp-content\/uploads\/2020\/12\/cropped-logo-2.png","contentUrl":"https:\/\/skyline-gs.com\/wp-content\/uploads\/2020\/12\/cropped-logo-2.png","width":512,"height":512,"caption":"\u042d\u043a\u0441\u043a\u0443\u0440\u0441\u0438\u0438 Skyline"},"image":{"@id":"https:\/\/skyline-gs.com\/it\/#\/schema\/logo\/image\/"},"sameAs":["https:\/\/www.instagram.com\/skylineglobalservice\/"]}]}},"_links":{"self":[{"href":"https:\/\/skyline-gs.com\/cs\/wp-json\/wp\/v2\/product\/25442","targetHints":{"allow":["GET"]}}],"collection":[{"href":"https:\/\/skyline-gs.com\/cs\/wp-json\/wp\/v2\/product"}],"about":[{"href":"https:\/\/skyline-gs.com\/cs\/wp-json\/wp\/v2\/types\/product"}],"version-history":[{"count":0,"href":"https:\/\/skyline-gs.com\/cs\/wp-json\/wp\/v2\/product\/25442\/revisions"}],"wp:featuredmedia":[{"embeddable":true,"href":"https:\/\/skyline-gs.com\/cs\/wp-json\/wp\/v2\/media\/42147"}],"wp:attachment":[{"href":"https:\/\/skyline-gs.com\/cs\/wp-json\/wp\/v2\/media?parent=25442"}],"wp:term":[{"taxonomy":"product_brand","embeddable":true,"href":"https:\/\/skyline-gs.com\/cs\/wp-json\/wp\/v2\/product_brand?post=25442"},{"taxonomy":"product_cat","embeddable":true,"href":"https:\/\/skyline-gs.com\/cs\/wp-json\/wp\/v2\/product_cat?post=25442"},{"taxonomy":"product_tag","embeddable":true,"href":"https:\/\/skyline-gs.com\/cs\/wp-json\/wp\/v2\/product_tag?post=25442"}],"curies":[{"name":"wp","href":"https:\/\/api.w.org\/{rel}","templated":true}]}}