{"id":25216,"date":"2022-09-08T15:01:47","date_gmt":"2022-09-08T12:01:47","guid":{"rendered":"https:\/\/hurghada.skyline-gs.com\/?post_type=product&#038;p=25216"},"modified":"2025-10-26T08:34:49","modified_gmt":"2025-10-26T06:34:49","slug":"super-cairo-all-inclusive","status":"publish","type":"product","link":"https:\/\/skyline-gs.com\/cs\/product\/super-cairo-all-inclusive\/","title":{"rendered":"Super K\u00e1hira (All Inclusive)"},"content":{"rendered":"<p>Super K\u00e1hira je nejobl\u00edben\u011bj\u0161\u00edm turistick\u00fdm programem do K\u00e1hiry!<\/p>\n<ul>\n<li>Pouze historick\u00e9 pam\u00e1tky - \u017e\u00e1dn\u00e9 obchody<\/li>\n<li>Proch\u00e1zka po Nilu (45 minut) - v cen\u011b (v b\u011b\u017en\u00e9m programu se za ni p\u0159ipl\u00e1c\u00ed +10$)<\/li>\n<\/ul>\n<p>Odjezd z hotelu v 1:00 hodin. Cesta jedn\u00edm sm\u011brem trv\u00e1 p\u0159ibli\u017en\u011b 7 hodin. Cestou uvid\u00edte pob\u0159e\u017e\u00ed Rud\u00e9ho mo\u0159e. N\u00e1v\u0161t\u011bva K\u00e1hiry za\u010d\u00edn\u00e1 prohl\u00eddkou pyramidov\u00e9ho komplexu v G\u00edze, posledn\u00edho zb\u00fdvaj\u00edc\u00edho divu sv\u011bta. T\u0159i hlavn\u00ed pyramidy Cheopsova,Chefrenova a Mykerinova a Sfinga. D\u00e1le si prohl\u00e9dneme Egyptsk\u00e9 n\u00e1rodn\u00ed muzeum, nejv\u011bt\u0161\u00ed sv\u011btovou sb\u00edrku staroegyptsk\u00e9ho um\u011bn\u00ed. Nach\u00e1z\u00ed se v K\u00e1hi\u0159e na n\u00e1m\u011bst\u00ed Tahr\u00edr a m\u00e1 asi 160 tis\u00edc expon\u00e1t\u016f ze v\u0161ech historick\u00fdch obdob\u00ed starov\u011bk\u00e9ho Egypta. Proch\u00e1zka pod\u00e9l Nilu v d\u00e9lce 45 minut. Ob\u011bd - formou bufetu (bez n\u00e1poj\u016f).<\/p>\n<p>D\u00e1le se vyd\u00e1me p\u0159es luxusn\u00ed \u010dtvrti do starobyl\u00e9 \u010d\u00e1sti K\u00e1hiry. V k\u0159es\u0165ansk\u00e9 \u010d\u00e1sti se nach\u00e1z\u00ed n\u011bkolik m\u00edst spojen\u00fdch s \u00fat\u011bkem Svat\u00e9 rodiny. Ve starov\u011bku to bylo ohnisko k\u0159es\u0165anstv\u00ed. Zav\u011b\u0161en\u00fd kostel - postaven\u00fd na ji\u017en\u00ed br\u00e1n\u011b \u0159\u00edmsk\u00e9 pevnosti v roce 690. D\u0159ev\u011bn\u00e1 st\u0159echa m\u00e1 tvar Noemovy archy. Podle legendy byl kostel postaven nad jeskyn\u00ed, kde \u017eila Panna Maria s Je\u017e\u00ed\u0161kem, kdy\u017e prchali p\u0159ed pron\u00e1sledov\u00e1n\u00edm kr\u00e1le Heroda. V kostele uvid\u00edte n\u00e1dhern\u00fd ikonostas (vy\u0159ez\u00e1van\u00e1 d\u0159ev\u011bn\u00e1 deska). Druh\u00fd k\u00e1hirsk\u00fd koptsk\u00fd kostel Abu Serga (kostel sv. Sergia). V muslimsk\u00e9 \u010d\u00e1sti K\u00e1hiry nav\u0161t\u00edv\u00edme me\u0161itu Amr. Byla postavena v roce 642 jako kultovn\u00ed centrum prvn\u00edho arabsk\u00e9ho hlavn\u00edho m\u011bsta Egypta - m\u011bsta Fust\u00e1t (Star\u00e1 K\u00e1hira). Byla to prvn\u00ed me\u0161ita nejen v Egypt\u011b, ale v cel\u00e9 Africe. Zp\u00e1te\u010dn\u00ed cesta do Hurghady. 23:00 n\u00e1vrat do hotelu.<\/p>\n<p><strong>V\u010detn\u011b:<\/strong><\/p>\n<ul>\n<li>P\u0159eprava v modern\u00edm klimatizovan\u00e9m turistick\u00e9m autokaru s toaletou.<\/li>\n<li>Rusky mluv\u00edc\u00ed egyptologick\u00fd pr\u016fvodce v K\u00e1hi\u0159e<\/li>\n<li>Vstupn\u00e9 do v\u0161ech uveden\u00fdch atrakc\u00ed<\/li>\n<li>N\u00e1rodn\u00ed muzeum v K\u00e1hi\u0159e<\/li>\n<li>Pyramidy v G\u00edze<\/li>\n<li>Proch\u00e1zka starobylou isl\u00e1mskou a k\u0159es\u0165anskou \u010d\u00e1st\u00ed K\u00e1hiry (\"Zav\u011b\u0161en\u00fd kostel\", kostel Abu Serga, me\u0161ita Amr)<\/li>\n<li>V\u00fdlet lod\u00ed po Nilu<\/li>\n<li>Ob\u011bd v restauraci v K\u00e1hi\u0159e<\/li>\n<\/ul>\n<p><strong>Nen\u00ed sou\u010d\u00e1st\u00ed dod\u00e1vky:<\/strong><\/p>\n<ul>\n<li>Transfery ze Sahl Hasheesh, Makadi Bay, El Gouna +$10 tam a zp\u011bt (pro skupinu a\u017e 6 osob).<\/li>\n<li>Transfer z venkovsk\u00fdch hotel\u016f v Soma Bay, Safaga +$20 tam i zp\u011bt (pro skupinu do 6 osob)<\/li>\n<li>N\u00e1poje<\/li>\n<\/ul>\n<p><strong>Vezm\u011bte si ji s sebou:<\/strong><\/p>\n<ul>\n<li>Pas<\/li>\n<li>Pokr\u00fdvka hlavy<\/li>\n<li>Pen\u00edze na osobn\u00ed v\u00fddaje a suven\u00fdry<\/li>\n<li>V\u00fdrobky osobn\u00ed p\u00e9\u010de<\/li>\n<li>Pitn\u00e1 voda<\/li>\n<li>Dopoledn\u00ed sva\u010dina (na recepci hotelu vysv\u011btlete, \u017ee brzy r\u00e1no odj\u00ed\u017ed\u00edte na v\u00fdlet a pot\u0159ebujete si p\u0159ipravit krabi\u010dku s ob\u011bdem, hotely tuto slu\u017ebu poskytuj\u00ed zdarma).<\/li>\n<li>Pohodln\u00e1 obuv<\/li>\n<li>Tepl\u00e9 oble\u010den\u00ed na cesty (v zim\u011b)<\/li>\n<\/ul>","protected":false},"excerpt":{"rendered":"<p><strong>Doba trv\u00e1n\u00ed:<\/strong> 1:00 &#8212; 23:00<\/p>\n<p><strong>Dny zadr\u017een\u00ed:<\/strong> \u00dater\u00fd<span class=\"selectable-text copyable-text\">, \u0421\u0440\u0435\u0434\u0430, \u041f\u044f\u0442\u043d\u0438\u0446\u0430, \u0421\u0443\u0431\u0431\u043e\u0442\u0430<\/span><\/p>","protected":false},"featured_media":25314,"template":"","meta":{"_kad_post_transparent":"default","_kad_post_title":"","_kad_post_layout":"default","_kad_post_sidebar_id":"","_kad_post_content_style":"default","_kad_post_vertical_padding":"default","_kad_post_feature":"","_kad_post_feature_position":"","_kad_post_header":false,"_kad_post_footer":false,"_kad_post_classname":"","_glsr_average":0,"_glsr_ranking":0,"_glsr_reviews":0},"product_brand":[],"product_cat":[479],"product_tag":[],"class_list":{"0":"post-25216","1":"product","2":"type-product","3":"status-publish","4":"has-post-thumbnail","6":"product_cat-hurghadatours","7":"tm-has-options","9":"first","10":"instock","11":"sale","12":"sold-individually","13":"taxable","14":"shipping-taxable","15":"purchasable","16":"product-type-simple","17":"entry","18":"content-bg","19":"loop-entry"},"yoast_head":"<!-- This site is optimized with the Yoast SEO plugin v27.3 - https:\/\/yoast.com\/product\/yoast-seo-wordpress\/ -->\n<title>\u0421\u0443\u043f\u0435\u0440 \u041a\u0430\u0438\u0440 (\u0412\u0441\u0451 \u0412\u043a\u043b\u044e\u0447\u0435\u043d\u043e) &#8226; \u042d\u043a\u0441\u043a\u0443\u0440\u0441\u0438\u0438 Skyline<\/title>\n<meta name=\"robots\" content=\"index, follow, max-snippet:-1, max-image-preview:large, max-video-preview:-1\" \/>\n<link rel=\"canonical\" href=\"https:\/\/skyline-gs.com\/cs\/produkt\/super-cairo-all-inclusive\/\" \/>\n<meta property=\"og:locale\" content=\"cs_CZ\" \/>\n<meta property=\"og:type\" content=\"article\" \/>\n<meta property=\"og:title\" content=\"\u0421\u0443\u043f\u0435\u0440 \u041a\u0430\u0438\u0440 (\u0412\u0441\u0451 \u0412\u043a\u043b\u044e\u0447\u0435\u043d\u043e) &#8226; \u042d\u043a\u0441\u043a\u0443\u0440\u0441\u0438\u0438 Skyline\" \/>\n<meta property=\"og:description\" content=\"\u0414\u043b\u0438\u0442\u0435\u043b\u044c\u043d\u043e\u0441\u0442\u044c: 1:00 - 23:00  \u0414\u043d\u0438 \u043f\u0440\u043e\u0432\u0435\u0434\u0435\u043d\u0438\u044f: \u0412\u0442\u043e\u0440\u043d\u0438\u043a, \u0421\u0440\u0435\u0434\u0430, \u041f\u044f\u0442\u043d\u0438\u0446\u0430, \u0421\u0443\u0431\u0431\u043e\u0442\u0430\" \/>\n<meta property=\"og:url\" content=\"https:\/\/skyline-gs.com\/cs\/produkt\/super-cairo-all-inclusive\/\" \/>\n<meta property=\"og:site_name\" content=\"\u042d\u043a\u0441\u043a\u0443\u0440\u0441\u0438\u0438 Skyline\" \/>\n<meta property=\"article:modified_time\" content=\"2025-10-26T06:34:49+00:00\" \/>\n<meta property=\"og:image\" content=\"https:\/\/skyline-gs.com\/wp-content\/uploads\/2022\/09\/Foto-na-sajt-3-1.png\" \/>\n\t<meta property=\"og:image:width\" content=\"669\" \/>\n\t<meta property=\"og:image:height\" content=\"446\" \/>\n\t<meta property=\"og:image:type\" content=\"image\/png\" \/>\n<meta name=\"twitter:card\" content=\"summary_large_image\" \/>\n<meta name=\"twitter:label1\" content=\"Odhadovan\u00e1 doba \u010dten\u00ed\" \/>\n\t<meta name=\"twitter:data1\" content=\"3 minuty\" \/>\n<script type=\"application\/ld+json\" class=\"yoast-schema-graph\">{\"@context\":\"https:\\\/\\\/schema.org\",\"@graph\":[{\"@type\":\"WebPage\",\"@id\":\"https:\\\/\\\/skyline-gs.com\\\/cs\\\/produkt\\\/super-cairo-all-inclusive\\\/\",\"url\":\"https:\\\/\\\/skyline-gs.com\\\/cs\\\/produkt\\\/super-cairo-all-inclusive\\\/\",\"name\":\"\u0421\u0443\u043f\u0435\u0440 \u041a\u0430\u0438\u0440 (\u0412\u0441\u0451 \u0412\u043a\u043b\u044e\u0447\u0435\u043d\u043e) &#8226; \u042d\u043a\u0441\u043a\u0443\u0440\u0441\u0438\u0438 Skyline\",\"isPartOf\":{\"@id\":\"https:\\\/\\\/skyline-gs.com\\\/it\\\/#website\"},\"primaryImageOfPage\":{\"@id\":\"https:\\\/\\\/skyline-gs.com\\\/cs\\\/produkt\\\/super-cairo-all-inclusive\\\/#primaryimage\"},\"image\":{\"@id\":\"https:\\\/\\\/skyline-gs.com\\\/cs\\\/produkt\\\/super-cairo-all-inclusive\\\/#primaryimage\"},\"thumbnailUrl\":\"https:\\\/\\\/skyline-gs.com\\\/wp-content\\\/uploads\\\/2022\\\/09\\\/Foto-na-sajt-3-1.png\",\"datePublished\":\"2022-09-08T12:01:47+00:00\",\"dateModified\":\"2025-10-26T06:34:49+00:00\",\"breadcrumb\":{\"@id\":\"https:\\\/\\\/skyline-gs.com\\\/cs\\\/produkt\\\/super-cairo-all-inclusive\\\/#breadcrumb\"},\"inLanguage\":\"cs\",\"potentialAction\":[{\"@type\":\"ReadAction\",\"target\":[\"https:\\\/\\\/skyline-gs.com\\\/cs\\\/produkt\\\/super-cairo-all-inclusive\\\/\"]}]},{\"@type\":\"ImageObject\",\"inLanguage\":\"cs\",\"@id\":\"https:\\\/\\\/skyline-gs.com\\\/cs\\\/produkt\\\/super-cairo-all-inclusive\\\/#primaryimage\",\"url\":\"https:\\\/\\\/skyline-gs.com\\\/wp-content\\\/uploads\\\/2022\\\/09\\\/Foto-na-sajt-3-1.png\",\"contentUrl\":\"https:\\\/\\\/skyline-gs.com\\\/wp-content\\\/uploads\\\/2022\\\/09\\\/Foto-na-sajt-3-1.png\",\"width\":669,\"height\":446},{\"@type\":\"BreadcrumbList\",\"@id\":\"https:\\\/\\\/skyline-gs.com\\\/cs\\\/produkt\\\/super-cairo-all-inclusive\\\/#breadcrumb\",\"itemListElement\":[{\"@type\":\"ListItem\",\"position\":1,\"name\":\"\u0413\u043b\u0430\u0432\u043d\u0430\u044f \u0441\u0442\u0440\u0430\u043d\u0438\u0446\u0430\",\"item\":\"https:\\\/\\\/skyline-gs.com\\\/hu\\\/\"},{\"@type\":\"ListItem\",\"position\":2,\"name\":\"\u041c\u0430\u0433\u0430\u0437\u0438\u043d\",\"item\":\"https:\\\/\\\/skyline-gs.com\\\/cs\\\/shop\\\/\"},{\"@type\":\"ListItem\",\"position\":3,\"name\":\"\u0421\u0443\u043f\u0435\u0440 \u041a\u0430\u0438\u0440 (\u0412\u0441\u0451 \u0412\u043a\u043b\u044e\u0447\u0435\u043d\u043e)\"}]},{\"@type\":\"WebSite\",\"@id\":\"https:\\\/\\\/skyline-gs.com\\\/it\\\/#website\",\"url\":\"https:\\\/\\\/skyline-gs.com\\\/it\\\/\",\"name\":\"\u042d\u043a\u0441\u043a\u0443\u0440\u0441\u0438\u0438 Skyline\",\"description\":\"\u042d\u043a\u0441\u043a\u043b\u044e\u0437\u0438\u0432\u043d\u044b\u0435 \u044d\u043a\u0441\u043a\u0443\u0440\u0441\u0438\u0438 \u043d\u0430 \u043b\u0443\u0447\u0448\u0438\u0445 \u043a\u0443\u0440\u043e\u0440\u0442\u0430\u0445 \u043c\u0438\u0440\u0430\",\"publisher\":{\"@id\":\"https:\\\/\\\/skyline-gs.com\\\/it\\\/#organization\"},\"alternateName\":\"Skyline\",\"potentialAction\":[{\"@type\":\"SearchAction\",\"target\":{\"@type\":\"EntryPoint\",\"urlTemplate\":\"https:\\\/\\\/skyline-gs.com\\\/it\\\/?s={search_term_string}\"},\"query-input\":{\"@type\":\"PropertyValueSpecification\",\"valueRequired\":true,\"valueName\":\"search_term_string\"}}],\"inLanguage\":\"cs\"},{\"@type\":\"Organization\",\"@id\":\"https:\\\/\\\/skyline-gs.com\\\/it\\\/#organization\",\"name\":\"\u042d\u043a\u0441\u043a\u0443\u0440\u0441\u0438\u0438 Skyline\",\"alternateName\":\"\u042d\u043a\u0441\u043a\u0443\u0440\u0441\u0438\u0438 Skyline\",\"url\":\"https:\\\/\\\/skyline-gs.com\\\/it\\\/\",\"logo\":{\"@type\":\"ImageObject\",\"inLanguage\":\"cs\",\"@id\":\"https:\\\/\\\/skyline-gs.com\\\/it\\\/#\\\/schema\\\/logo\\\/image\\\/\",\"url\":\"https:\\\/\\\/skyline-gs.com\\\/wp-content\\\/uploads\\\/2020\\\/12\\\/cropped-logo-2.png\",\"contentUrl\":\"https:\\\/\\\/skyline-gs.com\\\/wp-content\\\/uploads\\\/2020\\\/12\\\/cropped-logo-2.png\",\"width\":512,\"height\":512,\"caption\":\"\u042d\u043a\u0441\u043a\u0443\u0440\u0441\u0438\u0438 Skyline\"},\"image\":{\"@id\":\"https:\\\/\\\/skyline-gs.com\\\/it\\\/#\\\/schema\\\/logo\\\/image\\\/\"},\"sameAs\":[\"https:\\\/\\\/www.instagram.com\\\/skylineglobalservice\\\/\"]}]}<\/script>\n<!-- \/ Yoast SEO plugin. -->","yoast_head_json":{"title":"\u0421\u0443\u043f\u0435\u0440 \u041a\u0430\u0438\u0440 (\u0412\u0441\u0451 \u0412\u043a\u043b\u044e\u0447\u0435\u043d\u043e) &#8226; \u042d\u043a\u0441\u043a\u0443\u0440\u0441\u0438\u0438 Skyline","robots":{"index":"index","follow":"follow","max-snippet":"max-snippet:-1","max-image-preview":"max-image-preview:large","max-video-preview":"max-video-preview:-1"},"canonical":"https:\/\/skyline-gs.com\/cs\/produkt\/super-cairo-all-inclusive\/","og_locale":"cs_CZ","og_type":"article","og_title":"\u0421\u0443\u043f\u0435\u0440 \u041a\u0430\u0438\u0440 (\u0412\u0441\u0451 \u0412\u043a\u043b\u044e\u0447\u0435\u043d\u043e) &#8226; \u042d\u043a\u0441\u043a\u0443\u0440\u0441\u0438\u0438 Skyline","og_description":"\u0414\u043b\u0438\u0442\u0435\u043b\u044c\u043d\u043e\u0441\u0442\u044c: 1:00 - 23:00  \u0414\u043d\u0438 \u043f\u0440\u043e\u0432\u0435\u0434\u0435\u043d\u0438\u044f: \u0412\u0442\u043e\u0440\u043d\u0438\u043a, \u0421\u0440\u0435\u0434\u0430, \u041f\u044f\u0442\u043d\u0438\u0446\u0430, \u0421\u0443\u0431\u0431\u043e\u0442\u0430","og_url":"https:\/\/skyline-gs.com\/cs\/produkt\/super-cairo-all-inclusive\/","og_site_name":"\u042d\u043a\u0441\u043a\u0443\u0440\u0441\u0438\u0438 Skyline","article_modified_time":"2025-10-26T06:34:49+00:00","og_image":[{"width":669,"height":446,"url":"https:\/\/skyline-gs.com\/wp-content\/uploads\/2022\/09\/Foto-na-sajt-3-1.png","type":"image\/png"}],"twitter_card":"summary_large_image","twitter_misc":{"Odhadovan\u00e1 doba \u010dten\u00ed":"3 minuty"},"schema":{"@context":"https:\/\/schema.org","@graph":[{"@type":"WebPage","@id":"https:\/\/skyline-gs.com\/cs\/produkt\/super-cairo-all-inclusive\/","url":"https:\/\/skyline-gs.com\/cs\/produkt\/super-cairo-all-inclusive\/","name":"\u0421\u0443\u043f\u0435\u0440 \u041a\u0430\u0438\u0440 (\u0412\u0441\u0451 \u0412\u043a\u043b\u044e\u0447\u0435\u043d\u043e) &#8226; \u042d\u043a\u0441\u043a\u0443\u0440\u0441\u0438\u0438 Skyline","isPartOf":{"@id":"https:\/\/skyline-gs.com\/it\/#website"},"primaryImageOfPage":{"@id":"https:\/\/skyline-gs.com\/cs\/produkt\/super-cairo-all-inclusive\/#primaryimage"},"image":{"@id":"https:\/\/skyline-gs.com\/cs\/produkt\/super-cairo-all-inclusive\/#primaryimage"},"thumbnailUrl":"https:\/\/skyline-gs.com\/wp-content\/uploads\/2022\/09\/Foto-na-sajt-3-1.png","datePublished":"2022-09-08T12:01:47+00:00","dateModified":"2025-10-26T06:34:49+00:00","breadcrumb":{"@id":"https:\/\/skyline-gs.com\/cs\/produkt\/super-cairo-all-inclusive\/#breadcrumb"},"inLanguage":"cs","potentialAction":[{"@type":"ReadAction","target":["https:\/\/skyline-gs.com\/cs\/produkt\/super-cairo-all-inclusive\/"]}]},{"@type":"ImageObject","inLanguage":"cs","@id":"https:\/\/skyline-gs.com\/cs\/produkt\/super-cairo-all-inclusive\/#primaryimage","url":"https:\/\/skyline-gs.com\/wp-content\/uploads\/2022\/09\/Foto-na-sajt-3-1.png","contentUrl":"https:\/\/skyline-gs.com\/wp-content\/uploads\/2022\/09\/Foto-na-sajt-3-1.png","width":669,"height":446},{"@type":"BreadcrumbList","@id":"https:\/\/skyline-gs.com\/cs\/produkt\/super-cairo-all-inclusive\/#breadcrumb","itemListElement":[{"@type":"ListItem","position":1,"name":"\u0413\u043b\u0430\u0432\u043d\u0430\u044f \u0441\u0442\u0440\u0430\u043d\u0438\u0446\u0430","item":"https:\/\/skyline-gs.com\/hu\/"},{"@type":"ListItem","position":2,"name":"\u041c\u0430\u0433\u0430\u0437\u0438\u043d","item":"https:\/\/skyline-gs.com\/cs\/shop\/"},{"@type":"ListItem","position":3,"name":"\u0421\u0443\u043f\u0435\u0440 \u041a\u0430\u0438\u0440 (\u0412\u0441\u0451 \u0412\u043a\u043b\u044e\u0447\u0435\u043d\u043e)"}]},{"@type":"WebSite","@id":"https:\/\/skyline-gs.com\/it\/#website","url":"https:\/\/skyline-gs.com\/it\/","name":"Skyline V\u00fdlety","description":"Exkluzivn\u00ed v\u00fdlety do nejlep\u0161\u00edch sv\u011btov\u00fdch letovisek","publisher":{"@id":"https:\/\/skyline-gs.com\/it\/#organization"},"alternateName":"Skyline","potentialAction":[{"@type":"SearchAction","target":{"@type":"EntryPoint","urlTemplate":"https:\/\/skyline-gs.com\/it\/?s={search_term_string}"},"query-input":{"@type":"PropertyValueSpecification","valueRequired":true,"valueName":"search_term_string"}}],"inLanguage":"cs"},{"@type":"Organization","@id":"https:\/\/skyline-gs.com\/it\/#organization","name":"Skyline V\u00fdlety","alternateName":"\u042d\u043a\u0441\u043a\u0443\u0440\u0441\u0438\u0438 Skyline","url":"https:\/\/skyline-gs.com\/it\/","logo":{"@type":"ImageObject","inLanguage":"cs","@id":"https:\/\/skyline-gs.com\/it\/#\/schema\/logo\/image\/","url":"https:\/\/skyline-gs.com\/wp-content\/uploads\/2020\/12\/cropped-logo-2.png","contentUrl":"https:\/\/skyline-gs.com\/wp-content\/uploads\/2020\/12\/cropped-logo-2.png","width":512,"height":512,"caption":"\u042d\u043a\u0441\u043a\u0443\u0440\u0441\u0438\u0438 Skyline"},"image":{"@id":"https:\/\/skyline-gs.com\/it\/#\/schema\/logo\/image\/"},"sameAs":["https:\/\/www.instagram.com\/skylineglobalservice\/"]}]}},"_links":{"self":[{"href":"https:\/\/skyline-gs.com\/cs\/wp-json\/wp\/v2\/product\/25216","targetHints":{"allow":["GET"]}}],"collection":[{"href":"https:\/\/skyline-gs.com\/cs\/wp-json\/wp\/v2\/product"}],"about":[{"href":"https:\/\/skyline-gs.com\/cs\/wp-json\/wp\/v2\/types\/product"}],"version-history":[{"count":0,"href":"https:\/\/skyline-gs.com\/cs\/wp-json\/wp\/v2\/product\/25216\/revisions"}],"wp:featuredmedia":[{"embeddable":true,"href":"https:\/\/skyline-gs.com\/cs\/wp-json\/wp\/v2\/media\/25314"}],"wp:attachment":[{"href":"https:\/\/skyline-gs.com\/cs\/wp-json\/wp\/v2\/media?parent=25216"}],"wp:term":[{"taxonomy":"product_brand","embeddable":true,"href":"https:\/\/skyline-gs.com\/cs\/wp-json\/wp\/v2\/product_brand?post=25216"},{"taxonomy":"product_cat","embeddable":true,"href":"https:\/\/skyline-gs.com\/cs\/wp-json\/wp\/v2\/product_cat?post=25216"},{"taxonomy":"product_tag","embeddable":true,"href":"https:\/\/skyline-gs.com\/cs\/wp-json\/wp\/v2\/product_tag?post=25216"}],"curies":[{"name":"wp","href":"https:\/\/api.w.org\/{rel}","templated":true}]}}