{"id":24535,"date":"2021-06-24T14:54:10","date_gmt":"2021-06-24T12:54:10","guid":{"rendered":"http:\/\/skyline-gs.com\/?post_type=product&#038;p=24535"},"modified":"2025-12-16T15:04:39","modified_gmt":"2025-12-16T13:04:39","slug":"mount-moses-and-st-catherine-s-monastery-sharm","status":"publish","type":"product","link":"https:\/\/skyline-gs.com\/cs\/product\/mount-moses-and-st-catherine-s-monastery-sharm\/","title":{"rendered":"Moj\u017e\u00ed\u0161ova hora a kl\u00e1\u0161ter svat\u00e9 Kate\u0159iny"},"content":{"rendered":"<p>Moj\u017e\u00ed\u0161ova hora neboli hora Sinaj a kl\u00e1\u0161ter svat\u00e9 Kate\u0159iny ze \u0160arm a\u0161-\u0160ajchu je \u00fa\u017easnou p\u0159\u00edle\u017eitost\u00ed setkat se s \u00fasvitem na Moj\u017e\u00ed\u0161ov\u011b ho\u0159e, abyste se duchovn\u011b o\u010distili a dotkli se posv\u00e1tn\u00fdch relikvi\u00ed v jednom z nejstar\u0161\u00edch kl\u00e1\u0161ter\u016f na sv\u011bt\u011b popsan\u00fdch v Bibli.<\/p>\n<p>Odjezd ze \u0160arm a\u0161-\u0160ajchu kolem 20.00. Po dvou a p\u016fl hodin\u00e1ch j\u00edzdy budete m\u00edt p\u0159ed sebou Moj\u017e\u00ed\u0161ovu horu, na kterou v\u00e1s \u010dek\u00e1 poutn\u00ed v\u00fdstup. Zku\u0161en\u00fd pr\u016fvodce v\u00e1m pom\u016f\u017ee dos\u00e1hnout vrcholu hory Sinaj ve v\u00fd\u0161ce 2285 metr\u016f. Moj\u017e\u00ed\u0161ova hora a v\u00fdhled z jej\u00edho vrcholu je z\u00e1\u017eitek s\u00e1m o sob\u011b. Pohled je n\u00e1dhern\u00fd a rozhodn\u011b stoj\u00ed za n\u00e1mahu. Cel\u00e1 trasa je dlouh\u00e1 p\u0159ibli\u017en\u011b 7 kilometr\u016f. V\u00fdstup na vrchol netrv\u00e1 d\u00e9le ne\u017e 3 hodiny. Na Moj\u017e\u00ed\u0161ovu horu vystupuj\u00ed po\u010detn\u00e9 skupiny poutn\u00edk\u016f, aby p\u0159iv\u00edtali \u00fasvit a p\u0159ijali bo\u017esk\u00e9 po\u017eehn\u00e1n\u00ed a o\u010distu.<\/p>\n<p><strong>Skladba 1:<\/strong> m\u00edrnou serpentinou, pak budete muset zdolat 750 schod\u016f. Po t\u0159\u00edhodinov\u00e9 cest\u011b se m\u016f\u017eete na vrcholu posadit, soust\u0159edit se na sv\u00e9 my\u0161lenky, pomodlit se nebo si jen vychutnat v\u00fdchod slunce.<br \/>\nP\u0159edstavte si - Moj\u017e\u00ed\u0161ova hora je m\u00edsto, kde B\u016fh dal Moj\u017e\u00ed\u0161ovi p\u0159ik\u00e1z\u00e1n\u00ed pro d\u011bti Izraele (10 p\u0159ik\u00e1z\u00e1n\u00ed). Tradice \u0159\u00edk\u00e1, \u017ee ti, kte\u0159\u00ed urazili n\u00e1ro\u010dnou cestu na horu Sinaj a na jej\u00edm vrcholu se setkali se sv\u00edt\u00e1n\u00edm, z\u00edskaj\u00ed odpu\u0161t\u011bn\u00ed h\u0159\u00edch\u016f.<\/p>\n<p><strong>Skladba 2:<\/strong> Pokud m\u00e1te pocit, \u017ee na horu sami nevylezete, m\u016f\u017eete si za 15$ pronajmout velblouda od bedu\u00edn\u016f.<\/p>\n<p>\u041f\u043e\u0441\u043b\u0435 \u0432\u0441\u0442\u0440\u0435\u0447\u0438 \u0440\u0430\u0441\u0441\u0432\u0435\u0442\u0430, \u0412\u044b \u0441\u043f\u0443\u0441\u043a\u0430\u0435\u0442\u0435\u0441\u044c \u0441 \u0433\u043e\u0440\u044b \u0438 \u0443\u0432\u0438\u0434\u0438\u0442\u0435 \u041c\u043e\u043d\u0430\u0441\u0442\u044b\u0440\u044e \u0441\u0432\u044f\u0442\u043e\u0439 \u0415\u043a\u0430\u0442\u0435\u0440\u0438\u043d\u044b. \u041c\u043e\u043d\u0430\u0441\u0442\u044b\u0440\u044c, \u0440\u0430\u0441\u043f\u043e\u043b\u043e\u0436\u0435\u043d\u043d\u044b\u0439 \u0443 \u0433\u043e\u0440\u044b \u041c\u043e\u0438\u0441\u0435\u044f, \u043d\u0430\u0437\u0432\u0430\u043d \u0432 \u0447\u0435\u0441\u0442\u044c \u0421\u0432\u044f\u0442\u043e\u0439 \u0415\u043a\u0430\u0442\u0435\u0440\u0438\u043d\u044b, \u043f\u0440\u0438\u043d\u044f\u0432\u0448\u0435\u0439 \u043c\u0443\u0447\u0435\u043d\u0438\u0447\u0435\u0441\u043a\u0443\u044e \u0441\u043c\u0435\u0440\u0442\u044c \u0437\u0430 \u0445\u0440\u0438\u0441\u0442\u0438\u0430\u043d\u0441\u043a\u0443\u044e \u0432\u0435\u0440\u0443. \u0412\u044b \u0443\u0432\u0438\u0434\u0438\u0442\u0435 \u0438 \u0443\u0437\u043d\u0430\u0435\u0442\u0435 \u0438\u0441\u0442\u043e\u0440\u0438\u044e, \u043e \u0432\u0445\u043e\u0434\u044f\u0449\u0438\u0445 \u0432 \u043a\u043e\u043c\u043f\u043b\u0435\u043a\u0441 \u043c\u043e\u043d\u0430\u0441\u0442\u044b\u0440\u044f \u0431\u0438\u0431\u043b\u0435\u0439\u0441\u043a\u0438\u0445 \u0430\u0440\u0442\u0435\u0444\u0430\u043a\u0442\u0430\u0445: \u0442\u0435\u0440\u043d\u043e\u0432\u043e\u043c \u043a\u0443\u0441\u0442\u0435 \u0438 \u0447\u0430\u0441\u043e\u0432\u043d\u0435 \u041d\u0435\u043e\u043f\u0430\u043b\u0438\u043c\u043e\u0439 \u041a\u0443\u043f\u0438\u043d\u044b, \u041a\u043e\u043b\u043e\u0434\u0446\u0435 \u041c\u043e\u0438\u0441\u0435\u044f, \u0430 \u0442\u0430\u043a \u0436\u0435 \u0411\u0430\u0437\u0438\u043b\u0438\u043a\u0435 \u041f\u0440\u0435\u043e\u0431\u0440\u0430\u0436\u0435\u043d\u0438\u044f \u2014 \u0433\u043b\u0430\u0432\u043d\u043e\u043c \u0445\u0440\u0430\u043c\u0435 \u043c\u043e\u043d\u0430\u0441\u0442\u044b\u0440\u044f. \u0413\u0440\u0435\u0447\u0435\u0441\u043a\u0438\u0439 \u041f\u0440\u0430\u0432\u043e\u0441\u043b\u0430\u0432\u043d\u044b\u0439 \u043c\u043e\u043d\u0430\u0441\u0442\u044b\u0440\u044c, \u043d\u0430\u0445\u043e\u0434\u0438\u0442\u0441\u044f \u0438 \u0431\u044b\u043b \u043f\u043e\u0441\u0442\u0440\u043e\u0435\u043d \u043c\u0435\u0436\u0434\u0443 548 \u0438 565 \u0433\u043e\u0434\u0430\u043c\u0438 \u043d.\u044d. \u041c\u043e\u043d\u0430\u0441\u0442\u044b\u0440\u044c \u043d\u0438\u043a\u043e\u0433\u0434\u0430 \u043d\u0435 \u0440\u0430\u0437\u0440\u0443\u0448\u0430\u043b\u0441\u044f \u0437\u0430 \u0432\u0441\u044e \u0435\u0433\u043e \u0438\u0441\u0442\u043e\u0440\u0438\u044e. \u0415\u0433\u043e \u043d\u0430\u0441\u043b\u0435\u0434\u0438\u0435 \u0441\u043e\u0445\u0440\u0430\u043d\u0438\u043b\u043e \u043f\u0435\u0440\u0432\u043e\u0437\u0434\u0430\u043d\u043d\u044b\u0439 \u0432\u0438\u0434, \u043f\u0440\u043e\u0439\u0434\u044f \u0441\u043a\u0432\u043e\u0437\u044c \u0442\u044b\u0441\u044f\u0447\u0435\u043b\u0435\u0442\u0438\u044f. \u0421\u043e\u0433\u043b\u0430\u0441\u043d\u043e \u043f\u0440\u0435\u0434\u0430\u043d\u0438\u044e \u043e\u043d \u0440\u0430\u0441\u043f\u043e\u043b\u043e\u0436\u0435\u043d \u0432 \u0442\u043e\u043c \u0441\u0430\u043c\u043e\u043c \u043c\u0435\u0441\u0442\u0435, \u0433\u0434\u0435 \u0432 \u043e\u0431\u044a\u044f\u0442\u043e\u043c \u043f\u043b\u0430\u043c\u0435\u043d\u0435\u043c \u0422\u0435\u0440\u043d\u043e\u0432\u043e\u043c \u041a\u0443\u0441\u0442\u0435 \u00ab\u041d\u0435\u043e\u043f\u0430\u043b\u0438\u043c\u043e\u0439 \u041a\u0443\u043f\u0438\u043d\u0435\u00bb, \u0413\u043e\u0441\u043f\u043e\u0434\u044c \u044f\u0432\u0438\u043b\u0441\u044f \u041c\u043e\u0438\u0441\u0435\u044e \u0438 \u0432\u043e\u0437\u0437\u0432\u0430\u043b \u0435\u0433\u043e, \u0432\u044b\u0432\u0435\u0441\u0442\u0438 \u0438\u0437 \u0415\u0433\u0438\u043f\u0442\u0430 \u00ab\u0441\u044b\u043d\u043e\u0432 \u0418\u0437\u0440\u0430\u0438\u043b\u0435\u0432\u044b\u0445\u00bb \u0432 \u041e\u0431\u0435\u0442\u043e\u0432\u0430\u043d\u043d\u0443\u044e \u0437\u0435\u043c\u043b\u044e. \u042d\u0442\u043e\u0442 \u0441\u0432\u044f\u0449\u0435\u043d\u043d\u044b\u0439 \u043a\u0443\u0441\u0442 \u0432\u043f\u043e\u0441\u043b\u0435\u0434\u0441\u0442\u0432\u0438\u0438 \u0431\u044b\u043b \u043f\u0435\u0440\u0435\u043d\u0435\u0441\u0435\u043d \u043d\u0430 \u043d\u0435\u0441\u043a\u043e\u043b\u044c\u043a\u043e \u043c\u0435\u0442\u0440\u043e\u0432 \u0432\u043e \u0432\u043d\u0443\u0442\u0440\u0435\u043d\u043d\u0438\u0439 \u0434\u0432\u043e\u0440 \u043c\u043e\u043d\u0430\u0441\u0442\u044b\u0440\u044f, \u0430 \u043d\u0430 \u043f\u0440\u0435\u0436\u043d\u0435\u043c \u043c\u0435\u0441\u0442\u0435 \u0432\u044b\u0441\u0442\u0440\u043e\u0435\u043d\u0430 \u0447\u0430\u0441\u043e\u0432\u043d\u044f \u0411\u043b\u0430\u0433\u043e\u0432\u0435\u0449\u0435\u043d\u0438\u044f \u0441 \u0441\u0435\u0440\u0435\u0431\u0440\u044f\u043d\u043e\u0439 \u0437\u0432\u0435\u0437\u0434\u043e\u0439, \u0443\u043a\u0430\u0437\u044b\u0432\u0430\u044e\u0449\u0435\u0439 \u043d\u0430 \u043c\u0435\u0441\u0442\u043e, \u0433\u0434\u0435 \u043a\u043e\u0440\u043d\u0438 \u043a\u0443\u0441\u0442\u0430 \u0432\u044b\u0445\u043e\u0434\u0438\u043b\u0438 \u0438\u0437 \u0437\u0435\u043c\u043b\u0438. \u0411\u0435\u0437 \u0441\u043e\u043c\u043d\u0435\u043d\u0438\u044f, \u0412\u044b \u0431\u0443\u0434\u0435\u0442\u0435 \u043e\u0447\u0430\u0440\u043e\u0432\u0430\u043d\u044b \u043a\u0440\u0430\u0441\u043e\u0442\u043e\u0439 \u0438 \u0432\u0435\u043b\u0438\u0447\u0438\u0435\u043c \u044d\u0442\u0438\u0445 \u0441\u0432\u044f\u0442\u044b\u0445 \u043c\u0435\u0441\u0442.<\/p>\n<p>N\u00e1vrat do hotelu kolem 14:00.<\/p>\n<p><strong>V\u010detn\u011b:<\/strong><\/p>\n<ul>\n<li>Transfery z hotelu a do hotelu<\/li>\n<li>V\u0161echny transfery na trase<\/li>\n<li>rusky mluv\u00edc\u00ed pr\u016fvodce<\/li>\n<li>Prohl\u00eddka kl\u00e1\u0161tera<\/li>\n<li>Pochode\u0148<\/li>\n<\/ul>\n<p><strong>Nen\u00ed sou\u010d\u00e1st\u00ed dod\u00e1vky:<\/strong><\/p>\n<ul>\n<li>Sn\u00eddan\u011b<\/li>\n<li>N\u00e1poje<\/li>\n<li>V\u00fdstup a sestup na velbloudech - na vy\u017e\u00e1d\u00e1n\u00ed<\/li>\n<\/ul>\n<p><strong>Vezm\u011bte si ji s sebou:<\/strong><\/p>\n<ul>\n<li>Cestovn\u00ed pas (origin\u00e1l) a kopie pasu (1 kopie).<\/li>\n<li>Sn\u00eddan\u011b s sebou (objednejte si ji den p\u0159ed odjezdem na recepci hotelu, je zdarma).<\/li>\n<li>Tepl\u00e9 oble\u010den\u00ed<\/li>\n<li>P\u0159i n\u00e1v\u0161t\u011bv\u011b svat\u00fdch m\u00edst doporu\u010dujeme nosit oble\u010den\u00ed, kter\u00e9 zakr\u00fdv\u00e1 ramena a kolena, N\u00e1v\u0161t\u011bvy \u017een.<\/li>\n<li>Svatyn\u011b v kalhot\u00e1ch jsou povoleny. \u017deny jsou povinny nosit pokr\u00fdvku hlavy nebo \u0161\u00e1tek.<\/li>\n<li>Fotoapar\u00e1t, kamera<\/li>\n<li>Pen\u00edze na: n\u00e1kup n\u00e1poj\u016f, n\u00e1kup suven\u00fdr\u016f a osobn\u00ed v\u00fddaje.<\/li>\n<li>Sportovn\u00ed obuv<\/li>\n<li>Pitn\u00e1 voda<\/li>\n<li>Slune\u010dn\u00ed br\u00fdle<\/li>\n<\/ul>","protected":false},"excerpt":{"rendered":"<p><strong>Doba prohl\u00eddky:<\/strong> 20:00 &#8212; 14:00<\/p>\n<p><strong>Dny zadr\u017een\u00ed:<\/strong> \u0421\u0440\u0435\u0434\u0430, \u041f\u044f\u0442\u043d\u0438\u0446\u0430, \u0412\u043e\u0441\u043a\u0440\u0435\u0441\u0435\u043d\u044c\u0435<\/p>","protected":false},"featured_media":51041,"template":"","meta":{"_kad_post_transparent":"default","_kad_post_title":"","_kad_post_layout":"default","_kad_post_sidebar_id":"","_kad_post_content_style":"default","_kad_post_vertical_padding":"default","_kad_post_feature":"","_kad_post_feature_position":"","_kad_post_header":false,"_kad_post_footer":false,"_kad_post_classname":"","_glsr_average":0,"_glsr_ranking":0,"_glsr_reviews":0},"product_brand":[],"product_cat":[435],"product_tag":[],"class_list":{"0":"post-24535","1":"product","2":"type-product","3":"status-publish","4":"has-post-thumbnail","6":"product_cat-sharm-el-sheikh","7":"tm-has-options","9":"first","10":"instock","11":"sale","12":"sold-individually","13":"taxable","14":"shipping-taxable","15":"purchasable","16":"product-type-simple","17":"entry","18":"content-bg","19":"loop-entry"},"yoast_head":"<!-- This site is optimized with the Yoast SEO plugin v27.3 - https:\/\/yoast.com\/product\/yoast-seo-wordpress\/ -->\n<title>\u0413\u043e\u0440\u0430 \u041c\u043e\u0438\u0441\u0435\u044f \u0438 \u043c\u043e\u043d\u0430\u0441\u0442\u044b\u0440\u044c \u0421\u0432\u044f\u0442\u043e\u0439 \u0415\u043a\u0430\u0442\u0435\u0440\u0438\u043d\u044b &#8226; \u042d\u043a\u0441\u043a\u0443\u0440\u0441\u0438\u0438 Skyline<\/title>\n<meta name=\"robots\" content=\"index, follow, max-snippet:-1, max-image-preview:large, max-video-preview:-1\" \/>\n<link rel=\"canonical\" href=\"http:\/\/skyline-gs.com\/cs\/produkt\/mount-moses-and-st-catherine-s-monastery-sharm\/\" \/>\n<meta property=\"og:locale\" content=\"cs_CZ\" \/>\n<meta property=\"og:type\" content=\"article\" \/>\n<meta property=\"og:title\" content=\"\u0413\u043e\u0440\u0430 \u041c\u043e\u0438\u0441\u0435\u044f \u0438 \u043c\u043e\u043d\u0430\u0441\u0442\u044b\u0440\u044c \u0421\u0432\u044f\u0442\u043e\u0439 \u0415\u043a\u0430\u0442\u0435\u0440\u0438\u043d\u044b &#8226; \u042d\u043a\u0441\u043a\u0443\u0440\u0441\u0438\u0438 Skyline\" \/>\n<meta property=\"og:description\" content=\"\u0412\u0440\u0435\u043c\u044f \u0442\u0443\u0440\u0430: 20:00 - 14:00  \u0414\u043d\u0438 \u043f\u0440\u043e\u0432\u0435\u0434\u0435\u043d\u0438\u044f: \u0421\u0440\u0435\u0434\u0430, \u041f\u044f\u0442\u043d\u0438\u0446\u0430, \u0412\u043e\u0441\u043a\u0440\u0435\u0441\u0435\u043d\u044c\u0435\" \/>\n<meta property=\"og:url\" content=\"http:\/\/skyline-gs.com\/cs\/produkt\/mount-moses-and-st-catherine-s-monastery-sharm\/\" \/>\n<meta property=\"og:site_name\" content=\"\u042d\u043a\u0441\u043a\u0443\u0440\u0441\u0438\u0438 Skyline\" \/>\n<meta property=\"article:modified_time\" content=\"2025-12-16T13:04:39+00:00\" \/>\n<meta property=\"og:image\" content=\"https:\/\/skyline-gs.com\/wp-content\/uploads\/2021\/06\/145-6.jpg\" \/>\n\t<meta property=\"og:image:width\" content=\"960\" \/>\n\t<meta property=\"og:image:height\" content=\"540\" \/>\n\t<meta property=\"og:image:type\" content=\"image\/jpeg\" \/>\n<meta name=\"twitter:card\" content=\"summary_large_image\" \/>\n<meta name=\"twitter:label1\" content=\"Odhadovan\u00e1 doba \u010dten\u00ed\" \/>\n\t<meta name=\"twitter:data1\" content=\"3 minuty\" \/>\n<script type=\"application\/ld+json\" class=\"yoast-schema-graph\">{\"@context\":\"https:\\\/\\\/schema.org\",\"@graph\":[{\"@type\":\"WebPage\",\"@id\":\"http:\\\/\\\/skyline-gs.com\\\/it\\\/prodotto\\\/mount-moses-and-st-catherine-s-monastery-sharm\\\/\",\"url\":\"http:\\\/\\\/skyline-gs.com\\\/it\\\/prodotto\\\/mount-moses-and-st-catherine-s-monastery-sharm\\\/\",\"name\":\"\u0413\u043e\u0440\u0430 \u041c\u043e\u0438\u0441\u0435\u044f \u0438 \u043c\u043e\u043d\u0430\u0441\u0442\u044b\u0440\u044c \u0421\u0432\u044f\u0442\u043e\u0439 \u0415\u043a\u0430\u0442\u0435\u0440\u0438\u043d\u044b &#8226; \u042d\u043a\u0441\u043a\u0443\u0440\u0441\u0438\u0438 Skyline\",\"isPartOf\":{\"@id\":\"https:\\\/\\\/skyline-gs.com\\\/it\\\/#website\"},\"primaryImageOfPage\":{\"@id\":\"http:\\\/\\\/skyline-gs.com\\\/it\\\/prodotto\\\/mount-moses-and-st-catherine-s-monastery-sharm\\\/#primaryimage\"},\"image\":{\"@id\":\"http:\\\/\\\/skyline-gs.com\\\/it\\\/prodotto\\\/mount-moses-and-st-catherine-s-monastery-sharm\\\/#primaryimage\"},\"thumbnailUrl\":\"https:\\\/\\\/skyline-gs.com\\\/wp-content\\\/uploads\\\/2021\\\/06\\\/145-6.jpg\",\"datePublished\":\"2021-06-24T12:54:10+00:00\",\"dateModified\":\"2025-12-16T13:04:39+00:00\",\"breadcrumb\":{\"@id\":\"http:\\\/\\\/skyline-gs.com\\\/it\\\/prodotto\\\/mount-moses-and-st-catherine-s-monastery-sharm\\\/#breadcrumb\"},\"inLanguage\":\"cs\",\"potentialAction\":[{\"@type\":\"ReadAction\",\"target\":[\"http:\\\/\\\/skyline-gs.com\\\/it\\\/prodotto\\\/mount-moses-and-st-catherine-s-monastery-sharm\\\/\"]}]},{\"@type\":\"ImageObject\",\"inLanguage\":\"cs\",\"@id\":\"http:\\\/\\\/skyline-gs.com\\\/it\\\/prodotto\\\/mount-moses-and-st-catherine-s-monastery-sharm\\\/#primaryimage\",\"url\":\"https:\\\/\\\/skyline-gs.com\\\/wp-content\\\/uploads\\\/2021\\\/06\\\/145-6.jpg\",\"contentUrl\":\"https:\\\/\\\/skyline-gs.com\\\/wp-content\\\/uploads\\\/2021\\\/06\\\/145-6.jpg\",\"width\":960,\"height\":540},{\"@type\":\"BreadcrumbList\",\"@id\":\"http:\\\/\\\/skyline-gs.com\\\/it\\\/prodotto\\\/mount-moses-and-st-catherine-s-monastery-sharm\\\/#breadcrumb\",\"itemListElement\":[{\"@type\":\"ListItem\",\"position\":1,\"name\":\"\u0413\u043b\u0430\u0432\u043d\u0430\u044f \u0441\u0442\u0440\u0430\u043d\u0438\u0446\u0430\",\"item\":\"https:\\\/\\\/skyline-gs.com\\\/hu\\\/\"},{\"@type\":\"ListItem\",\"position\":2,\"name\":\"\u041c\u0430\u0433\u0430\u0437\u0438\u043d\",\"item\":\"https:\\\/\\\/skyline-gs.com\\\/cs\\\/shop\\\/\"},{\"@type\":\"ListItem\",\"position\":3,\"name\":\"\u0413\u043e\u0440\u0430 \u041c\u043e\u0438\u0441\u0435\u044f \u0438 \u043c\u043e\u043d\u0430\u0441\u0442\u044b\u0440\u044c \u0421\u0432\u044f\u0442\u043e\u0439 \u0415\u043a\u0430\u0442\u0435\u0440\u0438\u043d\u044b\"}]},{\"@type\":\"WebSite\",\"@id\":\"https:\\\/\\\/skyline-gs.com\\\/it\\\/#website\",\"url\":\"https:\\\/\\\/skyline-gs.com\\\/it\\\/\",\"name\":\"\u042d\u043a\u0441\u043a\u0443\u0440\u0441\u0438\u0438 Skyline\",\"description\":\"\u042d\u043a\u0441\u043a\u043b\u044e\u0437\u0438\u0432\u043d\u044b\u0435 \u044d\u043a\u0441\u043a\u0443\u0440\u0441\u0438\u0438 \u043d\u0430 \u043b\u0443\u0447\u0448\u0438\u0445 \u043a\u0443\u0440\u043e\u0440\u0442\u0430\u0445 \u043c\u0438\u0440\u0430\",\"publisher\":{\"@id\":\"https:\\\/\\\/skyline-gs.com\\\/it\\\/#organization\"},\"alternateName\":\"Skyline\",\"potentialAction\":[{\"@type\":\"SearchAction\",\"target\":{\"@type\":\"EntryPoint\",\"urlTemplate\":\"https:\\\/\\\/skyline-gs.com\\\/it\\\/?s={search_term_string}\"},\"query-input\":{\"@type\":\"PropertyValueSpecification\",\"valueRequired\":true,\"valueName\":\"search_term_string\"}}],\"inLanguage\":\"cs\"},{\"@type\":\"Organization\",\"@id\":\"https:\\\/\\\/skyline-gs.com\\\/it\\\/#organization\",\"name\":\"\u042d\u043a\u0441\u043a\u0443\u0440\u0441\u0438\u0438 Skyline\",\"alternateName\":\"\u042d\u043a\u0441\u043a\u0443\u0440\u0441\u0438\u0438 Skyline\",\"url\":\"https:\\\/\\\/skyline-gs.com\\\/it\\\/\",\"logo\":{\"@type\":\"ImageObject\",\"inLanguage\":\"cs\",\"@id\":\"https:\\\/\\\/skyline-gs.com\\\/it\\\/#\\\/schema\\\/logo\\\/image\\\/\",\"url\":\"https:\\\/\\\/skyline-gs.com\\\/wp-content\\\/uploads\\\/2020\\\/12\\\/cropped-logo-2.png\",\"contentUrl\":\"https:\\\/\\\/skyline-gs.com\\\/wp-content\\\/uploads\\\/2020\\\/12\\\/cropped-logo-2.png\",\"width\":512,\"height\":512,\"caption\":\"\u042d\u043a\u0441\u043a\u0443\u0440\u0441\u0438\u0438 Skyline\"},\"image\":{\"@id\":\"https:\\\/\\\/skyline-gs.com\\\/it\\\/#\\\/schema\\\/logo\\\/image\\\/\"},\"sameAs\":[\"https:\\\/\\\/www.instagram.com\\\/skylineglobalservice\\\/\"]}]}<\/script>\n<!-- \/ Yoast SEO plugin. -->","yoast_head_json":{"title":"\u0413\u043e\u0440\u0430 \u041c\u043e\u0438\u0441\u0435\u044f \u0438 \u043c\u043e\u043d\u0430\u0441\u0442\u044b\u0440\u044c \u0421\u0432\u044f\u0442\u043e\u0439 \u0415\u043a\u0430\u0442\u0435\u0440\u0438\u043d\u044b &#8226; \u042d\u043a\u0441\u043a\u0443\u0440\u0441\u0438\u0438 Skyline","robots":{"index":"index","follow":"follow","max-snippet":"max-snippet:-1","max-image-preview":"max-image-preview:large","max-video-preview":"max-video-preview:-1"},"canonical":"http:\/\/skyline-gs.com\/cs\/produkt\/mount-moses-and-st-catherine-s-monastery-sharm\/","og_locale":"cs_CZ","og_type":"article","og_title":"\u0413\u043e\u0440\u0430 \u041c\u043e\u0438\u0441\u0435\u044f \u0438 \u043c\u043e\u043d\u0430\u0441\u0442\u044b\u0440\u044c \u0421\u0432\u044f\u0442\u043e\u0439 \u0415\u043a\u0430\u0442\u0435\u0440\u0438\u043d\u044b &#8226; \u042d\u043a\u0441\u043a\u0443\u0440\u0441\u0438\u0438 Skyline","og_description":"\u0412\u0440\u0435\u043c\u044f \u0442\u0443\u0440\u0430: 20:00 - 14:00  \u0414\u043d\u0438 \u043f\u0440\u043e\u0432\u0435\u0434\u0435\u043d\u0438\u044f: \u0421\u0440\u0435\u0434\u0430, \u041f\u044f\u0442\u043d\u0438\u0446\u0430, \u0412\u043e\u0441\u043a\u0440\u0435\u0441\u0435\u043d\u044c\u0435","og_url":"http:\/\/skyline-gs.com\/cs\/produkt\/mount-moses-and-st-catherine-s-monastery-sharm\/","og_site_name":"\u042d\u043a\u0441\u043a\u0443\u0440\u0441\u0438\u0438 Skyline","article_modified_time":"2025-12-16T13:04:39+00:00","og_image":[{"width":960,"height":540,"url":"https:\/\/skyline-gs.com\/wp-content\/uploads\/2021\/06\/145-6.jpg","type":"image\/jpeg"}],"twitter_card":"summary_large_image","twitter_misc":{"Odhadovan\u00e1 doba \u010dten\u00ed":"3 minuty"},"schema":{"@context":"https:\/\/schema.org","@graph":[{"@type":"WebPage","@id":"http:\/\/skyline-gs.com\/it\/prodotto\/mount-moses-and-st-catherine-s-monastery-sharm\/","url":"http:\/\/skyline-gs.com\/it\/prodotto\/mount-moses-and-st-catherine-s-monastery-sharm\/","name":"\u0413\u043e\u0440\u0430 \u041c\u043e\u0438\u0441\u0435\u044f \u0438 \u043c\u043e\u043d\u0430\u0441\u0442\u044b\u0440\u044c \u0421\u0432\u044f\u0442\u043e\u0439 \u0415\u043a\u0430\u0442\u0435\u0440\u0438\u043d\u044b &#8226; \u042d\u043a\u0441\u043a\u0443\u0440\u0441\u0438\u0438 Skyline","isPartOf":{"@id":"https:\/\/skyline-gs.com\/it\/#website"},"primaryImageOfPage":{"@id":"http:\/\/skyline-gs.com\/it\/prodotto\/mount-moses-and-st-catherine-s-monastery-sharm\/#primaryimage"},"image":{"@id":"http:\/\/skyline-gs.com\/it\/prodotto\/mount-moses-and-st-catherine-s-monastery-sharm\/#primaryimage"},"thumbnailUrl":"https:\/\/skyline-gs.com\/wp-content\/uploads\/2021\/06\/145-6.jpg","datePublished":"2021-06-24T12:54:10+00:00","dateModified":"2025-12-16T13:04:39+00:00","breadcrumb":{"@id":"http:\/\/skyline-gs.com\/it\/prodotto\/mount-moses-and-st-catherine-s-monastery-sharm\/#breadcrumb"},"inLanguage":"cs","potentialAction":[{"@type":"ReadAction","target":["http:\/\/skyline-gs.com\/it\/prodotto\/mount-moses-and-st-catherine-s-monastery-sharm\/"]}]},{"@type":"ImageObject","inLanguage":"cs","@id":"http:\/\/skyline-gs.com\/it\/prodotto\/mount-moses-and-st-catherine-s-monastery-sharm\/#primaryimage","url":"https:\/\/skyline-gs.com\/wp-content\/uploads\/2021\/06\/145-6.jpg","contentUrl":"https:\/\/skyline-gs.com\/wp-content\/uploads\/2021\/06\/145-6.jpg","width":960,"height":540},{"@type":"BreadcrumbList","@id":"http:\/\/skyline-gs.com\/it\/prodotto\/mount-moses-and-st-catherine-s-monastery-sharm\/#breadcrumb","itemListElement":[{"@type":"ListItem","position":1,"name":"\u0413\u043b\u0430\u0432\u043d\u0430\u044f \u0441\u0442\u0440\u0430\u043d\u0438\u0446\u0430","item":"https:\/\/skyline-gs.com\/hu\/"},{"@type":"ListItem","position":2,"name":"\u041c\u0430\u0433\u0430\u0437\u0438\u043d","item":"https:\/\/skyline-gs.com\/cs\/shop\/"},{"@type":"ListItem","position":3,"name":"\u0413\u043e\u0440\u0430 \u041c\u043e\u0438\u0441\u0435\u044f \u0438 \u043c\u043e\u043d\u0430\u0441\u0442\u044b\u0440\u044c \u0421\u0432\u044f\u0442\u043e\u0439 \u0415\u043a\u0430\u0442\u0435\u0440\u0438\u043d\u044b"}]},{"@type":"WebSite","@id":"https:\/\/skyline-gs.com\/it\/#website","url":"https:\/\/skyline-gs.com\/it\/","name":"Skyline V\u00fdlety","description":"Exkluzivn\u00ed v\u00fdlety do nejlep\u0161\u00edch sv\u011btov\u00fdch letovisek","publisher":{"@id":"https:\/\/skyline-gs.com\/it\/#organization"},"alternateName":"Skyline","potentialAction":[{"@type":"SearchAction","target":{"@type":"EntryPoint","urlTemplate":"https:\/\/skyline-gs.com\/it\/?s={search_term_string}"},"query-input":{"@type":"PropertyValueSpecification","valueRequired":true,"valueName":"search_term_string"}}],"inLanguage":"cs"},{"@type":"Organization","@id":"https:\/\/skyline-gs.com\/it\/#organization","name":"Skyline V\u00fdlety","alternateName":"\u042d\u043a\u0441\u043a\u0443\u0440\u0441\u0438\u0438 Skyline","url":"https:\/\/skyline-gs.com\/it\/","logo":{"@type":"ImageObject","inLanguage":"cs","@id":"https:\/\/skyline-gs.com\/it\/#\/schema\/logo\/image\/","url":"https:\/\/skyline-gs.com\/wp-content\/uploads\/2020\/12\/cropped-logo-2.png","contentUrl":"https:\/\/skyline-gs.com\/wp-content\/uploads\/2020\/12\/cropped-logo-2.png","width":512,"height":512,"caption":"\u042d\u043a\u0441\u043a\u0443\u0440\u0441\u0438\u0438 Skyline"},"image":{"@id":"https:\/\/skyline-gs.com\/it\/#\/schema\/logo\/image\/"},"sameAs":["https:\/\/www.instagram.com\/skylineglobalservice\/"]}]}},"_links":{"self":[{"href":"https:\/\/skyline-gs.com\/cs\/wp-json\/wp\/v2\/product\/24535","targetHints":{"allow":["GET"]}}],"collection":[{"href":"https:\/\/skyline-gs.com\/cs\/wp-json\/wp\/v2\/product"}],"about":[{"href":"https:\/\/skyline-gs.com\/cs\/wp-json\/wp\/v2\/types\/product"}],"version-history":[{"count":0,"href":"https:\/\/skyline-gs.com\/cs\/wp-json\/wp\/v2\/product\/24535\/revisions"}],"wp:featuredmedia":[{"embeddable":true,"href":"https:\/\/skyline-gs.com\/cs\/wp-json\/wp\/v2\/media\/51041"}],"wp:attachment":[{"href":"https:\/\/skyline-gs.com\/cs\/wp-json\/wp\/v2\/media?parent=24535"}],"wp:term":[{"taxonomy":"product_brand","embeddable":true,"href":"https:\/\/skyline-gs.com\/cs\/wp-json\/wp\/v2\/product_brand?post=24535"},{"taxonomy":"product_cat","embeddable":true,"href":"https:\/\/skyline-gs.com\/cs\/wp-json\/wp\/v2\/product_cat?post=24535"},{"taxonomy":"product_tag","embeddable":true,"href":"https:\/\/skyline-gs.com\/cs\/wp-json\/wp\/v2\/product_tag?post=24535"}],"curies":[{"name":"wp","href":"https:\/\/api.w.org\/{rel}","templated":true}]}}