{"id":23414,"date":"2021-09-03T16:22:32","date_gmt":"2021-09-03T13:22:32","guid":{"rendered":"https:\/\/hurghada.skyline-gs.com\/?post_type=product&amp;p=23414"},"modified":"2021-09-03T16:22:32","modified_gmt":"2021-09-03T13:22:32","slug":"yacht-sea-dragon","status":"publish","type":"product","link":"https:\/\/skyline-gs.com\/cs\/product\/yacht-sea-dragon\/","title":{"rendered":"Luxusn\u00ed jachta Sea Dragon"},"content":{"rendered":"<div class=\"\">\n<div class=\"tour-schedule\">\n<div>Ci\u0165te se v\u00fdjime\u010dn\u011b na v\u00fdlet\u011b lod\u00ed organizovan\u00e9m jen pro v\u00e1s a va\u0161e bl\u00edzk\u00e9.<\/div>\n<div><\/div>\n<div>\n<p>8:00 \u0442\u0440\u0430\u043d\u0441\u0444\u0435\u0440 \u0438\u0437 \u043e\u0442\u0435\u043b\u044f \u0432 \u043f\u043e\u0440\u0442. 9:00 \u043f\u043e\u0441\u0430\u0434\u043a\u0430 \u043d\u0430 \u044f\u0445\u0442\u0443. \u041a \u0412\u0430\u0448\u0438\u043c \u0443\u0441\u043b\u0443\u0433\u0430\u043c \u043d\u0430 \u0431\u043e\u0440\u0442\u0443 \u0431\u0443\u0434\u0435\u0442 \u043d\u0430\u0448 \u0433\u0438\u0434, \u043a\u043e\u0442\u043e\u0440\u044b\u0439 \u043f\u043e\u043a\u0430\u0436\u0435\u0442 \u0441\u0430\u043c\u044b\u0435 \u043a\u0440\u0430\u0441\u0438\u0432\u044b\u0435 \u043a\u043e\u0440\u0430\u043b\u043b\u043e\u0432\u044b\u0435 \u0440\u0438\u0444\u044b, \u043e\u0440\u0433\u0430\u043d\u0438\u0437\u0443\u0435\u0442 \u0440\u044b\u0431\u0430\u043b\u043a\u0443 \u0438\u043b\u0438 \u0436\u0435 \u043e\u0441\u0442\u0430\u043d\u043e\u0432\u043a\u0438 \u043d\u0430 \u043e\u0441\u0442\u0440\u043e\u0432\u0430\u0445 \u0434\u043b\u044f \u043e\u0442\u0434\u044b\u0445\u0430. \u0417\u0430\u0433\u043e\u0440\u0430\u0439\u0442\u0435 \u043d\u0430 \u0448\u0435\u0437\u043b\u043e\u043d\u0433\u0430\u0445 \u0438 \u043e\u0442\u0434\u043e\u0445\u043d\u0438\u0442\u0435 \u043f\u043e\u0434 \u0448\u0443\u043c \u043c\u043e\u0440\u0441\u043a\u043e\u0439 \u0432\u043e\u043b\u043d\u044b. \u041d\u0430 \u0431\u043e\u0440\u0442\u0443 \u044f\u0445\u0442\u044b \u0412\u0430\u043c \u043f\u043e\u0434\u0430\u0434\u0443\u0442 \u0432\u043a\u0443\u0441\u043d\u044b\u0439 \u043e\u0431\u0435\u0434, \u043f\u0440\u043e\u0445\u043b\u0430\u0434\u0438\u0442\u0435\u043b\u044c\u043d\u044b\u0435 \u043d\u0430\u043f\u0438\u0442\u043a\u0438 \u0431\u0443\u0434\u0443\u0442 \u0434\u043e\u0441\u0442\u0443\u043f\u043d\u044b \u0432 \u0442\u0435\u0447\u0435\u043d\u0438\u0435 \u0432\u0441\u0435\u0433\u043e \u0434\u043d\u044f. \u041e\u043a\u043e\u043b\u043e 16:30 \u0442\u0440\u0430\u043d\u0441\u0444\u0435\u0440 \u043e\u0431\u0440\u0430\u0442\u043d\u043e \u0432 \u043e\u0442\u0435\u043b\u044c.<\/p>\n<p><strong>Doporu\u010dujeme:<\/strong><\/p>\n<p>\u042f\u0445\u0442\u0430 \u043b\u044e\u043a\u0441 Sea Dragon \u0440\u0435\u043a\u043e\u043c\u0435\u043d\u0434\u0443\u0435\u0442\u0441\u044f \u0434\u043b\u044f \u043c\u043d\u043e\u0433\u043e\u0434\u043d\u0435\u0432\u043d\u044b\u0445 \u043a\u0440\u0443\u0438\u0437\u043e\u0432. \u041d\u0430 \u044f\u0445\u0442\u0435 11 \u043a\u0430\u044e\u0442 \u0434\u043b\u044f \u0443\u0434\u043e\u0431\u043d\u043e\u0433\u043e \u0440\u0430\u0441\u043f\u043e\u043b\u043e\u0436\u0435\u043d\u0438\u044f \u0433\u043e\u0441\u0442\u0435\u0439. \u041d\u0430 \u044f\u0445\u0442\u0435 \u0438\u043c\u0435\u044e\u0442\u0441\u044f \u0434\u0432\u0435\u00a0\u043d\u0430\u0434\u0443\u0432\u043d\u044b\u0435 \u043b\u043e\u0434\u043a\u0438 \u0417\u043e\u0434\u0438\u0430\u043a, \u0434\u043b\u044f \u043a\u043e\u0440\u043e\u0442\u043a\u0438\u0445 \u043c\u043e\u0440\u0441\u043a\u0438\u0445 \u044d\u043a\u0441\u043a\u0443\u0440\u0441\u0438\u0439 \u0438 \u0432\u044b\u0441\u0430\u0434\u043a\u0438 \u043f\u0430\u0441\u0441\u0430\u0436\u0438\u0440\u043e\u0432 \u043d\u0430 \u0431\u0435\u0440\u0435\u0433.<\/p>\n<p><strong>V\u010detn\u011b:<\/strong><\/p>\n<\/div>\n<ul>\n<li>Transfery z hotelu a do hotelu;<\/li>\n<li>Pron\u00e1jem jachty a pos\u00e1dky;<\/li>\n<li>Masky a ploutve na plav\u00e1n\u00ed;<\/li>\n<li>Ob\u011bd a nealkoholick\u00e9 n\u00e1poje;<\/li>\n<li>Zast\u00e1vky na \u0161norchlov\u00e1n\u00ed;<\/li>\n<li>Mini ryba\u0159en\u00ed.<\/li>\n<\/ul>\n<p><strong>Nen\u00ed sou\u010d\u00e1st\u00ed dod\u00e1vky:<\/strong><\/p>\n<ul>\n<li>Transfery z hotel\u016f v El Gouna, Sahl Hasheesh, Makadi Bay, Soma Bay, Safaga - 20$ za auto (a\u017e 4 osoby) tam i zp\u011bt.<\/li>\n<\/ul>\n<p><strong>Co lze p\u0159idat:<\/strong><\/p>\n<ul>\n<li>Ob\u011bd s mo\u0159sk\u00fdmi plody - 5$ na osobu<\/li>\n<li>\u0412\u0445\u043e\u0434\u043d\u043e\u0439 \u0431\u0438\u043b\u0435\u0442 \u043d\u0430 \u0420\u0430\u0439\u0441\u043a\u0438\u0439 \u0438\u043b\u0438 \u041e\u0440\u0430\u043d\u0436\u0435\u0432\u044b\u0439 \u043e\u0441\u0442\u0440\u043e\u0432 \u2014 10$ \u0437\u0430 \u0447\u0435\u043b\u043e\u0432\u0435\u043a\u0430<\/li>\n<li>\u041a\u0430\u0442\u0430\u043d\u0438\u0435 \u043d\u0430 \u0431\u0430\u043d\u0430\u043d\u0435 \u0438 \u0442\u0430\u0431\u043b\u0435\u0442\u043a\u0435 \u2014 35$ \u0437\u0430 \u0432\u0441\u0435\u0445<\/li>\n<li>\u0422\u043e\u0440\u0442 &#8212; 25$<\/li>\n<li>\u0424\u0440\u0443\u043a\u0442\u043e\u0432\u043e\u0435 \u0430\u0441\u0441\u043e\u0440\u0442\u0438 &#8212; 25$<\/li>\n<li>\u0426\u0432\u0435\u0442\u044b &#8212; 25$<\/li>\n<li>\u0423\u043a\u0440\u0430\u0448\u0435\u043d\u0438\u044f \u0434\u043b\u044f \u0434\u043d\u044f \u0440\u043e\u0436\u0434\u0435\u043d\u0438\u044f &#8212; 25$<\/li>\n<\/ul>\n<p><strong>Vezm\u011bte si ji s sebou:<\/strong><\/p>\n<ul>\n<li>foto-video kamera<\/li>\n<li>Pokr\u00fdvka hlavy<\/li>\n<li>Ru\u010dn\u00edk<\/li>\n<li>Plavky, plavky<\/li>\n<li>Opalovac\u00ed kr\u00e9m<\/li>\n<\/ul>\n<p><strong>Dal\u0161\u00ed informace:<\/strong><\/p>\n<ul>\n<li>P\u0159edplatn\u00e9 je 50$. Zru\u0161en\u00ed a vr\u00e1cen\u00ed pen\u011bz v pln\u00e9 v\u00fd\u0161i je mo\u017en\u00e9 24 hodin p\u0159ed dnem pron\u00e1jmu.<\/li>\n<\/ul>\n<\/div>\n<\/div>","protected":false},"excerpt":{"rendered":"<p><strong>D\u00e9lka pron\u00e1jmu:<\/strong>\u00a07 hodin<\/p>\n<p><strong>Kapacita:\u00a0<\/strong>22 \u0447\u0435\u043b\u043e\u0432\u0435\u043a\u0430<\/p>","protected":false},"featured_media":23425,"template":"","meta":{"_kad_post_transparent":"default","_kad_post_title":"","_kad_post_layout":"default","_kad_post_sidebar_id":"","_kad_post_content_style":"default","_kad_post_vertical_padding":"default","_kad_post_feature":"","_kad_post_feature_position":"","_kad_post_header":false,"_kad_post_footer":false,"_kad_post_classname":"","_glsr_average":0,"_glsr_ranking":0,"_glsr_reviews":0},"product_brand":[],"product_cat":[481],"product_tag":[],"class_list":{"0":"post-23414","1":"product","2":"type-product","3":"status-publish","4":"has-post-thumbnail","6":"product_cat-hurghada-yachts","7":"tm-has-options","9":"first","10":"instock","11":"sold-individually","12":"taxable","13":"shipping-taxable","14":"purchasable","15":"product-type-simple","16":"entry","17":"content-bg","18":"loop-entry"},"yoast_head":"<!-- This site is optimized with the Yoast SEO plugin v27.3 - https:\/\/yoast.com\/product\/yoast-seo-wordpress\/ -->\n<title>\u042f\u0445\u0442\u0430 \u043b\u044e\u043a\u0441 Sea Dragon &#8226; \u042d\u043a\u0441\u043a\u0443\u0440\u0441\u0438\u0438 Skyline<\/title>\n<meta name=\"robots\" content=\"index, follow, max-snippet:-1, max-image-preview:large, max-video-preview:-1\" \/>\n<link rel=\"canonical\" href=\"https:\/\/skyline-gs.com\/cs\/produkt\/yacht-sea-dragon\/\" \/>\n<meta property=\"og:locale\" content=\"cs_CZ\" \/>\n<meta property=\"og:type\" content=\"article\" \/>\n<meta property=\"og:title\" content=\"\u042f\u0445\u0442\u0430 \u043b\u044e\u043a\u0441 Sea Dragon &#8226; \u042d\u043a\u0441\u043a\u0443\u0440\u0441\u0438\u0438 Skyline\" \/>\n<meta property=\"og:description\" content=\"\u0414\u043b\u0438\u0442\u0435\u043b\u044c\u043d\u043e\u0441\u0442\u044c \u0430\u0440\u0435\u043d\u0434\u044b:\u00a07 \u0447\u0430\u0441\u043e\u0432 \u0412\u043c\u0435\u0441\u0442\u0438\u0442\u0435\u043b\u044c\u043d\u043e\u0441\u0442\u044c:\u00a022 \u0447\u0435\u043b\u043e\u0432\u0435\u043a\u0430\" \/>\n<meta property=\"og:url\" content=\"https:\/\/skyline-gs.com\/cs\/produkt\/yacht-sea-dragon\/\" \/>\n<meta property=\"og:site_name\" content=\"\u042d\u043a\u0441\u043a\u0443\u0440\u0441\u0438\u0438 Skyline\" \/>\n<meta property=\"og:image\" content=\"https:\/\/skyline-gs.com\/wp-content\/uploads\/2021\/09\/11-3.png\" \/>\n\t<meta property=\"og:image:width\" content=\"669\" \/>\n\t<meta property=\"og:image:height\" content=\"446\" \/>\n\t<meta property=\"og:image:type\" content=\"image\/png\" \/>\n<meta name=\"twitter:card\" content=\"summary_large_image\" \/>\n<meta name=\"twitter:label1\" content=\"Odhadovan\u00e1 doba \u010dten\u00ed\" \/>\n\t<meta name=\"twitter:data1\" content=\"2 minuty\" \/>\n<script type=\"application\/ld+json\" class=\"yoast-schema-graph\">{\"@context\":\"https:\\\/\\\/schema.org\",\"@graph\":[{\"@type\":\"WebPage\",\"@id\":\"https:\\\/\\\/skyline-gs.com\\\/product\\\/yacht-sea-dragon\\\/\",\"url\":\"https:\\\/\\\/skyline-gs.com\\\/product\\\/yacht-sea-dragon\\\/\",\"name\":\"\u042f\u0445\u0442\u0430 \u043b\u044e\u043a\u0441 Sea Dragon &#8226; \u042d\u043a\u0441\u043a\u0443\u0440\u0441\u0438\u0438 Skyline\",\"isPartOf\":{\"@id\":\"https:\\\/\\\/skyline-gs.com\\\/it\\\/#website\"},\"primaryImageOfPage\":{\"@id\":\"https:\\\/\\\/skyline-gs.com\\\/product\\\/yacht-sea-dragon\\\/#primaryimage\"},\"image\":{\"@id\":\"https:\\\/\\\/skyline-gs.com\\\/product\\\/yacht-sea-dragon\\\/#primaryimage\"},\"thumbnailUrl\":\"https:\\\/\\\/skyline-gs.com\\\/wp-content\\\/uploads\\\/2021\\\/09\\\/11-3.png\",\"datePublished\":\"2021-09-03T13:22:32+00:00\",\"breadcrumb\":{\"@id\":\"https:\\\/\\\/skyline-gs.com\\\/product\\\/yacht-sea-dragon\\\/#breadcrumb\"},\"inLanguage\":\"cs\",\"potentialAction\":[{\"@type\":\"ReadAction\",\"target\":[\"https:\\\/\\\/skyline-gs.com\\\/product\\\/yacht-sea-dragon\\\/\"]}]},{\"@type\":\"ImageObject\",\"inLanguage\":\"cs\",\"@id\":\"https:\\\/\\\/skyline-gs.com\\\/product\\\/yacht-sea-dragon\\\/#primaryimage\",\"url\":\"https:\\\/\\\/skyline-gs.com\\\/wp-content\\\/uploads\\\/2021\\\/09\\\/11-3.png\",\"contentUrl\":\"https:\\\/\\\/skyline-gs.com\\\/wp-content\\\/uploads\\\/2021\\\/09\\\/11-3.png\",\"width\":669,\"height\":446},{\"@type\":\"BreadcrumbList\",\"@id\":\"https:\\\/\\\/skyline-gs.com\\\/product\\\/yacht-sea-dragon\\\/#breadcrumb\",\"itemListElement\":[{\"@type\":\"ListItem\",\"position\":1,\"name\":\"\u0413\u043b\u0430\u0432\u043d\u0430\u044f \u0441\u0442\u0440\u0430\u043d\u0438\u0446\u0430\",\"item\":\"https:\\\/\\\/skyline-gs.com\\\/hu\\\/\"},{\"@type\":\"ListItem\",\"position\":2,\"name\":\"\u041c\u0430\u0433\u0430\u0437\u0438\u043d\",\"item\":\"https:\\\/\\\/skyline-gs.com\\\/cs\\\/shop\\\/\"},{\"@type\":\"ListItem\",\"position\":3,\"name\":\"\u042f\u0445\u0442\u0430 \u043b\u044e\u043a\u0441 Sea Dragon\"}]},{\"@type\":\"WebSite\",\"@id\":\"https:\\\/\\\/skyline-gs.com\\\/it\\\/#website\",\"url\":\"https:\\\/\\\/skyline-gs.com\\\/it\\\/\",\"name\":\"\u042d\u043a\u0441\u043a\u0443\u0440\u0441\u0438\u0438 Skyline\",\"description\":\"\u042d\u043a\u0441\u043a\u043b\u044e\u0437\u0438\u0432\u043d\u044b\u0435 \u044d\u043a\u0441\u043a\u0443\u0440\u0441\u0438\u0438 \u043d\u0430 \u043b\u0443\u0447\u0448\u0438\u0445 \u043a\u0443\u0440\u043e\u0440\u0442\u0430\u0445 \u043c\u0438\u0440\u0430\",\"publisher\":{\"@id\":\"https:\\\/\\\/skyline-gs.com\\\/it\\\/#organization\"},\"alternateName\":\"Skyline\",\"potentialAction\":[{\"@type\":\"SearchAction\",\"target\":{\"@type\":\"EntryPoint\",\"urlTemplate\":\"https:\\\/\\\/skyline-gs.com\\\/it\\\/?s={search_term_string}\"},\"query-input\":{\"@type\":\"PropertyValueSpecification\",\"valueRequired\":true,\"valueName\":\"search_term_string\"}}],\"inLanguage\":\"cs\"},{\"@type\":\"Organization\",\"@id\":\"https:\\\/\\\/skyline-gs.com\\\/it\\\/#organization\",\"name\":\"\u042d\u043a\u0441\u043a\u0443\u0440\u0441\u0438\u0438 Skyline\",\"alternateName\":\"\u042d\u043a\u0441\u043a\u0443\u0440\u0441\u0438\u0438 Skyline\",\"url\":\"https:\\\/\\\/skyline-gs.com\\\/it\\\/\",\"logo\":{\"@type\":\"ImageObject\",\"inLanguage\":\"cs\",\"@id\":\"https:\\\/\\\/skyline-gs.com\\\/it\\\/#\\\/schema\\\/logo\\\/image\\\/\",\"url\":\"https:\\\/\\\/skyline-gs.com\\\/wp-content\\\/uploads\\\/2020\\\/12\\\/cropped-logo-2.png\",\"contentUrl\":\"https:\\\/\\\/skyline-gs.com\\\/wp-content\\\/uploads\\\/2020\\\/12\\\/cropped-logo-2.png\",\"width\":512,\"height\":512,\"caption\":\"\u042d\u043a\u0441\u043a\u0443\u0440\u0441\u0438\u0438 Skyline\"},\"image\":{\"@id\":\"https:\\\/\\\/skyline-gs.com\\\/it\\\/#\\\/schema\\\/logo\\\/image\\\/\"},\"sameAs\":[\"https:\\\/\\\/www.instagram.com\\\/skylineglobalservice\\\/\"]}]}<\/script>\n<!-- \/ Yoast SEO plugin. -->","yoast_head_json":{"title":"\u042f\u0445\u0442\u0430 \u043b\u044e\u043a\u0441 Sea Dragon &#8226; \u042d\u043a\u0441\u043a\u0443\u0440\u0441\u0438\u0438 Skyline","robots":{"index":"index","follow":"follow","max-snippet":"max-snippet:-1","max-image-preview":"max-image-preview:large","max-video-preview":"max-video-preview:-1"},"canonical":"https:\/\/skyline-gs.com\/cs\/produkt\/yacht-sea-dragon\/","og_locale":"cs_CZ","og_type":"article","og_title":"\u042f\u0445\u0442\u0430 \u043b\u044e\u043a\u0441 Sea Dragon &#8226; \u042d\u043a\u0441\u043a\u0443\u0440\u0441\u0438\u0438 Skyline","og_description":"\u0414\u043b\u0438\u0442\u0435\u043b\u044c\u043d\u043e\u0441\u0442\u044c \u0430\u0440\u0435\u043d\u0434\u044b:\u00a07 \u0447\u0430\u0441\u043e\u0432 \u0412\u043c\u0435\u0441\u0442\u0438\u0442\u0435\u043b\u044c\u043d\u043e\u0441\u0442\u044c:\u00a022 \u0447\u0435\u043b\u043e\u0432\u0435\u043a\u0430","og_url":"https:\/\/skyline-gs.com\/cs\/produkt\/yacht-sea-dragon\/","og_site_name":"\u042d\u043a\u0441\u043a\u0443\u0440\u0441\u0438\u0438 Skyline","og_image":[{"width":669,"height":446,"url":"https:\/\/skyline-gs.com\/wp-content\/uploads\/2021\/09\/11-3.png","type":"image\/png"}],"twitter_card":"summary_large_image","twitter_misc":{"Odhadovan\u00e1 doba \u010dten\u00ed":"2 minuty"},"schema":{"@context":"https:\/\/schema.org","@graph":[{"@type":"WebPage","@id":"https:\/\/skyline-gs.com\/product\/yacht-sea-dragon\/","url":"https:\/\/skyline-gs.com\/product\/yacht-sea-dragon\/","name":"\u042f\u0445\u0442\u0430 \u043b\u044e\u043a\u0441 Sea Dragon &#8226; \u042d\u043a\u0441\u043a\u0443\u0440\u0441\u0438\u0438 Skyline","isPartOf":{"@id":"https:\/\/skyline-gs.com\/it\/#website"},"primaryImageOfPage":{"@id":"https:\/\/skyline-gs.com\/product\/yacht-sea-dragon\/#primaryimage"},"image":{"@id":"https:\/\/skyline-gs.com\/product\/yacht-sea-dragon\/#primaryimage"},"thumbnailUrl":"https:\/\/skyline-gs.com\/wp-content\/uploads\/2021\/09\/11-3.png","datePublished":"2021-09-03T13:22:32+00:00","breadcrumb":{"@id":"https:\/\/skyline-gs.com\/product\/yacht-sea-dragon\/#breadcrumb"},"inLanguage":"cs","potentialAction":[{"@type":"ReadAction","target":["https:\/\/skyline-gs.com\/product\/yacht-sea-dragon\/"]}]},{"@type":"ImageObject","inLanguage":"cs","@id":"https:\/\/skyline-gs.com\/product\/yacht-sea-dragon\/#primaryimage","url":"https:\/\/skyline-gs.com\/wp-content\/uploads\/2021\/09\/11-3.png","contentUrl":"https:\/\/skyline-gs.com\/wp-content\/uploads\/2021\/09\/11-3.png","width":669,"height":446},{"@type":"BreadcrumbList","@id":"https:\/\/skyline-gs.com\/product\/yacht-sea-dragon\/#breadcrumb","itemListElement":[{"@type":"ListItem","position":1,"name":"\u0413\u043b\u0430\u0432\u043d\u0430\u044f \u0441\u0442\u0440\u0430\u043d\u0438\u0446\u0430","item":"https:\/\/skyline-gs.com\/hu\/"},{"@type":"ListItem","position":2,"name":"\u041c\u0430\u0433\u0430\u0437\u0438\u043d","item":"https:\/\/skyline-gs.com\/cs\/shop\/"},{"@type":"ListItem","position":3,"name":"\u042f\u0445\u0442\u0430 \u043b\u044e\u043a\u0441 Sea Dragon"}]},{"@type":"WebSite","@id":"https:\/\/skyline-gs.com\/it\/#website","url":"https:\/\/skyline-gs.com\/it\/","name":"Skyline V\u00fdlety","description":"Exkluzivn\u00ed v\u00fdlety do nejlep\u0161\u00edch sv\u011btov\u00fdch letovisek","publisher":{"@id":"https:\/\/skyline-gs.com\/it\/#organization"},"alternateName":"Skyline","potentialAction":[{"@type":"SearchAction","target":{"@type":"EntryPoint","urlTemplate":"https:\/\/skyline-gs.com\/it\/?s={search_term_string}"},"query-input":{"@type":"PropertyValueSpecification","valueRequired":true,"valueName":"search_term_string"}}],"inLanguage":"cs"},{"@type":"Organization","@id":"https:\/\/skyline-gs.com\/it\/#organization","name":"Skyline V\u00fdlety","alternateName":"\u042d\u043a\u0441\u043a\u0443\u0440\u0441\u0438\u0438 Skyline","url":"https:\/\/skyline-gs.com\/it\/","logo":{"@type":"ImageObject","inLanguage":"cs","@id":"https:\/\/skyline-gs.com\/it\/#\/schema\/logo\/image\/","url":"https:\/\/skyline-gs.com\/wp-content\/uploads\/2020\/12\/cropped-logo-2.png","contentUrl":"https:\/\/skyline-gs.com\/wp-content\/uploads\/2020\/12\/cropped-logo-2.png","width":512,"height":512,"caption":"\u042d\u043a\u0441\u043a\u0443\u0440\u0441\u0438\u0438 Skyline"},"image":{"@id":"https:\/\/skyline-gs.com\/it\/#\/schema\/logo\/image\/"},"sameAs":["https:\/\/www.instagram.com\/skylineglobalservice\/"]}]}},"_links":{"self":[{"href":"https:\/\/skyline-gs.com\/cs\/wp-json\/wp\/v2\/product\/23414","targetHints":{"allow":["GET"]}}],"collection":[{"href":"https:\/\/skyline-gs.com\/cs\/wp-json\/wp\/v2\/product"}],"about":[{"href":"https:\/\/skyline-gs.com\/cs\/wp-json\/wp\/v2\/types\/product"}],"version-history":[{"count":0,"href":"https:\/\/skyline-gs.com\/cs\/wp-json\/wp\/v2\/product\/23414\/revisions"}],"wp:featuredmedia":[{"embeddable":true,"href":"https:\/\/skyline-gs.com\/cs\/wp-json\/wp\/v2\/media\/23425"}],"wp:attachment":[{"href":"https:\/\/skyline-gs.com\/cs\/wp-json\/wp\/v2\/media?parent=23414"}],"wp:term":[{"taxonomy":"product_brand","embeddable":true,"href":"https:\/\/skyline-gs.com\/cs\/wp-json\/wp\/v2\/product_brand?post=23414"},{"taxonomy":"product_cat","embeddable":true,"href":"https:\/\/skyline-gs.com\/cs\/wp-json\/wp\/v2\/product_cat?post=23414"},{"taxonomy":"product_tag","embeddable":true,"href":"https:\/\/skyline-gs.com\/cs\/wp-json\/wp\/v2\/product_tag?post=23414"}],"curies":[{"name":"wp","href":"https:\/\/api.w.org\/{rel}","templated":true}]}}