{"id":19940,"date":"2022-10-20T01:47:38","date_gmt":"2022-10-19T22:47:38","guid":{"rendered":"https:\/\/zanzibar.skyline-gs.com\/?post_type=product&#038;p=19940"},"modified":"2025-01-21T16:08:54","modified_gmt":"2025-01-21T14:08:54","slug":"hakuna-matata","status":"publish","type":"product","link":"https:\/\/skyline-gs.com\/cs\/product\/hakuna-matata\/","title":{"rendered":"Akuna Matata (ji\u017en\u00ed \u010d\u00e1st Zanzibaru s osobn\u00edm \u0159idi\u010dem)"},"content":{"rendered":"<p>\u041d\u0430\u0441\u043b\u0430\u0436\u0434\u0430\u0439\u0442\u0435\u0441\u044c \u0441\u0430\u043c\u044b\u043c\u0438 \u0438\u043d\u0442\u0435\u0440\u0435\u0441\u043d\u044b\u0435 \u043c\u0435\u0441\u0442\u0430\u043c\u0438 \u044e\u0433\u0430 \u0417\u0430\u043d\u0437\u0438\u0431\u0430\u0440\u0430, \u0438 \u0432\u0441\u0435 \u044d\u0442\u043e \u0437\u0430 \u043e\u0434\u0438\u043d \u0434\u0435\u043d\u044c. \u0422\u0430\u043a \u043f\u0440\u0438\u044f\u0442\u043d\u043e \u043f\u043e\u0447\u0443\u0432\u0441\u0442\u0432\u043e\u0432\u0430\u0442\u044c \u0432\u0441\u0435 \u043a\u0440\u0430\u0441\u043a\u0438 \u0417\u0430\u043d\u0437\u0438\u0431\u0430\u0440\u0430, \u043a\u0430\u0442\u0430\u044f\u0441\u044c \u043f\u043e \u0434\u043e\u0441\u0442\u043e\u043f\u0440\u0438\u043c\u0435\u0447\u0430\u0442\u0435\u043b\u044c\u043d\u043e\u0441\u0442\u044f\u043c \u043d\u0430 \u0430\u0432\u0442\u043e \u0441 \u043b\u0438\u0447\u043d\u044b\u043c \u0432\u043e\u0434\u0438\u0442\u0435\u043b\u0435\u043c \u0438 \u043d\u0435 \u0441\u043f\u0435\u0448\u0430 \u043e\u0441\u043c\u0430\u0442\u0440\u0438\u0432\u0430\u044f \u043e\u0441\u0442\u0440\u043e\u0432&#8230; \u0422\u0435\u043f\u0435\u0440\u044c \u0443 \u0432\u0430\u0441 \u0435\u0441\u0442\u044c \u0432\u043e\u0437\u043c\u043e\u0436\u043d\u043e\u0441\u0442\u044c \u0438\u0441\u043f\u043e\u043b\u043d\u0438\u0442\u044c \u0442\u0430\u043a\u0443\u044e \u043c\u0435\u0447\u0442\u0443!<\/p>\n<p><strong>Trasa z\u00e1jezdu:<\/strong><\/p>\n<ul>\n<li>\u041b\u0435\u0441 \u0414\u0436\u043e\u0437\u0430\u043d\u0438 (Jozani Forest)<\/li>\n<li>\u041f\u043b\u044f\u0436 \u0414\u0436\u0430\u043c\u0431\u0438\u0430\u043d\u0438 (Jambiani Beach)<\/li>\n<li>\u0426\u0435\u043d\u0442\u0440 \u0431\u0430\u0431\u043e\u0447\u0435\u043a (Zanzibar Butterfly Centre)<\/li>\n<li>\u041f\u043b\u044f\u0436 \u041f\u0430\u0436\u0435 (Page beach)<\/li>\n<li>\u041f\u0435\u0449\u0435\u0440\u0430 \u041a\u0443\u0437\u0430 (Kuza Cave)<\/li>\n<li>\u0420\u0435\u0441\u0442\u043e\u0440\u0430\u043d \u0420\u043e\u043a (Rock Restaurant)<\/li>\n<li>\u0412\u0435\u043b\u0438\u043a\u0438\u0439 \u0411\u0430\u043e\u0431\u0430\u0431 (Great Baobab)<\/li>\n<li>\u041f\u043b\u044f\u0436 \u041a\u0438\u0437\u0438\u043c\u043a\u0430\u0437\u0438 (Kizimkazi Beach)<\/li>\n<\/ul>\n<p><strong>Dal\u0161\u00ed informace:<\/strong><\/p>\n<ul>\n<li>Program lze zkr\u00e1tit nebo upravit podle pot\u0159eb klienta.<\/li>\n<li>\u010cas str\u00e1ven\u00fd prohl\u00eddkou pam\u00e1tek je na va\u0161em uv\u00e1\u017een\u00ed.<\/li>\n<li>Dal\u0161\u00ed zast\u00e1vky na trase lze prov\u00e9st na va\u0161e p\u0159\u00e1n\u00ed.<\/li>\n<li>Prohl\u00eddka je \u010dasov\u011b omezen\u00e1. Vyzvedneme v\u00e1s z hotelu v 9:00 a p\u0159ivezeme zp\u011bt v 16:00.<\/li>\n<\/ul>\n<p><strong>V\u010detn\u011b:<\/strong><\/p>\n<ul>\n<li>Transfery z hotelu a do hotelu<\/li>\n<li>V\u0161echny transfery v r\u00e1mci programu klimatizovan\u00fdm vozem s osobn\u00edm \u0159idi\u010dem<\/li>\n<\/ul>\n<p><strong>Nen\u00ed sou\u010d\u00e1st\u00ed dod\u00e1vky:<\/strong><\/p>\n<ul>\n<li>Vstupenky na atrakce<\/li>\n<li>Stravov\u00e1n\u00ed (na va\u0161e p\u0159\u00e1n\u00ed \u0159idi\u010d zastav\u00ed v jak\u00e9koli restauraci nebo kav\u00e1rn\u011b na ob\u011bd)<\/li>\n<\/ul>\n<p><strong>Z\u00e1v\u011br:<\/strong><\/p>\n<ul>\n<li>Voda<\/li>\n<li>Plavky, plavky<\/li>\n<li>Ru\u010dn\u00edk<\/li>\n<li>Fotoapar\u00e1t<\/li>\n<li><span class=\"fontstyle0\">Slune\u010dn\u00ed br\u00fdle<\/span><\/li>\n<li>Pokr\u00fdvka hlavy<\/li>\n<li><span class=\"fontstyle0\">Opalovac\u00ed kr\u00e9m<\/span><\/li>\n<li>Pen\u00edze na vstupn\u00e9 nebo n\u00e1kupy<\/li>\n<\/ul>\n<ul>\n<li style=\"list-style-type: none;\"><\/li>\n<\/ul>","protected":false},"excerpt":{"rendered":"<p><strong>Doba prohl\u00eddky: <\/strong>9:00 \u2014 16:00<\/p>\n<p><strong>Dny zadr\u017een\u00ed: <\/strong>denn\u011b<\/p>","protected":false},"featured_media":19941,"template":"","meta":{"_kad_post_transparent":"default","_kad_post_title":"","_kad_post_layout":"default","_kad_post_sidebar_id":"","_kad_post_content_style":"default","_kad_post_vertical_padding":"default","_kad_post_feature":"","_kad_post_feature_position":"","_kad_post_header":false,"_kad_post_footer":false,"_kad_post_classname":"","_glsr_average":0,"_glsr_ranking":0,"_glsr_reviews":0},"product_brand":[],"product_cat":[469],"product_tag":[],"class_list":{"0":"post-19940","1":"product","2":"type-product","3":"status-publish","4":"has-post-thumbnail","6":"product_cat-tours","7":"tm-has-options","9":"first","10":"instock","11":"sold-individually","12":"taxable","13":"shipping-taxable","14":"purchasable","15":"product-type-simple","16":"entry","17":"content-bg","18":"loop-entry"},"yoast_head":"<!-- This site is optimized with the Yoast SEO plugin v27.3 - https:\/\/yoast.com\/product\/yoast-seo-wordpress\/ -->\n<title>\u0410\u043a\u0443\u043d\u0430 \u043c\u0430\u0442\u0430\u0442\u0430 (\u042e\u0433 \u0417\u0430\u043d\u0437\u0438\u0431\u0430\u0440\u0430 \u0441 \u043b\u0438\u0447\u043d\u044b\u043c \u0432\u043e\u0434\u0438\u0442\u0435\u043b\u0435\u043c) &#8226; \u042d\u043a\u0441\u043a\u0443\u0440\u0441\u0438\u0438 Skyline<\/title>\n<meta name=\"robots\" content=\"index, follow, max-snippet:-1, max-image-preview:large, max-video-preview:-1\" \/>\n<link rel=\"canonical\" href=\"http:\/\/skyline-gs.com\/cs\/produkt\/hakuna-matata\/\" \/>\n<meta property=\"og:locale\" content=\"cs_CZ\" \/>\n<meta property=\"og:type\" content=\"article\" \/>\n<meta property=\"og:title\" content=\"\u0410\u043a\u0443\u043d\u0430 \u043c\u0430\u0442\u0430\u0442\u0430 (\u042e\u0433 \u0417\u0430\u043d\u0437\u0438\u0431\u0430\u0440\u0430 \u0441 \u043b\u0438\u0447\u043d\u044b\u043c \u0432\u043e\u0434\u0438\u0442\u0435\u043b\u0435\u043c) &#8226; \u042d\u043a\u0441\u043a\u0443\u0440\u0441\u0438\u0438 Skyline\" \/>\n<meta property=\"og:description\" content=\"\u0412\u0440\u0435\u043c\u044f \u0442\u0443\u0440\u0430: 9:00 - 16:00  \u0414\u043d\u0438 \u043f\u0440\u043e\u0432\u0435\u0434\u0435\u043d\u0438\u044f: \u0435\u0436\u0435\u0434\u043d\u0435\u0432\u043d\u043e\" \/>\n<meta property=\"og:url\" content=\"http:\/\/skyline-gs.com\/cs\/produkt\/hakuna-matata\/\" \/>\n<meta property=\"og:site_name\" content=\"\u042d\u043a\u0441\u043a\u0443\u0440\u0441\u0438\u0438 Skyline\" \/>\n<meta property=\"article:modified_time\" content=\"2025-01-21T14:08:54+00:00\" \/>\n<meta property=\"og:image\" content=\"https:\/\/skyline-gs.com\/wp-content\/uploads\/2022\/10\/3-4-1.png\" \/>\n\t<meta property=\"og:image:width\" content=\"669\" \/>\n\t<meta property=\"og:image:height\" content=\"446\" \/>\n\t<meta property=\"og:image:type\" content=\"image\/png\" \/>\n<meta name=\"twitter:card\" content=\"summary_large_image\" \/>\n<meta name=\"twitter:label1\" content=\"Odhadovan\u00e1 doba \u010dten\u00ed\" \/>\n\t<meta name=\"twitter:data1\" content=\"2 minuty\" \/>\n<script type=\"application\/ld+json\" class=\"yoast-schema-graph\">{\"@context\":\"https:\\\/\\\/schema.org\",\"@graph\":[{\"@type\":\"WebPage\",\"@id\":\"http:\\\/\\\/skyline-gs.com\\\/cs\\\/produkt\\\/hakuna-matata\\\/\",\"url\":\"http:\\\/\\\/skyline-gs.com\\\/cs\\\/produkt\\\/hakuna-matata\\\/\",\"name\":\"\u0410\u043a\u0443\u043d\u0430 \u043c\u0430\u0442\u0430\u0442\u0430 (\u042e\u0433 \u0417\u0430\u043d\u0437\u0438\u0431\u0430\u0440\u0430 \u0441 \u043b\u0438\u0447\u043d\u044b\u043c \u0432\u043e\u0434\u0438\u0442\u0435\u043b\u0435\u043c) &#8226; \u042d\u043a\u0441\u043a\u0443\u0440\u0441\u0438\u0438 Skyline\",\"isPartOf\":{\"@id\":\"https:\\\/\\\/skyline-gs.com\\\/it\\\/#website\"},\"primaryImageOfPage\":{\"@id\":\"http:\\\/\\\/skyline-gs.com\\\/cs\\\/produkt\\\/hakuna-matata\\\/#primaryimage\"},\"image\":{\"@id\":\"http:\\\/\\\/skyline-gs.com\\\/cs\\\/produkt\\\/hakuna-matata\\\/#primaryimage\"},\"thumbnailUrl\":\"https:\\\/\\\/skyline-gs.com\\\/wp-content\\\/uploads\\\/2022\\\/10\\\/3-4-1.png\",\"datePublished\":\"2022-10-19T22:47:38+00:00\",\"dateModified\":\"2025-01-21T14:08:54+00:00\",\"breadcrumb\":{\"@id\":\"http:\\\/\\\/skyline-gs.com\\\/cs\\\/produkt\\\/hakuna-matata\\\/#breadcrumb\"},\"inLanguage\":\"cs\",\"potentialAction\":[{\"@type\":\"ReadAction\",\"target\":[\"http:\\\/\\\/skyline-gs.com\\\/cs\\\/produkt\\\/hakuna-matata\\\/\"]}]},{\"@type\":\"ImageObject\",\"inLanguage\":\"cs\",\"@id\":\"http:\\\/\\\/skyline-gs.com\\\/cs\\\/produkt\\\/hakuna-matata\\\/#primaryimage\",\"url\":\"https:\\\/\\\/skyline-gs.com\\\/wp-content\\\/uploads\\\/2022\\\/10\\\/3-4-1.png\",\"contentUrl\":\"https:\\\/\\\/skyline-gs.com\\\/wp-content\\\/uploads\\\/2022\\\/10\\\/3-4-1.png\",\"width\":669,\"height\":446},{\"@type\":\"BreadcrumbList\",\"@id\":\"http:\\\/\\\/skyline-gs.com\\\/cs\\\/produkt\\\/hakuna-matata\\\/#breadcrumb\",\"itemListElement\":[{\"@type\":\"ListItem\",\"position\":1,\"name\":\"\u0413\u043b\u0430\u0432\u043d\u0430\u044f \u0441\u0442\u0440\u0430\u043d\u0438\u0446\u0430\",\"item\":\"https:\\\/\\\/skyline-gs.com\\\/hu\\\/\"},{\"@type\":\"ListItem\",\"position\":2,\"name\":\"\u041c\u0430\u0433\u0430\u0437\u0438\u043d\",\"item\":\"https:\\\/\\\/skyline-gs.com\\\/cs\\\/shop\\\/\"},{\"@type\":\"ListItem\",\"position\":3,\"name\":\"\u0410\u043a\u0443\u043d\u0430 \u043c\u0430\u0442\u0430\u0442\u0430 (\u042e\u0433 \u0417\u0430\u043d\u0437\u0438\u0431\u0430\u0440\u0430 \u0441 \u043b\u0438\u0447\u043d\u044b\u043c \u0432\u043e\u0434\u0438\u0442\u0435\u043b\u0435\u043c)\"}]},{\"@type\":\"WebSite\",\"@id\":\"https:\\\/\\\/skyline-gs.com\\\/it\\\/#website\",\"url\":\"https:\\\/\\\/skyline-gs.com\\\/it\\\/\",\"name\":\"\u042d\u043a\u0441\u043a\u0443\u0440\u0441\u0438\u0438 Skyline\",\"description\":\"\u042d\u043a\u0441\u043a\u043b\u044e\u0437\u0438\u0432\u043d\u044b\u0435 \u044d\u043a\u0441\u043a\u0443\u0440\u0441\u0438\u0438 \u043d\u0430 \u043b\u0443\u0447\u0448\u0438\u0445 \u043a\u0443\u0440\u043e\u0440\u0442\u0430\u0445 \u043c\u0438\u0440\u0430\",\"publisher\":{\"@id\":\"https:\\\/\\\/skyline-gs.com\\\/it\\\/#organization\"},\"alternateName\":\"Skyline\",\"potentialAction\":[{\"@type\":\"SearchAction\",\"target\":{\"@type\":\"EntryPoint\",\"urlTemplate\":\"https:\\\/\\\/skyline-gs.com\\\/it\\\/?s={search_term_string}\"},\"query-input\":{\"@type\":\"PropertyValueSpecification\",\"valueRequired\":true,\"valueName\":\"search_term_string\"}}],\"inLanguage\":\"cs\"},{\"@type\":\"Organization\",\"@id\":\"https:\\\/\\\/skyline-gs.com\\\/it\\\/#organization\",\"name\":\"\u042d\u043a\u0441\u043a\u0443\u0440\u0441\u0438\u0438 Skyline\",\"alternateName\":\"\u042d\u043a\u0441\u043a\u0443\u0440\u0441\u0438\u0438 Skyline\",\"url\":\"https:\\\/\\\/skyline-gs.com\\\/it\\\/\",\"logo\":{\"@type\":\"ImageObject\",\"inLanguage\":\"cs\",\"@id\":\"https:\\\/\\\/skyline-gs.com\\\/it\\\/#\\\/schema\\\/logo\\\/image\\\/\",\"url\":\"https:\\\/\\\/skyline-gs.com\\\/wp-content\\\/uploads\\\/2020\\\/12\\\/cropped-logo-2.png\",\"contentUrl\":\"https:\\\/\\\/skyline-gs.com\\\/wp-content\\\/uploads\\\/2020\\\/12\\\/cropped-logo-2.png\",\"width\":512,\"height\":512,\"caption\":\"\u042d\u043a\u0441\u043a\u0443\u0440\u0441\u0438\u0438 Skyline\"},\"image\":{\"@id\":\"https:\\\/\\\/skyline-gs.com\\\/it\\\/#\\\/schema\\\/logo\\\/image\\\/\"},\"sameAs\":[\"https:\\\/\\\/www.instagram.com\\\/skylineglobalservice\\\/\"]}]}<\/script>\n<!-- \/ Yoast SEO plugin. -->","yoast_head_json":{"title":"\u0410\u043a\u0443\u043d\u0430 \u043c\u0430\u0442\u0430\u0442\u0430 (\u042e\u0433 \u0417\u0430\u043d\u0437\u0438\u0431\u0430\u0440\u0430 \u0441 \u043b\u0438\u0447\u043d\u044b\u043c \u0432\u043e\u0434\u0438\u0442\u0435\u043b\u0435\u043c) &#8226; \u042d\u043a\u0441\u043a\u0443\u0440\u0441\u0438\u0438 Skyline","robots":{"index":"index","follow":"follow","max-snippet":"max-snippet:-1","max-image-preview":"max-image-preview:large","max-video-preview":"max-video-preview:-1"},"canonical":"http:\/\/skyline-gs.com\/cs\/produkt\/hakuna-matata\/","og_locale":"cs_CZ","og_type":"article","og_title":"\u0410\u043a\u0443\u043d\u0430 \u043c\u0430\u0442\u0430\u0442\u0430 (\u042e\u0433 \u0417\u0430\u043d\u0437\u0438\u0431\u0430\u0440\u0430 \u0441 \u043b\u0438\u0447\u043d\u044b\u043c \u0432\u043e\u0434\u0438\u0442\u0435\u043b\u0435\u043c) &#8226; \u042d\u043a\u0441\u043a\u0443\u0440\u0441\u0438\u0438 Skyline","og_description":"\u0412\u0440\u0435\u043c\u044f \u0442\u0443\u0440\u0430: 9:00 - 16:00  \u0414\u043d\u0438 \u043f\u0440\u043e\u0432\u0435\u0434\u0435\u043d\u0438\u044f: \u0435\u0436\u0435\u0434\u043d\u0435\u0432\u043d\u043e","og_url":"http:\/\/skyline-gs.com\/cs\/produkt\/hakuna-matata\/","og_site_name":"\u042d\u043a\u0441\u043a\u0443\u0440\u0441\u0438\u0438 Skyline","article_modified_time":"2025-01-21T14:08:54+00:00","og_image":[{"width":669,"height":446,"url":"https:\/\/skyline-gs.com\/wp-content\/uploads\/2022\/10\/3-4-1.png","type":"image\/png"}],"twitter_card":"summary_large_image","twitter_misc":{"Odhadovan\u00e1 doba \u010dten\u00ed":"2 minuty"},"schema":{"@context":"https:\/\/schema.org","@graph":[{"@type":"WebPage","@id":"http:\/\/skyline-gs.com\/cs\/produkt\/hakuna-matata\/","url":"http:\/\/skyline-gs.com\/cs\/produkt\/hakuna-matata\/","name":"\u0410\u043a\u0443\u043d\u0430 \u043c\u0430\u0442\u0430\u0442\u0430 (\u042e\u0433 \u0417\u0430\u043d\u0437\u0438\u0431\u0430\u0440\u0430 \u0441 \u043b\u0438\u0447\u043d\u044b\u043c \u0432\u043e\u0434\u0438\u0442\u0435\u043b\u0435\u043c) &#8226; \u042d\u043a\u0441\u043a\u0443\u0440\u0441\u0438\u0438 Skyline","isPartOf":{"@id":"https:\/\/skyline-gs.com\/it\/#website"},"primaryImageOfPage":{"@id":"http:\/\/skyline-gs.com\/cs\/produkt\/hakuna-matata\/#primaryimage"},"image":{"@id":"http:\/\/skyline-gs.com\/cs\/produkt\/hakuna-matata\/#primaryimage"},"thumbnailUrl":"https:\/\/skyline-gs.com\/wp-content\/uploads\/2022\/10\/3-4-1.png","datePublished":"2022-10-19T22:47:38+00:00","dateModified":"2025-01-21T14:08:54+00:00","breadcrumb":{"@id":"http:\/\/skyline-gs.com\/cs\/produkt\/hakuna-matata\/#breadcrumb"},"inLanguage":"cs","potentialAction":[{"@type":"ReadAction","target":["http:\/\/skyline-gs.com\/cs\/produkt\/hakuna-matata\/"]}]},{"@type":"ImageObject","inLanguage":"cs","@id":"http:\/\/skyline-gs.com\/cs\/produkt\/hakuna-matata\/#primaryimage","url":"https:\/\/skyline-gs.com\/wp-content\/uploads\/2022\/10\/3-4-1.png","contentUrl":"https:\/\/skyline-gs.com\/wp-content\/uploads\/2022\/10\/3-4-1.png","width":669,"height":446},{"@type":"BreadcrumbList","@id":"http:\/\/skyline-gs.com\/cs\/produkt\/hakuna-matata\/#breadcrumb","itemListElement":[{"@type":"ListItem","position":1,"name":"\u0413\u043b\u0430\u0432\u043d\u0430\u044f \u0441\u0442\u0440\u0430\u043d\u0438\u0446\u0430","item":"https:\/\/skyline-gs.com\/hu\/"},{"@type":"ListItem","position":2,"name":"\u041c\u0430\u0433\u0430\u0437\u0438\u043d","item":"https:\/\/skyline-gs.com\/cs\/shop\/"},{"@type":"ListItem","position":3,"name":"\u0410\u043a\u0443\u043d\u0430 \u043c\u0430\u0442\u0430\u0442\u0430 (\u042e\u0433 \u0417\u0430\u043d\u0437\u0438\u0431\u0430\u0440\u0430 \u0441 \u043b\u0438\u0447\u043d\u044b\u043c \u0432\u043e\u0434\u0438\u0442\u0435\u043b\u0435\u043c)"}]},{"@type":"WebSite","@id":"https:\/\/skyline-gs.com\/it\/#website","url":"https:\/\/skyline-gs.com\/it\/","name":"Skyline V\u00fdlety","description":"Exkluzivn\u00ed v\u00fdlety do nejlep\u0161\u00edch sv\u011btov\u00fdch letovisek","publisher":{"@id":"https:\/\/skyline-gs.com\/it\/#organization"},"alternateName":"Skyline","potentialAction":[{"@type":"SearchAction","target":{"@type":"EntryPoint","urlTemplate":"https:\/\/skyline-gs.com\/it\/?s={search_term_string}"},"query-input":{"@type":"PropertyValueSpecification","valueRequired":true,"valueName":"search_term_string"}}],"inLanguage":"cs"},{"@type":"Organization","@id":"https:\/\/skyline-gs.com\/it\/#organization","name":"Skyline V\u00fdlety","alternateName":"\u042d\u043a\u0441\u043a\u0443\u0440\u0441\u0438\u0438 Skyline","url":"https:\/\/skyline-gs.com\/it\/","logo":{"@type":"ImageObject","inLanguage":"cs","@id":"https:\/\/skyline-gs.com\/it\/#\/schema\/logo\/image\/","url":"https:\/\/skyline-gs.com\/wp-content\/uploads\/2020\/12\/cropped-logo-2.png","contentUrl":"https:\/\/skyline-gs.com\/wp-content\/uploads\/2020\/12\/cropped-logo-2.png","width":512,"height":512,"caption":"\u042d\u043a\u0441\u043a\u0443\u0440\u0441\u0438\u0438 Skyline"},"image":{"@id":"https:\/\/skyline-gs.com\/it\/#\/schema\/logo\/image\/"},"sameAs":["https:\/\/www.instagram.com\/skylineglobalservice\/"]}]}},"_links":{"self":[{"href":"https:\/\/skyline-gs.com\/cs\/wp-json\/wp\/v2\/product\/19940","targetHints":{"allow":["GET"]}}],"collection":[{"href":"https:\/\/skyline-gs.com\/cs\/wp-json\/wp\/v2\/product"}],"about":[{"href":"https:\/\/skyline-gs.com\/cs\/wp-json\/wp\/v2\/types\/product"}],"version-history":[{"count":0,"href":"https:\/\/skyline-gs.com\/cs\/wp-json\/wp\/v2\/product\/19940\/revisions"}],"wp:featuredmedia":[{"embeddable":true,"href":"https:\/\/skyline-gs.com\/cs\/wp-json\/wp\/v2\/media\/19941"}],"wp:attachment":[{"href":"https:\/\/skyline-gs.com\/cs\/wp-json\/wp\/v2\/media?parent=19940"}],"wp:term":[{"taxonomy":"product_brand","embeddable":true,"href":"https:\/\/skyline-gs.com\/cs\/wp-json\/wp\/v2\/product_brand?post=19940"},{"taxonomy":"product_cat","embeddable":true,"href":"https:\/\/skyline-gs.com\/cs\/wp-json\/wp\/v2\/product_cat?post=19940"},{"taxonomy":"product_tag","embeddable":true,"href":"https:\/\/skyline-gs.com\/cs\/wp-json\/wp\/v2\/product_tag?post=19940"}],"curies":[{"name":"wp","href":"https:\/\/api.w.org\/{rel}","templated":true}]}}