{"id":18198,"date":"2021-01-13T20:49:50","date_gmt":"2021-01-13T17:49:50","guid":{"rendered":"http:\/\/zanzibar.skyline-gs.com\/?post_type=product&amp;p=18198"},"modified":"2021-01-13T20:49:50","modified_gmt":"2021-01-13T17:49:50","slug":"dolphin-tour-les-jozani-and-rock-restaurant-zanzibar","status":"publish","type":"product","link":"https:\/\/skyline-gs.com\/cs\/product\/dolphin-tour-les-jozani-and-rock-restaurant-zanzibar\/","title":{"rendered":"Individu\u00e1ln\u00ed prohl\u00eddka delf\u00edn\u016f z Kizimkazi, lesa Jozani a skaln\u00ed restaurace"},"content":{"rendered":"<p>5:00 odhl\u00e1\u0161en\u00ed z hotelu a odjezd do vesnice Kizimkazi. V z\u00e1toce Kizimkazi na jihu ostrova jsou ide\u00e1ln\u00ed podm\u00ednky pro delf\u00edny. V\u010dasn\u00fd odjezd je nutn\u00fd, aby se maximalizovaly \u0161ance na pozorov\u00e1n\u00ed delf\u00edn\u016f. Zv\u00ed\u0159ata, kter\u00e1 nejsou omezov\u00e1na podm\u00ednkami delfin\u00e1ri\u00ed, se p\u0159i setk\u00e1n\u00ed s turisty chovaj\u00ed p\u0159irozen\u011b a projevuj\u00ed p\u0159irozenou zv\u011bdavost.  Ti, kte\u0159\u00ed d\u00e1vaj\u00ed p\u0159ednost aktivn\u011bj\u0161\u00ed dovolen\u00e9, jsou zv\u00e1ni na <strong>plav\u00e1n\u00ed delf\u00edn\u016f<\/strong>Jsou tak p\u0159\u00e1tel\u0161t\u00ed, \u017ee se nechaj\u00ed hladit a dokonce si s nimi lid\u00e9 ochotn\u011b hraj\u00ed. M\u016f\u017eete zde vid\u011bt jak delf\u00edny sk\u00e1kav\u00e9, tak delf\u00edny sk\u00e1kav\u00e9. Po n\u00e1vratu na b\u0159eh \u010das na sn\u00eddani (sn\u00eddani si objednejte s sebou do hotelu).<\/p>\n<p><strong>N\u00e1v\u0161t\u011bva lesa Jozani<\/strong> - dal\u0161\u00ed \u010d\u00e1st programu. Dovolen\u00e1 v africk\u00fdch letovisc\u00edch vy\u017eaduje sezn\u00e1men\u00ed s bohatou a rozmanitou divokou p\u0159\u00edrodou kontinentu.  Jednou z nejlep\u0161\u00edch p\u0159\u00edle\u017eitost\u00ed k tomu je n\u00e1v\u0161t\u011bva opi\u010d\u00edho parku, kde se voln\u011b pohybuj\u00ed n\u00e1dhern\u00ed a \u00fa\u017easn\u00ed kolou\u0161ci \u010derven\u00ed. Les Jozani, kter\u00fd se rozkl\u00e1d\u00e1 na plo\u0161e 44 km2 , je rozd\u011blen na t\u0159i oblasti: prvn\u00ed tvo\u0159\u00ed k\u0159oviny, druhou mangrovy a t\u0159et\u00ed de\u0161tn\u00fd prales. Krom\u011b opic zde \u017eij\u00ed chameleoni, kr\u00e1sn\u00ed pt\u00e1ci a mot\u00fdli.<\/p>\n<p>A z\u00e1v\u011bre\u010dnou \u010d\u00e1st\u00ed programu bude n\u00e1v\u0161t\u011bva <strong>restaurace<\/strong><b> Rock. <\/b>Je proslul\u00e1 svou neobvyklou polohou a je zn\u00e1m\u00e1 jako jedna z nejromanti\u010dt\u011bj\u0161\u00edch restaurac\u00ed na sv\u011bt\u011b. Host\u00e9 mohou posed\u011bt uvnit\u0159 nebo na terase, odkud je n\u00e1dhern\u00fd v\u00fdhled na azurov\u00e9 vlny t\u00e1hnouc\u00ed se a\u017e k obzoru. Konec programu kolem 13:30. Transfer zp\u011bt do hotelu.<\/p>\n<p><strong>Co je sou\u010d\u00e1st\u00ed balen\u00ed:<\/strong><\/p>\n<ul>\n<li>Transfery z hotelu a do hotelu<\/li>\n<li>V\u0161echny transfery klimatizovan\u00fdm minibusem<\/li>\n<li>P\u016fj\u010dovna lod\u00ed<\/li>\n<li>rusky mluv\u00edc\u00ed pr\u016fvodce<\/li>\n<li>V\u0161echny vstupenky<\/li>\n<li>Vybaven\u00ed pro \u0161norchlov\u00e1n\u00ed<\/li>\n<li>Z\u00e1chrann\u00e9 vesty<\/li>\n<\/ul>\n<p><strong>Z\u00e1v\u011br:<\/strong><\/p>\n<ul>\n<li>Sn\u00eddan\u011b s sebou (ob\u011bdov\u00fd box si objednejte na recepci hotelu)<\/li>\n<li>Plavky, plavky<\/li>\n<li>Ru\u010dn\u00edk<\/li>\n<li>Foto-video za\u0159\u00edzen\u00ed. Nab\u00edjejte sv\u00e1 za\u0159\u00edzen\u00ed s dostate\u010dn\u00fdm p\u0159edstihem<\/li>\n<li><span class=\"fontstyle0\">Slune\u010dn\u00ed br\u00fdle a panama, opalovac\u00ed kr\u00e9m<\/span><\/li>\n<\/ul>\n<ul>\n<li style=\"list-style-type: none;\"><\/li>\n<\/ul>","protected":false},"excerpt":{"rendered":"<p><strong>Doba prohl\u00eddky: <\/strong>5:00 \u2014 13:30<\/p>\n<p><strong>Dny zadr\u017een\u00ed: <\/strong>denn\u011b<\/p>","protected":false},"featured_media":18280,"template":"","meta":{"_kad_post_transparent":"default","_kad_post_title":"","_kad_post_layout":"default","_kad_post_sidebar_id":"","_kad_post_content_style":"default","_kad_post_vertical_padding":"default","_kad_post_feature":"","_kad_post_feature_position":"","_kad_post_header":false,"_kad_post_footer":false,"_kad_post_classname":"","_glsr_average":0,"_glsr_ranking":0,"_glsr_reviews":0},"product_brand":[],"product_cat":[470],"product_tag":[],"class_list":{"0":"post-18198","1":"product","2":"type-product","3":"status-publish","4":"has-post-thumbnail","6":"product_cat-individual","7":"tm-has-options","9":"first","10":"instock","11":"sale","12":"sold-individually","13":"taxable","14":"shipping-taxable","15":"purchasable","16":"product-type-simple","17":"entry","18":"content-bg","19":"loop-entry"},"yoast_head":"<!-- This site is optimized with the Yoast SEO plugin v27.3 - https:\/\/yoast.com\/product\/yoast-seo-wordpress\/ -->\n<title>\u0418\u043d\u0434\u0438\u0432\u0438\u0434\u0443\u0430\u043b\u044c\u043d\u044b\u0439 \u0414\u0435\u043b\u044c\u0444\u0438\u043d \u0442\u0443\u0440 \u0438\u0437 \u041a\u0438\u0437\u0438\u043c\u043a\u0430\u0437\u0438, \u041b\u0435\u0441 \u0414\u0436\u043e\u0437\u0430\u043d\u0438 \u0438 \u0420\u0435\u0441\u0442\u043e\u0440\u0430\u043d \u0420\u043e\u043a &#8226; \u042d\u043a\u0441\u043a\u0443\u0440\u0441\u0438\u0438 Skyline<\/title>\n<meta name=\"robots\" content=\"index, follow, max-snippet:-1, max-image-preview:large, max-video-preview:-1\" \/>\n<link rel=\"canonical\" href=\"http:\/\/skyline-gs.com\/cs\/produkt\/dolphin-tour-les-jozani-and-rock-restaurant-zanzibar\/\" \/>\n<meta property=\"og:locale\" content=\"cs_CZ\" \/>\n<meta property=\"og:type\" content=\"article\" \/>\n<meta property=\"og:title\" content=\"\u0418\u043d\u0434\u0438\u0432\u0438\u0434\u0443\u0430\u043b\u044c\u043d\u044b\u0439 \u0414\u0435\u043b\u044c\u0444\u0438\u043d \u0442\u0443\u0440 \u0438\u0437 \u041a\u0438\u0437\u0438\u043c\u043a\u0430\u0437\u0438, \u041b\u0435\u0441 \u0414\u0436\u043e\u0437\u0430\u043d\u0438 \u0438 \u0420\u0435\u0441\u0442\u043e\u0440\u0430\u043d \u0420\u043e\u043a &#8226; \u042d\u043a\u0441\u043a\u0443\u0440\u0441\u0438\u0438 Skyline\" \/>\n<meta property=\"og:description\" content=\"\u0412\u0440\u0435\u043c\u044f \u0442\u0443\u0440\u0430: 5:00 - 13:30 \u0414\u043d\u0438 \u043f\u0440\u043e\u0432\u0435\u0434\u0435\u043d\u0438\u044f: \u0435\u0436\u0435\u0434\u043d\u0435\u0432\u043d\u043e\" \/>\n<meta property=\"og:url\" content=\"http:\/\/skyline-gs.com\/cs\/produkt\/dolphin-tour-les-jozani-and-rock-restaurant-zanzibar\/\" \/>\n<meta property=\"og:site_name\" content=\"\u042d\u043a\u0441\u043a\u0443\u0440\u0441\u0438\u0438 Skyline\" \/>\n<meta property=\"og:image\" content=\"https:\/\/skyline-gs.com\/wp-content\/uploads\/2021\/01\/Les-Dzhozani-4-of-15-1.jpg\" \/>\n\t<meta property=\"og:image:width\" content=\"900\" \/>\n\t<meta property=\"og:image:height\" content=\"600\" \/>\n\t<meta property=\"og:image:type\" content=\"image\/jpeg\" \/>\n<meta name=\"twitter:card\" content=\"summary_large_image\" \/>\n<meta name=\"twitter:label1\" content=\"Odhadovan\u00e1 doba \u010dten\u00ed\" \/>\n\t<meta name=\"twitter:data1\" content=\"2 minuty\" \/>\n<script type=\"application\/ld+json\" class=\"yoast-schema-graph\">{\"@context\":\"https:\\\/\\\/schema.org\",\"@graph\":[{\"@type\":\"WebPage\",\"@id\":\"http:\\\/\\\/skyline-gs.com\\\/it\\\/prodotto\\\/dolphin-tour-les-jozani-and-rock-restaurant-zanzibar\\\/\",\"url\":\"http:\\\/\\\/skyline-gs.com\\\/it\\\/prodotto\\\/dolphin-tour-les-jozani-and-rock-restaurant-zanzibar\\\/\",\"name\":\"\u0418\u043d\u0434\u0438\u0432\u0438\u0434\u0443\u0430\u043b\u044c\u043d\u044b\u0439 \u0414\u0435\u043b\u044c\u0444\u0438\u043d \u0442\u0443\u0440 \u0438\u0437 \u041a\u0438\u0437\u0438\u043c\u043a\u0430\u0437\u0438, \u041b\u0435\u0441 \u0414\u0436\u043e\u0437\u0430\u043d\u0438 \u0438 \u0420\u0435\u0441\u0442\u043e\u0440\u0430\u043d \u0420\u043e\u043a &#8226; \u042d\u043a\u0441\u043a\u0443\u0440\u0441\u0438\u0438 Skyline\",\"isPartOf\":{\"@id\":\"https:\\\/\\\/skyline-gs.com\\\/it\\\/#website\"},\"primaryImageOfPage\":{\"@id\":\"http:\\\/\\\/skyline-gs.com\\\/it\\\/prodotto\\\/dolphin-tour-les-jozani-and-rock-restaurant-zanzibar\\\/#primaryimage\"},\"image\":{\"@id\":\"http:\\\/\\\/skyline-gs.com\\\/it\\\/prodotto\\\/dolphin-tour-les-jozani-and-rock-restaurant-zanzibar\\\/#primaryimage\"},\"thumbnailUrl\":\"https:\\\/\\\/skyline-gs.com\\\/wp-content\\\/uploads\\\/2021\\\/01\\\/Les-Dzhozani-4-of-15-1.jpg\",\"datePublished\":\"2021-01-13T17:49:50+00:00\",\"breadcrumb\":{\"@id\":\"http:\\\/\\\/skyline-gs.com\\\/it\\\/prodotto\\\/dolphin-tour-les-jozani-and-rock-restaurant-zanzibar\\\/#breadcrumb\"},\"inLanguage\":\"cs\",\"potentialAction\":[{\"@type\":\"ReadAction\",\"target\":[\"http:\\\/\\\/skyline-gs.com\\\/it\\\/prodotto\\\/dolphin-tour-les-jozani-and-rock-restaurant-zanzibar\\\/\"]}]},{\"@type\":\"ImageObject\",\"inLanguage\":\"cs\",\"@id\":\"http:\\\/\\\/skyline-gs.com\\\/it\\\/prodotto\\\/dolphin-tour-les-jozani-and-rock-restaurant-zanzibar\\\/#primaryimage\",\"url\":\"https:\\\/\\\/skyline-gs.com\\\/wp-content\\\/uploads\\\/2021\\\/01\\\/Les-Dzhozani-4-of-15-1.jpg\",\"contentUrl\":\"https:\\\/\\\/skyline-gs.com\\\/wp-content\\\/uploads\\\/2021\\\/01\\\/Les-Dzhozani-4-of-15-1.jpg\",\"width\":900,\"height\":600},{\"@type\":\"BreadcrumbList\",\"@id\":\"http:\\\/\\\/skyline-gs.com\\\/it\\\/prodotto\\\/dolphin-tour-les-jozani-and-rock-restaurant-zanzibar\\\/#breadcrumb\",\"itemListElement\":[{\"@type\":\"ListItem\",\"position\":1,\"name\":\"\u0413\u043b\u0430\u0432\u043d\u0430\u044f \u0441\u0442\u0440\u0430\u043d\u0438\u0446\u0430\",\"item\":\"https:\\\/\\\/skyline-gs.com\\\/hu\\\/\"},{\"@type\":\"ListItem\",\"position\":2,\"name\":\"\u041c\u0430\u0433\u0430\u0437\u0438\u043d\",\"item\":\"https:\\\/\\\/skyline-gs.com\\\/cs\\\/shop\\\/\"},{\"@type\":\"ListItem\",\"position\":3,\"name\":\"\u0418\u043d\u0434\u0438\u0432\u0438\u0434\u0443\u0430\u043b\u044c\u043d\u044b\u0439 \u0414\u0435\u043b\u044c\u0444\u0438\u043d \u0442\u0443\u0440 \u0438\u0437 \u041a\u0438\u0437\u0438\u043c\u043a\u0430\u0437\u0438, \u041b\u0435\u0441 \u0414\u0436\u043e\u0437\u0430\u043d\u0438 \u0438 \u0420\u0435\u0441\u0442\u043e\u0440\u0430\u043d \u0420\u043e\u043a\"}]},{\"@type\":\"WebSite\",\"@id\":\"https:\\\/\\\/skyline-gs.com\\\/it\\\/#website\",\"url\":\"https:\\\/\\\/skyline-gs.com\\\/it\\\/\",\"name\":\"\u042d\u043a\u0441\u043a\u0443\u0440\u0441\u0438\u0438 Skyline\",\"description\":\"\u042d\u043a\u0441\u043a\u043b\u044e\u0437\u0438\u0432\u043d\u044b\u0435 \u044d\u043a\u0441\u043a\u0443\u0440\u0441\u0438\u0438 \u043d\u0430 \u043b\u0443\u0447\u0448\u0438\u0445 \u043a\u0443\u0440\u043e\u0440\u0442\u0430\u0445 \u043c\u0438\u0440\u0430\",\"publisher\":{\"@id\":\"https:\\\/\\\/skyline-gs.com\\\/it\\\/#organization\"},\"alternateName\":\"Skyline\",\"potentialAction\":[{\"@type\":\"SearchAction\",\"target\":{\"@type\":\"EntryPoint\",\"urlTemplate\":\"https:\\\/\\\/skyline-gs.com\\\/it\\\/?s={search_term_string}\"},\"query-input\":{\"@type\":\"PropertyValueSpecification\",\"valueRequired\":true,\"valueName\":\"search_term_string\"}}],\"inLanguage\":\"cs\"},{\"@type\":\"Organization\",\"@id\":\"https:\\\/\\\/skyline-gs.com\\\/it\\\/#organization\",\"name\":\"\u042d\u043a\u0441\u043a\u0443\u0440\u0441\u0438\u0438 Skyline\",\"alternateName\":\"\u042d\u043a\u0441\u043a\u0443\u0440\u0441\u0438\u0438 Skyline\",\"url\":\"https:\\\/\\\/skyline-gs.com\\\/it\\\/\",\"logo\":{\"@type\":\"ImageObject\",\"inLanguage\":\"cs\",\"@id\":\"https:\\\/\\\/skyline-gs.com\\\/it\\\/#\\\/schema\\\/logo\\\/image\\\/\",\"url\":\"https:\\\/\\\/skyline-gs.com\\\/wp-content\\\/uploads\\\/2020\\\/12\\\/cropped-logo-2.png\",\"contentUrl\":\"https:\\\/\\\/skyline-gs.com\\\/wp-content\\\/uploads\\\/2020\\\/12\\\/cropped-logo-2.png\",\"width\":512,\"height\":512,\"caption\":\"\u042d\u043a\u0441\u043a\u0443\u0440\u0441\u0438\u0438 Skyline\"},\"image\":{\"@id\":\"https:\\\/\\\/skyline-gs.com\\\/it\\\/#\\\/schema\\\/logo\\\/image\\\/\"},\"sameAs\":[\"https:\\\/\\\/www.instagram.com\\\/skylineglobalservice\\\/\"]}]}<\/script>\n<!-- \/ Yoast SEO plugin. -->","yoast_head_json":{"title":"\u0418\u043d\u0434\u0438\u0432\u0438\u0434\u0443\u0430\u043b\u044c\u043d\u044b\u0439 \u0414\u0435\u043b\u044c\u0444\u0438\u043d \u0442\u0443\u0440 \u0438\u0437 \u041a\u0438\u0437\u0438\u043c\u043a\u0430\u0437\u0438, \u041b\u0435\u0441 \u0414\u0436\u043e\u0437\u0430\u043d\u0438 \u0438 \u0420\u0435\u0441\u0442\u043e\u0440\u0430\u043d \u0420\u043e\u043a &#8226; \u042d\u043a\u0441\u043a\u0443\u0440\u0441\u0438\u0438 Skyline","robots":{"index":"index","follow":"follow","max-snippet":"max-snippet:-1","max-image-preview":"max-image-preview:large","max-video-preview":"max-video-preview:-1"},"canonical":"http:\/\/skyline-gs.com\/cs\/produkt\/dolphin-tour-les-jozani-and-rock-restaurant-zanzibar\/","og_locale":"cs_CZ","og_type":"article","og_title":"\u0418\u043d\u0434\u0438\u0432\u0438\u0434\u0443\u0430\u043b\u044c\u043d\u044b\u0439 \u0414\u0435\u043b\u044c\u0444\u0438\u043d \u0442\u0443\u0440 \u0438\u0437 \u041a\u0438\u0437\u0438\u043c\u043a\u0430\u0437\u0438, \u041b\u0435\u0441 \u0414\u0436\u043e\u0437\u0430\u043d\u0438 \u0438 \u0420\u0435\u0441\u0442\u043e\u0440\u0430\u043d \u0420\u043e\u043a &#8226; \u042d\u043a\u0441\u043a\u0443\u0440\u0441\u0438\u0438 Skyline","og_description":"\u0412\u0440\u0435\u043c\u044f \u0442\u0443\u0440\u0430: 5:00 - 13:30 \u0414\u043d\u0438 \u043f\u0440\u043e\u0432\u0435\u0434\u0435\u043d\u0438\u044f: \u0435\u0436\u0435\u0434\u043d\u0435\u0432\u043d\u043e","og_url":"http:\/\/skyline-gs.com\/cs\/produkt\/dolphin-tour-les-jozani-and-rock-restaurant-zanzibar\/","og_site_name":"\u042d\u043a\u0441\u043a\u0443\u0440\u0441\u0438\u0438 Skyline","og_image":[{"width":900,"height":600,"url":"https:\/\/skyline-gs.com\/wp-content\/uploads\/2021\/01\/Les-Dzhozani-4-of-15-1.jpg","type":"image\/jpeg"}],"twitter_card":"summary_large_image","twitter_misc":{"Odhadovan\u00e1 doba \u010dten\u00ed":"2 minuty"},"schema":{"@context":"https:\/\/schema.org","@graph":[{"@type":"WebPage","@id":"http:\/\/skyline-gs.com\/it\/prodotto\/dolphin-tour-les-jozani-and-rock-restaurant-zanzibar\/","url":"http:\/\/skyline-gs.com\/it\/prodotto\/dolphin-tour-les-jozani-and-rock-restaurant-zanzibar\/","name":"\u0418\u043d\u0434\u0438\u0432\u0438\u0434\u0443\u0430\u043b\u044c\u043d\u044b\u0439 \u0414\u0435\u043b\u044c\u0444\u0438\u043d \u0442\u0443\u0440 \u0438\u0437 \u041a\u0438\u0437\u0438\u043c\u043a\u0430\u0437\u0438, \u041b\u0435\u0441 \u0414\u0436\u043e\u0437\u0430\u043d\u0438 \u0438 \u0420\u0435\u0441\u0442\u043e\u0440\u0430\u043d \u0420\u043e\u043a &#8226; \u042d\u043a\u0441\u043a\u0443\u0440\u0441\u0438\u0438 Skyline","isPartOf":{"@id":"https:\/\/skyline-gs.com\/it\/#website"},"primaryImageOfPage":{"@id":"http:\/\/skyline-gs.com\/it\/prodotto\/dolphin-tour-les-jozani-and-rock-restaurant-zanzibar\/#primaryimage"},"image":{"@id":"http:\/\/skyline-gs.com\/it\/prodotto\/dolphin-tour-les-jozani-and-rock-restaurant-zanzibar\/#primaryimage"},"thumbnailUrl":"https:\/\/skyline-gs.com\/wp-content\/uploads\/2021\/01\/Les-Dzhozani-4-of-15-1.jpg","datePublished":"2021-01-13T17:49:50+00:00","breadcrumb":{"@id":"http:\/\/skyline-gs.com\/it\/prodotto\/dolphin-tour-les-jozani-and-rock-restaurant-zanzibar\/#breadcrumb"},"inLanguage":"cs","potentialAction":[{"@type":"ReadAction","target":["http:\/\/skyline-gs.com\/it\/prodotto\/dolphin-tour-les-jozani-and-rock-restaurant-zanzibar\/"]}]},{"@type":"ImageObject","inLanguage":"cs","@id":"http:\/\/skyline-gs.com\/it\/prodotto\/dolphin-tour-les-jozani-and-rock-restaurant-zanzibar\/#primaryimage","url":"https:\/\/skyline-gs.com\/wp-content\/uploads\/2021\/01\/Les-Dzhozani-4-of-15-1.jpg","contentUrl":"https:\/\/skyline-gs.com\/wp-content\/uploads\/2021\/01\/Les-Dzhozani-4-of-15-1.jpg","width":900,"height":600},{"@type":"BreadcrumbList","@id":"http:\/\/skyline-gs.com\/it\/prodotto\/dolphin-tour-les-jozani-and-rock-restaurant-zanzibar\/#breadcrumb","itemListElement":[{"@type":"ListItem","position":1,"name":"\u0413\u043b\u0430\u0432\u043d\u0430\u044f \u0441\u0442\u0440\u0430\u043d\u0438\u0446\u0430","item":"https:\/\/skyline-gs.com\/hu\/"},{"@type":"ListItem","position":2,"name":"\u041c\u0430\u0433\u0430\u0437\u0438\u043d","item":"https:\/\/skyline-gs.com\/cs\/shop\/"},{"@type":"ListItem","position":3,"name":"\u0418\u043d\u0434\u0438\u0432\u0438\u0434\u0443\u0430\u043b\u044c\u043d\u044b\u0439 \u0414\u0435\u043b\u044c\u0444\u0438\u043d \u0442\u0443\u0440 \u0438\u0437 \u041a\u0438\u0437\u0438\u043c\u043a\u0430\u0437\u0438, \u041b\u0435\u0441 \u0414\u0436\u043e\u0437\u0430\u043d\u0438 \u0438 \u0420\u0435\u0441\u0442\u043e\u0440\u0430\u043d \u0420\u043e\u043a"}]},{"@type":"WebSite","@id":"https:\/\/skyline-gs.com\/it\/#website","url":"https:\/\/skyline-gs.com\/it\/","name":"Skyline V\u00fdlety","description":"Exkluzivn\u00ed v\u00fdlety do nejlep\u0161\u00edch sv\u011btov\u00fdch letovisek","publisher":{"@id":"https:\/\/skyline-gs.com\/it\/#organization"},"alternateName":"Skyline","potentialAction":[{"@type":"SearchAction","target":{"@type":"EntryPoint","urlTemplate":"https:\/\/skyline-gs.com\/it\/?s={search_term_string}"},"query-input":{"@type":"PropertyValueSpecification","valueRequired":true,"valueName":"search_term_string"}}],"inLanguage":"cs"},{"@type":"Organization","@id":"https:\/\/skyline-gs.com\/it\/#organization","name":"Skyline V\u00fdlety","alternateName":"\u042d\u043a\u0441\u043a\u0443\u0440\u0441\u0438\u0438 Skyline","url":"https:\/\/skyline-gs.com\/it\/","logo":{"@type":"ImageObject","inLanguage":"cs","@id":"https:\/\/skyline-gs.com\/it\/#\/schema\/logo\/image\/","url":"https:\/\/skyline-gs.com\/wp-content\/uploads\/2020\/12\/cropped-logo-2.png","contentUrl":"https:\/\/skyline-gs.com\/wp-content\/uploads\/2020\/12\/cropped-logo-2.png","width":512,"height":512,"caption":"\u042d\u043a\u0441\u043a\u0443\u0440\u0441\u0438\u0438 Skyline"},"image":{"@id":"https:\/\/skyline-gs.com\/it\/#\/schema\/logo\/image\/"},"sameAs":["https:\/\/www.instagram.com\/skylineglobalservice\/"]}]}},"_links":{"self":[{"href":"https:\/\/skyline-gs.com\/cs\/wp-json\/wp\/v2\/product\/18198","targetHints":{"allow":["GET"]}}],"collection":[{"href":"https:\/\/skyline-gs.com\/cs\/wp-json\/wp\/v2\/product"}],"about":[{"href":"https:\/\/skyline-gs.com\/cs\/wp-json\/wp\/v2\/types\/product"}],"version-history":[{"count":0,"href":"https:\/\/skyline-gs.com\/cs\/wp-json\/wp\/v2\/product\/18198\/revisions"}],"wp:featuredmedia":[{"embeddable":true,"href":"https:\/\/skyline-gs.com\/cs\/wp-json\/wp\/v2\/media\/18280"}],"wp:attachment":[{"href":"https:\/\/skyline-gs.com\/cs\/wp-json\/wp\/v2\/media?parent=18198"}],"wp:term":[{"taxonomy":"product_brand","embeddable":true,"href":"https:\/\/skyline-gs.com\/cs\/wp-json\/wp\/v2\/product_brand?post=18198"},{"taxonomy":"product_cat","embeddable":true,"href":"https:\/\/skyline-gs.com\/cs\/wp-json\/wp\/v2\/product_cat?post=18198"},{"taxonomy":"product_tag","embeddable":true,"href":"https:\/\/skyline-gs.com\/cs\/wp-json\/wp\/v2\/product_tag?post=18198"}],"curies":[{"name":"wp","href":"https:\/\/api.w.org\/{rel}","templated":true}]}}