{"id":17943,"date":"2020-12-30T19:01:32","date_gmt":"2020-12-30T16:01:32","guid":{"rendered":"http:\/\/zanzibar.skyline-gs.com\/?post_type=product&#038;p=17943"},"modified":"2026-03-12T17:11:10","modified_gmt":"2026-03-12T15:11:10","slug":"mikumi-2-dnya-2","status":"publish","type":"product","link":"https:\/\/skyline-gs.com\/cs\/product\/mikumi-2-dnya-2\/","title":{"rendered":"Mikumi 2 dny (p\u0159\u00edm\u00fd let)"},"content":{"rendered":"<p><strong>Den 1<\/strong><\/p>\n<p>Odjezd z hotelu v 5:30. Transfer na leti\u0161t\u011b. Odlet v 07:00, doba j\u00edzdy cca 15 minut. P\u0159\u00edlet na leti\u0161t\u011b Dar es Salaam. Transfer do rezervace Mikumi, odhadovan\u00e1 doba cesty je 5-6 hodin. B\u011bhem transferu zast\u00e1vka na ob\u011bd ve m\u011bst\u011b Morogoro. Po p\u0159\u00edjezdu do n\u00e1rodn\u00edho parku zah\u00e1j\u00edte Safari - cestu rozlehl\u00fdmi prostorami rezervace s divok\u00fdmi zv\u00ed\u0159aty. Cestou budete moci spat\u0159it mnoho zv\u00ed\u0159at, konkr\u00e9tn\u011b \u017eirafy, lvy, gepardy, slony a mnoho dal\u0161\u00edch obyvatel n\u00e1rodn\u00edho parku. Na z\u00e1v\u011br safari - ubytov\u00e1n\u00ed v hotelu Mikumi Bandas. Ve\u010de\u0159e.<\/p>\n<p><strong>Den 2<\/strong><\/p>\n<p>Brzk\u00e1 sn\u00eddan\u011b kolem 6:00, check out. V\u0161ichni turist\u00e9 budou m\u00edt k dispozici krabi\u010dku s ob\u011bdem. Pokra\u010dov\u00e1n\u00ed fascinuj\u00edc\u00ed cesty rozlehl\u00fdmi oblastmi rezervace. Vychutnejte si v\u0161echny kr\u00e1sy savany, vyfo\u0165te dravce, zachy\u0165te nezapomenuteln\u00e9 okam\u017eiky a divokou radost z emoc\u00ed, kter\u00e9 v\u00e1m z\u016fstanou na cel\u00fd \u017eivot. Na z\u00e1v\u011br v\u00e1s \u010dek\u00e1 p\u0159evoz na leti\u0161t\u011b. 16:30 odlet na Zanzibar. 17:00 Vyzvednut\u00ed na leti\u0161ti a transfer zp\u011bt do hotelu. Kolem 18:00 n\u00e1vrat do hotelu.<\/p>\n<p><strong>Co je sou\u010d\u00e1st\u00ed balen\u00ed:<\/strong><\/p>\n<ul>\n<li>V\u0161echny transfery v r\u00e1mci programu<\/li>\n<li>Transfer z hotelu a do hotelu<\/li>\n<li>P\u0159\u00edm\u00fd let Zanzibar - Mikumi Park - Zanzibar<\/li>\n<li>Ubytov\u00e1n\u00ed v Mikumi Bandas Lodge<\/li>\n<li>T\u0159i j\u00eddla denn\u011b na safari<\/li>\n<li>pit\u00ed balen\u00e9 vody a nealkoholick\u00fdch n\u00e1poj\u016f b\u011bhem prohl\u00eddky<\/li>\n<li>L\u00e9ka\u0159sk\u00e1 souprava<\/li>\n<li>Doprovod kvalifikovan\u00e9ho anglicky mluv\u00edc\u00edho pr\u016fvodce<\/li>\n<li>Safari a v\u00fdlety podle programu safari d\u017e\u00edpem 4*4 s n\u00e1honem na v\u0161echna \u010dty\u0159i kola.<\/li>\n<li>Vstupn\u00e9 do n\u00e1rodn\u00edch park\u016f<\/li>\n<\/ul>\n<p><strong>Z\u00e1v\u011br:<\/strong><\/p>\n<ul>\n<li>Cestovn\u00ed pas. I kdy\u017e je Zanzibar sou\u010d\u00e1st\u00ed Tanzanie, v\u0161ichni proch\u00e1z\u00edme na leti\u0161ti pasovou kontrolou.<\/li>\n<li>Pohodln\u00e9 boty a oble\u010den\u00ed. \u041b<span class=\"fontstyle0\">lehk\u00e9 kalhoty, ko\u0161ile s dlouh\u00fdm ruk\u00e1vem, tri\u010dko, osobn\u00ed v\u011bci (do 5 kg).<\/span><\/li>\n<li>Bundu pro p\u0159\u00edpad de\u0161t\u011b nebo chladn\u00fdch ve\u010der\u016f.<\/li>\n<li>Foto-video za\u0159\u00edzen\u00ed. Nab\u00edjejte sv\u00e1 za\u0159\u00edzen\u00ed s dostate\u010dn\u00fdm p\u0159edstihem<\/li>\n<li>Rozm\u011b\u0148te si pen\u00edze na drobn\u00e9 bankovky. Ty se hod\u00ed na suven\u00fdry a na spropitn\u00e9 pro str\u00e1\u017ece. Doporu\u010den\u00e9 spropitn\u00e9 5$ na osobu<\/li>\n<li>Dopoledn\u00ed sva\u010dina (na recepci hotelu vysv\u011btlete, \u017ee brzy r\u00e1no odj\u00ed\u017ed\u00edte na v\u00fdlet a pot\u0159ebujete si p\u0159ipravit krabi\u010dku s ob\u011bdem, hotely tuto slu\u017ebu poskytuj\u00ed zdarma).<\/li>\n<li><span class=\"fontstyle0\">Slune\u010dn\u00ed br\u00fdle a panama, opalovac\u00ed kr\u00e9m<\/span><\/li>\n<li><span class=\"fontstyle0\">prost\u0159edky osobn\u00ed hygieny, osobn\u00ed l\u00e9k\u00e1rni\u010dka<\/span><\/li>\n<li><span class=\"fontstyle0\">Dezinfek\u010dn\u00ed gel na ruce<\/span><\/li>\n<\/ul>\n<p><strong>Podm\u00ednky rezervace:<\/strong><\/p>\n<ul>\n<li>\u041f\u0440\u0435\u0434\u043e\u043f\u043b\u0430\u0442\u0430 30% (\u0432\u043e\u0437\u043c\u043e\u0436\u043d\u0430 \u043e\u043f\u043b\u0430\u0442\u0430 \u043a\u0430\u0440\u0442\u043e\u0439 \u043e\u043d\u043b\u0430\u0439\u043d \u043f\u0435\u0440\u0435\u0432\u043e\u0434\u043e\u043c \u0438\u043b\u0438 \u043d\u0430\u043b\u0438\u0447\u043d\u044b\u043c\u0438). <strong>Z\u00e1loha se nevrac\u00ed.<\/strong><\/li>\n<\/ul>","protected":false},"excerpt":{"rendered":"<p><strong>Doba prohl\u00eddky:<\/strong> 2 dny<\/p>\n<p><strong>Dny zadr\u017een\u00ed:<\/strong> denn\u011b<\/p>","protected":false},"featured_media":18559,"template":"","meta":{"_kad_post_transparent":"default","_kad_post_title":"","_kad_post_layout":"default","_kad_post_sidebar_id":"","_kad_post_content_style":"default","_kad_post_vertical_padding":"default","_kad_post_feature":"","_kad_post_feature_position":"","_kad_post_header":false,"_kad_post_footer":false,"_kad_post_classname":"","_glsr_average":0,"_glsr_ranking":0,"_glsr_reviews":0},"product_brand":[],"product_cat":[468,469],"product_tag":[],"class_list":{"0":"post-17943","1":"product","2":"type-product","3":"status-publish","4":"has-post-thumbnail","6":"product_cat-zanzibar-safari","7":"product_cat-tours","8":"tm-has-options","10":"first","11":"instock","12":"sold-individually","13":"taxable","14":"shipping-taxable","15":"purchasable","16":"product-type-simple","17":"entry","18":"content-bg","19":"loop-entry"},"yoast_head":"<!-- This site is optimized with the Yoast SEO plugin v27.3 - https:\/\/yoast.com\/product\/yoast-seo-wordpress\/ -->\n<title>\u041c\u0438\u043a\u0443\u043c\u0438 2 \u0434\u043d\u044f (\u043f\u0440\u044f\u043c\u043e\u0439 \u043f\u0435\u0440\u0435\u043b\u0451\u0442) &#8226; \u042d\u043a\u0441\u043a\u0443\u0440\u0441\u0438\u0438 Skyline<\/title>\n<meta name=\"robots\" content=\"index, follow, max-snippet:-1, max-image-preview:large, max-video-preview:-1\" \/>\n<link rel=\"canonical\" href=\"https:\/\/skyline-gs.com\/cs\/produkt\/mikumi-2-dnya-2\/\" \/>\n<meta property=\"og:locale\" content=\"cs_CZ\" \/>\n<meta property=\"og:type\" content=\"article\" \/>\n<meta property=\"og:title\" content=\"\u041c\u0438\u043a\u0443\u043c\u0438 2 \u0434\u043d\u044f (\u043f\u0440\u044f\u043c\u043e\u0439 \u043f\u0435\u0440\u0435\u043b\u0451\u0442) &#8226; \u042d\u043a\u0441\u043a\u0443\u0440\u0441\u0438\u0438 Skyline\" \/>\n<meta property=\"og:description\" content=\"\u0412\u0440\u0435\u043c\u044f \u0442\u0443\u0440\u0430: 2 \u0434\u043d\u044f  \u0414\u043d\u0438 \u043f\u0440\u043e\u0432\u0435\u0434\u0435\u043d\u0438\u044f: \u0435\u0436\u0435\u0434\u043d\u0435\u0432\u043d\u043e\" \/>\n<meta property=\"og:url\" content=\"https:\/\/skyline-gs.com\/cs\/produkt\/mikumi-2-dnya-2\/\" \/>\n<meta property=\"og:site_name\" content=\"\u042d\u043a\u0441\u043a\u0443\u0440\u0441\u0438\u0438 Skyline\" \/>\n<meta property=\"article:modified_time\" content=\"2026-03-12T15:11:10+00:00\" \/>\n<meta property=\"og:image\" content=\"https:\/\/skyline-gs.com\/wp-content\/uploads\/2020\/12\/Mikumi-1-of-12-1.jpg\" \/>\n\t<meta property=\"og:image:width\" content=\"900\" \/>\n\t<meta property=\"og:image:height\" content=\"600\" \/>\n\t<meta property=\"og:image:type\" content=\"image\/jpeg\" \/>\n<meta name=\"twitter:card\" content=\"summary_large_image\" \/>\n<meta name=\"twitter:label1\" content=\"Odhadovan\u00e1 doba \u010dten\u00ed\" \/>\n\t<meta name=\"twitter:data1\" content=\"2 minuty\" \/>\n<script type=\"application\/ld+json\" class=\"yoast-schema-graph\">{\"@context\":\"https:\\\/\\\/schema.org\",\"@graph\":[{\"@type\":\"WebPage\",\"@id\":\"https:\\\/\\\/skyline-gs.com\\\/product\\\/mikumi-2-dnya-2\\\/\",\"url\":\"https:\\\/\\\/skyline-gs.com\\\/product\\\/mikumi-2-dnya-2\\\/\",\"name\":\"\u041c\u0438\u043a\u0443\u043c\u0438 2 \u0434\u043d\u044f (\u043f\u0440\u044f\u043c\u043e\u0439 \u043f\u0435\u0440\u0435\u043b\u0451\u0442) &#8226; \u042d\u043a\u0441\u043a\u0443\u0440\u0441\u0438\u0438 Skyline\",\"isPartOf\":{\"@id\":\"https:\\\/\\\/skyline-gs.com\\\/it\\\/#website\"},\"primaryImageOfPage\":{\"@id\":\"https:\\\/\\\/skyline-gs.com\\\/product\\\/mikumi-2-dnya-2\\\/#primaryimage\"},\"image\":{\"@id\":\"https:\\\/\\\/skyline-gs.com\\\/product\\\/mikumi-2-dnya-2\\\/#primaryimage\"},\"thumbnailUrl\":\"https:\\\/\\\/skyline-gs.com\\\/wp-content\\\/uploads\\\/2020\\\/12\\\/Mikumi-1-of-12-1.jpg\",\"datePublished\":\"2020-12-30T16:01:32+00:00\",\"dateModified\":\"2026-03-12T15:11:10+00:00\",\"breadcrumb\":{\"@id\":\"https:\\\/\\\/skyline-gs.com\\\/product\\\/mikumi-2-dnya-2\\\/#breadcrumb\"},\"inLanguage\":\"cs\",\"potentialAction\":[{\"@type\":\"ReadAction\",\"target\":[\"https:\\\/\\\/skyline-gs.com\\\/product\\\/mikumi-2-dnya-2\\\/\"]}]},{\"@type\":\"ImageObject\",\"inLanguage\":\"cs\",\"@id\":\"https:\\\/\\\/skyline-gs.com\\\/product\\\/mikumi-2-dnya-2\\\/#primaryimage\",\"url\":\"https:\\\/\\\/skyline-gs.com\\\/wp-content\\\/uploads\\\/2020\\\/12\\\/Mikumi-1-of-12-1.jpg\",\"contentUrl\":\"https:\\\/\\\/skyline-gs.com\\\/wp-content\\\/uploads\\\/2020\\\/12\\\/Mikumi-1-of-12-1.jpg\",\"width\":900,\"height\":600},{\"@type\":\"BreadcrumbList\",\"@id\":\"https:\\\/\\\/skyline-gs.com\\\/product\\\/mikumi-2-dnya-2\\\/#breadcrumb\",\"itemListElement\":[{\"@type\":\"ListItem\",\"position\":1,\"name\":\"\u0413\u043b\u0430\u0432\u043d\u0430\u044f \u0441\u0442\u0440\u0430\u043d\u0438\u0446\u0430\",\"item\":\"https:\\\/\\\/skyline-gs.com\\\/hu\\\/\"},{\"@type\":\"ListItem\",\"position\":2,\"name\":\"\u041c\u0430\u0433\u0430\u0437\u0438\u043d\",\"item\":\"https:\\\/\\\/skyline-gs.com\\\/cs\\\/shop\\\/\"},{\"@type\":\"ListItem\",\"position\":3,\"name\":\"\u041c\u0438\u043a\u0443\u043c\u0438 2 \u0434\u043d\u044f (\u043f\u0440\u044f\u043c\u043e\u0439 \u043f\u0435\u0440\u0435\u043b\u0451\u0442)\"}]},{\"@type\":\"WebSite\",\"@id\":\"https:\\\/\\\/skyline-gs.com\\\/it\\\/#website\",\"url\":\"https:\\\/\\\/skyline-gs.com\\\/it\\\/\",\"name\":\"\u042d\u043a\u0441\u043a\u0443\u0440\u0441\u0438\u0438 Skyline\",\"description\":\"\u042d\u043a\u0441\u043a\u043b\u044e\u0437\u0438\u0432\u043d\u044b\u0435 \u044d\u043a\u0441\u043a\u0443\u0440\u0441\u0438\u0438 \u043d\u0430 \u043b\u0443\u0447\u0448\u0438\u0445 \u043a\u0443\u0440\u043e\u0440\u0442\u0430\u0445 \u043c\u0438\u0440\u0430\",\"publisher\":{\"@id\":\"https:\\\/\\\/skyline-gs.com\\\/it\\\/#organization\"},\"alternateName\":\"Skyline\",\"potentialAction\":[{\"@type\":\"SearchAction\",\"target\":{\"@type\":\"EntryPoint\",\"urlTemplate\":\"https:\\\/\\\/skyline-gs.com\\\/it\\\/?s={search_term_string}\"},\"query-input\":{\"@type\":\"PropertyValueSpecification\",\"valueRequired\":true,\"valueName\":\"search_term_string\"}}],\"inLanguage\":\"cs\"},{\"@type\":\"Organization\",\"@id\":\"https:\\\/\\\/skyline-gs.com\\\/it\\\/#organization\",\"name\":\"\u042d\u043a\u0441\u043a\u0443\u0440\u0441\u0438\u0438 Skyline\",\"alternateName\":\"\u042d\u043a\u0441\u043a\u0443\u0440\u0441\u0438\u0438 Skyline\",\"url\":\"https:\\\/\\\/skyline-gs.com\\\/it\\\/\",\"logo\":{\"@type\":\"ImageObject\",\"inLanguage\":\"cs\",\"@id\":\"https:\\\/\\\/skyline-gs.com\\\/it\\\/#\\\/schema\\\/logo\\\/image\\\/\",\"url\":\"https:\\\/\\\/skyline-gs.com\\\/wp-content\\\/uploads\\\/2020\\\/12\\\/cropped-logo-2.png\",\"contentUrl\":\"https:\\\/\\\/skyline-gs.com\\\/wp-content\\\/uploads\\\/2020\\\/12\\\/cropped-logo-2.png\",\"width\":512,\"height\":512,\"caption\":\"\u042d\u043a\u0441\u043a\u0443\u0440\u0441\u0438\u0438 Skyline\"},\"image\":{\"@id\":\"https:\\\/\\\/skyline-gs.com\\\/it\\\/#\\\/schema\\\/logo\\\/image\\\/\"},\"sameAs\":[\"https:\\\/\\\/www.instagram.com\\\/skylineglobalservice\\\/\"]}]}<\/script>\n<!-- \/ Yoast SEO plugin. -->","yoast_head_json":{"title":"\u041c\u0438\u043a\u0443\u043c\u0438 2 \u0434\u043d\u044f (\u043f\u0440\u044f\u043c\u043e\u0439 \u043f\u0435\u0440\u0435\u043b\u0451\u0442) &#8226; \u042d\u043a\u0441\u043a\u0443\u0440\u0441\u0438\u0438 Skyline","robots":{"index":"index","follow":"follow","max-snippet":"max-snippet:-1","max-image-preview":"max-image-preview:large","max-video-preview":"max-video-preview:-1"},"canonical":"https:\/\/skyline-gs.com\/cs\/produkt\/mikumi-2-dnya-2\/","og_locale":"cs_CZ","og_type":"article","og_title":"\u041c\u0438\u043a\u0443\u043c\u0438 2 \u0434\u043d\u044f (\u043f\u0440\u044f\u043c\u043e\u0439 \u043f\u0435\u0440\u0435\u043b\u0451\u0442) &#8226; \u042d\u043a\u0441\u043a\u0443\u0440\u0441\u0438\u0438 Skyline","og_description":"\u0412\u0440\u0435\u043c\u044f \u0442\u0443\u0440\u0430: 2 \u0434\u043d\u044f  \u0414\u043d\u0438 \u043f\u0440\u043e\u0432\u0435\u0434\u0435\u043d\u0438\u044f: \u0435\u0436\u0435\u0434\u043d\u0435\u0432\u043d\u043e","og_url":"https:\/\/skyline-gs.com\/cs\/produkt\/mikumi-2-dnya-2\/","og_site_name":"\u042d\u043a\u0441\u043a\u0443\u0440\u0441\u0438\u0438 Skyline","article_modified_time":"2026-03-12T15:11:10+00:00","og_image":[{"width":900,"height":600,"url":"https:\/\/skyline-gs.com\/wp-content\/uploads\/2020\/12\/Mikumi-1-of-12-1.jpg","type":"image\/jpeg"}],"twitter_card":"summary_large_image","twitter_misc":{"Odhadovan\u00e1 doba \u010dten\u00ed":"2 minuty"},"schema":{"@context":"https:\/\/schema.org","@graph":[{"@type":"WebPage","@id":"https:\/\/skyline-gs.com\/product\/mikumi-2-dnya-2\/","url":"https:\/\/skyline-gs.com\/product\/mikumi-2-dnya-2\/","name":"\u041c\u0438\u043a\u0443\u043c\u0438 2 \u0434\u043d\u044f (\u043f\u0440\u044f\u043c\u043e\u0439 \u043f\u0435\u0440\u0435\u043b\u0451\u0442) &#8226; \u042d\u043a\u0441\u043a\u0443\u0440\u0441\u0438\u0438 Skyline","isPartOf":{"@id":"https:\/\/skyline-gs.com\/it\/#website"},"primaryImageOfPage":{"@id":"https:\/\/skyline-gs.com\/product\/mikumi-2-dnya-2\/#primaryimage"},"image":{"@id":"https:\/\/skyline-gs.com\/product\/mikumi-2-dnya-2\/#primaryimage"},"thumbnailUrl":"https:\/\/skyline-gs.com\/wp-content\/uploads\/2020\/12\/Mikumi-1-of-12-1.jpg","datePublished":"2020-12-30T16:01:32+00:00","dateModified":"2026-03-12T15:11:10+00:00","breadcrumb":{"@id":"https:\/\/skyline-gs.com\/product\/mikumi-2-dnya-2\/#breadcrumb"},"inLanguage":"cs","potentialAction":[{"@type":"ReadAction","target":["https:\/\/skyline-gs.com\/product\/mikumi-2-dnya-2\/"]}]},{"@type":"ImageObject","inLanguage":"cs","@id":"https:\/\/skyline-gs.com\/product\/mikumi-2-dnya-2\/#primaryimage","url":"https:\/\/skyline-gs.com\/wp-content\/uploads\/2020\/12\/Mikumi-1-of-12-1.jpg","contentUrl":"https:\/\/skyline-gs.com\/wp-content\/uploads\/2020\/12\/Mikumi-1-of-12-1.jpg","width":900,"height":600},{"@type":"BreadcrumbList","@id":"https:\/\/skyline-gs.com\/product\/mikumi-2-dnya-2\/#breadcrumb","itemListElement":[{"@type":"ListItem","position":1,"name":"\u0413\u043b\u0430\u0432\u043d\u0430\u044f \u0441\u0442\u0440\u0430\u043d\u0438\u0446\u0430","item":"https:\/\/skyline-gs.com\/hu\/"},{"@type":"ListItem","position":2,"name":"\u041c\u0430\u0433\u0430\u0437\u0438\u043d","item":"https:\/\/skyline-gs.com\/cs\/shop\/"},{"@type":"ListItem","position":3,"name":"\u041c\u0438\u043a\u0443\u043c\u0438 2 \u0434\u043d\u044f (\u043f\u0440\u044f\u043c\u043e\u0439 \u043f\u0435\u0440\u0435\u043b\u0451\u0442)"}]},{"@type":"WebSite","@id":"https:\/\/skyline-gs.com\/it\/#website","url":"https:\/\/skyline-gs.com\/it\/","name":"Skyline V\u00fdlety","description":"Exkluzivn\u00ed v\u00fdlety do nejlep\u0161\u00edch sv\u011btov\u00fdch letovisek","publisher":{"@id":"https:\/\/skyline-gs.com\/it\/#organization"},"alternateName":"Skyline","potentialAction":[{"@type":"SearchAction","target":{"@type":"EntryPoint","urlTemplate":"https:\/\/skyline-gs.com\/it\/?s={search_term_string}"},"query-input":{"@type":"PropertyValueSpecification","valueRequired":true,"valueName":"search_term_string"}}],"inLanguage":"cs"},{"@type":"Organization","@id":"https:\/\/skyline-gs.com\/it\/#organization","name":"Skyline V\u00fdlety","alternateName":"\u042d\u043a\u0441\u043a\u0443\u0440\u0441\u0438\u0438 Skyline","url":"https:\/\/skyline-gs.com\/it\/","logo":{"@type":"ImageObject","inLanguage":"cs","@id":"https:\/\/skyline-gs.com\/it\/#\/schema\/logo\/image\/","url":"https:\/\/skyline-gs.com\/wp-content\/uploads\/2020\/12\/cropped-logo-2.png","contentUrl":"https:\/\/skyline-gs.com\/wp-content\/uploads\/2020\/12\/cropped-logo-2.png","width":512,"height":512,"caption":"\u042d\u043a\u0441\u043a\u0443\u0440\u0441\u0438\u0438 Skyline"},"image":{"@id":"https:\/\/skyline-gs.com\/it\/#\/schema\/logo\/image\/"},"sameAs":["https:\/\/www.instagram.com\/skylineglobalservice\/"]}]}},"_links":{"self":[{"href":"https:\/\/skyline-gs.com\/cs\/wp-json\/wp\/v2\/product\/17943","targetHints":{"allow":["GET"]}}],"collection":[{"href":"https:\/\/skyline-gs.com\/cs\/wp-json\/wp\/v2\/product"}],"about":[{"href":"https:\/\/skyline-gs.com\/cs\/wp-json\/wp\/v2\/types\/product"}],"version-history":[{"count":0,"href":"https:\/\/skyline-gs.com\/cs\/wp-json\/wp\/v2\/product\/17943\/revisions"}],"wp:featuredmedia":[{"embeddable":true,"href":"https:\/\/skyline-gs.com\/cs\/wp-json\/wp\/v2\/media\/18559"}],"wp:attachment":[{"href":"https:\/\/skyline-gs.com\/cs\/wp-json\/wp\/v2\/media?parent=17943"}],"wp:term":[{"taxonomy":"product_brand","embeddable":true,"href":"https:\/\/skyline-gs.com\/cs\/wp-json\/wp\/v2\/product_brand?post=17943"},{"taxonomy":"product_cat","embeddable":true,"href":"https:\/\/skyline-gs.com\/cs\/wp-json\/wp\/v2\/product_cat?post=17943"},{"taxonomy":"product_tag","embeddable":true,"href":"https:\/\/skyline-gs.com\/cs\/wp-json\/wp\/v2\/product_tag?post=17943"}],"curies":[{"name":"wp","href":"https:\/\/api.w.org\/{rel}","templated":true}]}}